{"id":3,"date":"2025-02-18T15:29:53","date_gmt":"2025-02-18T14:29:53","guid":{"rendered":"https:\/\/dev.causses-gorgesaveyron.com\/?page_id=3"},"modified":"2025-10-23T17:51:03","modified_gmt":"2025-10-23T15:51:03","slug":"privacy-policy","status":"publish","type":"page","link":"https:\/\/causses-gorgesaveyron.com\/en\/politique-de-confidentialite\/","title":{"rendered":"Privacy Policy"},"content":{"rendered":"<div data-elementor-type=\"wp-page\" data-elementor-id=\"3\" class=\"elementor elementor-3\" data-elementor-post-type=\"page\">\n\t\t\t\t<div class=\"elementor-element elementor-element-51925c2 e-con-full e-flex e-con e-parent\" data-id=\"51925c2\" data-element_type=\"container\" data-e-type=\"container\">\n\t\t<div class=\"elementor-element elementor-element-48dd47a e-con-full e-flex e-con e-child\" data-id=\"48dd47a\" data-element_type=\"container\" data-e-type=\"container\" data-settings=\"{&quot;background_background&quot;:&quot;classic&quot;}\">\n\t\t\t\t<div class=\"elementor-element elementor-element-d25f381 elementor-widget elementor-widget-heading\" data-id=\"d25f381\" data-element_type=\"widget\" data-e-type=\"widget\" data-widget_type=\"heading.default\">\n\t\t\t\t<div class=\"elementor-widget-container\">\n\t\t\t\t\t<h1 class=\"elementor-heading-title elementor-size-default\">Privacy Policy<\/h1>\t\t\t\t<\/div>\n\t\t\t\t<\/div>\n\t\t\t\t<\/div>\n\t\t\t\t<\/div>\n\t\t<div class=\"elementor-element elementor-element-4332445 e-flex e-con-boxed e-con e-parent\" data-id=\"4332445\" data-element_type=\"container\" data-e-type=\"container\">\n\t\t\t\t\t<div class=\"e-con-inner\">\n\t\t<div class=\"elementor-element elementor-element-95aff7d e-con-full e-flex e-con e-child\" data-id=\"95aff7d\" data-element_type=\"container\" data-e-type=\"container\">\n\t\t\t\t<div class=\"elementor-element elementor-element-2dbb1c64 elementor-widget elementor-widget-text-editor\" data-id=\"2dbb1c64\" data-element_type=\"widget\" data-e-type=\"widget\" data-widget_type=\"text-editor.default\">\n\t\t\t\t<div class=\"elementor-widget-container\">\n\t\t\t\t\t\t\t\t\t<h3><b>1. Data controller<\/b><\/h3><p><span style=\"font-weight: 400;\">Tourist Office<\/span><span style=\"font-weight: 400;\"><br \/><\/span><span style=\"font-weight: 400;\"> Establishment Quercy Rouergue et des Gorges de l'Aveyron (CCQRG)<\/span><span style=\"font-weight: 400;\"><br \/><\/span><span style=\"font-weight: 400;\"> Place de la Mairie, 82140 Saint-Antonin-Noble-Val<\/span><span style=\"font-weight: 400;\"><br \/><\/span><span style=\"font-weight: 400;\"> SIRET : 24820010700014<\/span><span style=\"font-weight: 400;\"><br \/><\/span><span style=\"font-weight: 400;\"> Telephone: 05 63 30 63 47<\/span><span style=\"font-weight: 400;\"><br \/><\/span><span style=\"font-weight: 400;\"> E-mail: communication@cc-qrga.fr<\/span><\/p><p><span style=\"font-weight: 400;\">The person responsible for processing personal data is Francis Khattou.<\/span><\/p><h3><b>2. Collected data<\/b><\/h3><p><span style=\"font-weight: 400;\">The site may collect personal data via :<\/span><\/p><ul><li style=\"font-weight: 400;\" aria-level=\"1\"><span style=\"font-weight: 400;\">Contact forms (last name, first name, e-mail address, telephone, free message)<\/span><\/li><li style=\"font-weight: 400;\" aria-level=\"1\"><span style=\"font-weight: 400;\">Newsletter subscriptions (e-mail address)<\/span><\/li><li style=\"font-weight: 400;\" aria-level=\"1\"><span style=\"font-weight: 400;\">Site traffic statistics (anonymized technical data)<\/span><\/li><li style=\"font-weight: 400;\" aria-level=\"1\"><span style=\"font-weight: 400;\">Cookies required for site operation and, where applicable, audience measurement.<\/span><\/li><\/ul><p><span style=\"font-weight: 400;\">No sensitive data is collected.<\/span><\/p><h3><b>3. Purpose of collection<\/b><\/h3><p><span style=\"font-weight: 400;\">The data collected is used for :<\/span><\/p><ul><li style=\"font-weight: 400;\" aria-level=\"1\"><span style=\"font-weight: 400;\">Responding to customer requests<\/span><\/li><li style=\"font-weight: 400;\" aria-level=\"1\"><span style=\"font-weight: 400;\">Send tourist or practical information about the region<\/span><\/li><li style=\"font-weight: 400;\" aria-level=\"1\"><span style=\"font-weight: 400;\">Manage registrations for events and activities<\/span><\/li><li style=\"font-weight: 400;\" aria-level=\"1\"><span style=\"font-weight: 400;\">Ensure administrative and statistical follow-up of requests<\/span><\/li><li style=\"font-weight: 400;\" aria-level=\"1\"><span style=\"font-weight: 400;\">To improve browsing and the services offered via visitor analysis<\/span><\/li><\/ul><p><span style=\"font-weight: 400;\">No data is sold or passed on to unauthorized third parties.<\/span><\/p><h3><b>4. Legal basis<\/b><\/h3><p><span style=\"font-weight: 400;\">Treatments are based on :<\/span><\/p><ul><li style=\"font-weight: 400;\" aria-level=\"1\"><span style=\"font-weight: 400;\">User consent (forms, newsletter, optional cookies)<\/span><\/li><li style=\"font-weight: 400;\" aria-level=\"1\"><span style=\"font-weight: 400;\">The community's legitimate interest in responding to requests for information<\/span><\/li><li style=\"font-weight: 400;\" aria-level=\"1\"><span style=\"font-weight: 400;\">Compliance with legal obligations.<\/span><\/li><\/ul><h3><b>5. Shelf life<\/b><\/h3><ul><li style=\"font-weight: 400;\" aria-level=\"1\"><span style=\"font-weight: 400;\">Contact form data: 3 years from last exchange<\/span><\/li><li style=\"font-weight: 400;\" aria-level=\"1\"><span style=\"font-weight: 400;\">Newsletter data: until the user unsubscribes<\/span><\/li><li style=\"font-weight: 400;\" aria-level=\"1\"><span style=\"font-weight: 400;\">Anonymized technical data: duration required for audience measurement<\/span><\/li><\/ul><h3><b>6. Personal rights<\/b><\/h3><p><span style=\"font-weight: 400;\">In accordance with the General Data Protection Regulation (GDPR), you have the following rights:<\/span><\/p><ul><li style=\"font-weight: 400;\" aria-level=\"1\"><span style=\"font-weight: 400;\">Right of access, rectification and deletion of your data<\/span><\/li><li style=\"font-weight: 400;\" aria-level=\"1\"><span style=\"font-weight: 400;\">Right to object to and limit processing<\/span><\/li><li style=\"font-weight: 400;\" aria-level=\"1\"><span style=\"font-weight: 400;\">Right to data portability<\/span><\/li><\/ul><p><span style=\"font-weight: 400;\">To exercise these rights, please contact :<\/span><span style=\"font-weight: 400;\"><br \/><\/span><span style=\"font-weight: 400;\"> communication@cc-qrga.fr<\/span><\/p><p><span style=\"font-weight: 400;\">You also have the right to lodge a complaint with the <\/span><b>CNIL<\/b><span style=\"font-weight: 400;\"> : www.cnil.fr<\/span><\/p><h3><b>7. Cookies<\/b><\/h3><p><span style=\"font-weight: 400;\">The site uses cookies necessary for its proper operation. Some cookies may be used for audience measurement.<\/span><span style=\"font-weight: 400;\"><br \/><\/span><span style=\"font-weight: 400;\"> An information banner allows the user to accept or refuse the use of non-essential cookies.<\/span><span style=\"font-weight: 400;\"><br \/><\/span><span style=\"font-weight: 400;\"> Users can also configure their browsers to block or delete cookies.<\/span><\/p><h3><b>8. Security<\/b><\/h3><p><span style=\"font-weight: 400;\">Technical and organizational measures are implemented to protect personal data against loss, unauthorized access or disclosure.<\/span><\/p><h3><b>9. Policy modification<\/b><\/h3><p><span style=\"font-weight: 400;\">This privacy policy may be updated at any time to take account of legal or technical developments.<\/span><\/p>\t\t\t\t\t\t\t\t<\/div>\n\t\t\t\t<\/div>\n\t\t\t\t<\/div>\n\t\t\t\t\t<\/div>\n\t\t\t\t<\/div>\n\t\t\t\t<\/div>","protected":false},"excerpt":{"rendered":"<p>Politique de confidentialit\u00e9 1. Responsable du traitement Office de Tourisme \u00c9tablissement Quercy Rouergue et des Gorges de l\u2019Aveyron (CCQRG) Place de la Mairie, 82140 Saint-Antonin-Noble-Val SIRET : 24820010700014 T\u00e9l\u00e9phone : 05 63 30 63 47 E-mail : communication@cc-qrga.fr Le responsable du traitement des donn\u00e9es \u00e0 caract\u00e8re personnel est Francis Khattou. 2. Donn\u00e9es collect\u00e9es Le site [&hellip;]<\/p>\n","protected":false},"author":1,"featured_media":0,"parent":0,"menu_order":0,"comment_status":"closed","ping_status":"open","template":"","meta":{"om_disable_all_campaigns":false,"_monsterinsights_skip_tracking":false,"_monsterinsights_sitenote_active":false,"_monsterinsights_sitenote_note":"","_monsterinsights_sitenote_category":0,"footnotes":""},"class_list":["post-3","page","type-page","status-publish","hentry"],"aioseo_notices":[],"_links":{"self":[{"href":"https:\/\/causses-gorgesaveyron.com\/en\/wp-json\/wp\/v2\/pages\/3","targetHints":{"allow":["GET"]}}],"collection":[{"href":"https:\/\/causses-gorgesaveyron.com\/en\/wp-json\/wp\/v2\/pages"}],"about":[{"href":"https:\/\/causses-gorgesaveyron.com\/en\/wp-json\/wp\/v2\/types\/page"}],"author":[{"embeddable":true,"href":"https:\/\/causses-gorgesaveyron.com\/en\/wp-json\/wp\/v2\/users\/1"}],"replies":[{"embeddable":true,"href":"https:\/\/causses-gorgesaveyron.com\/en\/wp-json\/wp\/v2\/comments?post=3"}],"version-history":[{"count":21,"href":"https:\/\/causses-gorgesaveyron.com\/en\/wp-json\/wp\/v2\/pages\/3\/revisions"}],"predecessor-version":[{"id":7950,"href":"https:\/\/causses-gorgesaveyron.com\/en\/wp-json\/wp\/v2\/pages\/3\/revisions\/7950"}],"wp:attachment":[{"href":"https:\/\/causses-gorgesaveyron.com\/en\/wp-json\/wp\/v2\/media?parent=3"}],"curies":[{"name":"wp","href":"https:\/\/api.w.org\/{rel}","templated":true}]}}