{"id":6823,"date":"2025-08-26T11:16:40","date_gmt":"2025-08-26T09:16:40","guid":{"rendered":"https:\/\/dev.causses-gorgesaveyron.com\/?page_id=6823"},"modified":"2025-10-22T14:48:46","modified_gmt":"2025-10-22T12:48:46","slug":"tourist-tax","status":"publish","type":"page","link":"https:\/\/causses-gorgesaveyron.com\/en\/espace-pro\/taxe-de-sejour\/","title":{"rendered":"Tourist tax"},"content":{"rendered":"<div data-elementor-type=\"wp-page\" data-elementor-id=\"6823\" class=\"elementor elementor-6823\" data-elementor-post-type=\"page\">\n\t\t\t\t<div class=\"elementor-element elementor-element-380b59f e-flex e-con-boxed e-con e-child\" data-id=\"380b59f\" data-element_type=\"container\" data-e-type=\"container\" data-settings=\"{&quot;background_background&quot;:&quot;classic&quot;}\">\n\t\t\t\t\t<div class=\"e-con-inner\">\n\t\t\t\t<div class=\"elementor-element elementor-element-dbea938 elementor-widget elementor-widget-heading\" data-id=\"dbea938\" data-element_type=\"widget\" data-e-type=\"widget\" data-widget_type=\"heading.default\">\n\t\t\t\t<div class=\"elementor-widget-container\">\n\t\t\t\t\t<h1 class=\"elementor-heading-title elementor-size-default\">Tourist tax<\/h1>\t\t\t\t<\/div>\n\t\t\t\t<\/div>\n\t\t\t\t<div class=\"elementor-element elementor-element-faa83e3 elementor-widget elementor-widget-heading\" data-id=\"faa83e3\" data-element_type=\"widget\" data-e-type=\"widget\" data-widget_type=\"heading.default\">\n\t\t\t\t<div class=\"elementor-widget-container\">\n\t\t\t\t\t<h2 class=\"elementor-heading-title elementor-size-default\">information - declaration<\/h2>\t\t\t\t<\/div>\n\t\t\t\t<\/div>\n\t\t\t\t<div class=\"elementor-element elementor-element-b55f492 elementor-widget elementor-widget-wp-widget-aioseo-breadcrumb-widget\" data-id=\"b55f492\" data-element_type=\"widget\" data-e-type=\"widget\" data-widget_type=\"wp-widget-aioseo-breadcrumb-widget.default\">\n\t\t\t\t<div class=\"elementor-widget-container\">\n\t\t\t\t\t<div class=\"aioseo-breadcrumbs\"><span class=\"aioseo-breadcrumb\">\n\t\t\tHome\n\t\t<\/span><\/div>\t\t\t\t<\/div>\n\t\t\t\t<\/div>\n\t\t\t\t\t<\/div>\n\t\t\t\t<\/div>\n\t\t\t\t<section class=\"elementor-section elementor-top-section elementor-element elementor-element-8142d92 elementor-section-stretched elementor-section-boxed elementor-section-height-default elementor-section-height-default\" data-id=\"8142d92\" data-element_type=\"section\" data-e-type=\"section\" data-settings=\"{&quot;stretch_section&quot;:&quot;section-stretched&quot;,&quot;background_background&quot;:&quot;classic&quot;}\">\n\t\t\t\t\t\t<div class=\"elementor-container elementor-column-gap-no\">\n\t\t\t\t\t<div class=\"elementor-column elementor-col-100 elementor-top-column elementor-element elementor-element-337de66\" data-id=\"337de66\" data-element_type=\"column\" data-e-type=\"column\">\n\t\t\t<div class=\"elementor-widget-wrap elementor-element-populated\">\n\t\t\t\t\t\t<section class=\"elementor-section elementor-inner-section elementor-element elementor-element-b6e77a0 elementor-section-content-middle elementor-section-boxed elementor-section-height-default elementor-section-height-default\" data-id=\"b6e77a0\" data-element_type=\"section\" data-e-type=\"section\">\n\t\t\t\t\t\t<div class=\"elementor-container elementor-column-gap-no\">\n\t\t\t\t\t<div class=\"elementor-column elementor-col-50 elementor-inner-column elementor-element elementor-element-0dae7d1\" data-id=\"0dae7d1\" data-element_type=\"column\" data-e-type=\"column\">\n\t\t\t<div class=\"elementor-widget-wrap elementor-element-populated\">\n\t\t\t\t\t\t<div class=\"elementor-element elementor-element-17fcc55 elementor-widget elementor-widget-heading\" data-id=\"17fcc55\" data-element_type=\"widget\" data-e-type=\"widget\" data-widget_type=\"heading.default\">\n\t\t\t\t<div class=\"elementor-widget-container\">\n\t\t\t\t\t<h3 class=\"elementor-heading-title elementor-size-default\">To listen to<\/h3>\t\t\t\t<\/div>\n\t\t\t\t<\/div>\n\t\t\t\t<div class=\"elementor-element elementor-element-705a88d elementor-widget elementor-widget-heading\" data-id=\"705a88d\" data-element_type=\"widget\" data-e-type=\"widget\" data-widget_type=\"heading.default\">\n\t\t\t\t<div class=\"elementor-widget-container\">\n\t\t\t\t\t<h2 class=\"elementor-heading-title elementor-size-default\">Tourist tax<\/h2>\t\t\t\t<\/div>\n\t\t\t\t<\/div>\n\t\t\t\t<div class=\"elementor-element elementor-element-aaf75d9 elementor-widget-divider--view-line elementor-widget elementor-widget-divider\" data-id=\"aaf75d9\" data-element_type=\"widget\" data-e-type=\"widget\" data-widget_type=\"divider.default\">\n\t\t\t\t<div class=\"elementor-widget-container\">\n\t\t\t\t\t\t\t<div class=\"elementor-divider\">\n\t\t\t<span class=\"elementor-divider-separator\">\n\t\t\t\t\t\t<\/span>\n\t\t<\/div>\n\t\t\t\t\t\t<\/div>\n\t\t\t\t<\/div>\n\t\t\t\t\t<\/div>\n\t\t<\/div>\n\t\t\t\t<div class=\"elementor-column elementor-col-50 elementor-inner-column elementor-element elementor-element-74b3815\" data-id=\"74b3815\" data-element_type=\"column\" data-e-type=\"column\">\n\t\t\t<div class=\"elementor-widget-wrap elementor-element-populated\">\n\t\t\t\t\t\t<div class=\"elementor-element elementor-element-5118671 elementor-widget elementor-widget-text-editor\" data-id=\"5118671\" data-element_type=\"widget\" data-e-type=\"widget\" data-widget_type=\"text-editor.default\">\n\t\t\t\t<div class=\"elementor-widget-container\">\n\t\t\t\t\t\t\t\t\t<p>The taxe de s\u00e9jour (tourist tax) applies to all persons accommodated for remuneration who are not domiciled in the commune. It is payable by guests of legal age. Its aim is to ensure that local taxpayers do not bear the full cost of tourism. Revenues from the taxe de s\u00e9jour are allocated in their entirety to the promotion of tourism by the local authority collecting the tax (Article L. 2333-27 of the CGCT).<\/p>\t\t\t\t\t\t\t\t<\/div>\n\t\t\t\t<\/div>\n\t\t\t\t\t<\/div>\n\t\t<\/div>\n\t\t\t\t\t<\/div>\n\t\t<\/section>\n\t\t\t\t\t<\/div>\n\t\t<\/div>\n\t\t\t\t\t<\/div>\n\t\t<\/section>\n\t\t<div class=\"elementor-element elementor-element-4ffc023 e-flex e-con-boxed e-con e-parent\" data-id=\"4ffc023\" data-element_type=\"container\" data-e-type=\"container\">\n\t\t\t\t\t<div class=\"e-con-inner\">\n\t\t<div class=\"elementor-element elementor-element-656e7e1 e-con-full e-flex e-con e-child\" data-id=\"656e7e1\" data-element_type=\"container\" data-e-type=\"container\">\n\t\t\t\t<div class=\"elementor-element elementor-element-b59e953 elementor-align-center elementor-widget elementor-widget-winwood-button\" data-id=\"b59e953\" data-element_type=\"widget\" data-e-type=\"widget\" data-widget_type=\"winwood-button.default\">\n\t\t\t\t<div class=\"elementor-widget-container\">\n\t\t\t\t\t        <div class=\"elementor-button-wrapper\">\n            <a href=\"https:\/\/causses-gorgesaveyron.com\/wp-content\/uploads\/2020\/03\/Guide-de-la-teledeclaration-1.pdf\" target=\"_blank\" class=\"elementor-button-link elementor-button default\" role=\"button\">\n                1- Consult the declaration guide            <\/a>\n        <\/div>\n        \t\t\t\t<\/div>\n\t\t\t\t<\/div>\n\t\t\t\t<\/div>\n\t\t<div class=\"elementor-element elementor-element-04614a5 e-con-full e-flex e-con e-child\" data-id=\"04614a5\" data-element_type=\"container\" data-e-type=\"container\">\n\t\t\t\t<div class=\"elementor-element elementor-element-e378d96 elementor-align-center elementor-widget elementor-widget-winwood-button\" data-id=\"e378d96\" data-element_type=\"widget\" data-e-type=\"widget\" data-widget_type=\"winwood-button.default\">\n\t\t\t\t<div class=\"elementor-widget-container\">\n\t\t\t\t\t        <div class=\"elementor-button-wrapper\">\n            <a href=\"https:\/\/gorgesaveyron.taxesejour.fr\/\" target=\"_blank\" class=\"elementor-button-link elementor-button default\" role=\"button\">\n                2-Declare on the platform            <\/a>\n        <\/div>\n        \t\t\t\t<\/div>\n\t\t\t\t<\/div>\n\t\t\t\t<\/div>\n\t\t\t\t\t<\/div>\n\t\t\t\t<\/div>\n\t\t<div class=\"elementor-element elementor-element-0688a69 e-flex e-con-boxed e-con e-parent\" data-id=\"0688a69\" data-element_type=\"container\" data-e-type=\"container\">\n\t\t\t\t\t<div class=\"e-con-inner\">\n\t\t\t\t<div class=\"elementor-element elementor-element-c4fb14a elementor-widget elementor-widget-spacer\" data-id=\"c4fb14a\" data-element_type=\"widget\" data-e-type=\"widget\" data-widget_type=\"spacer.default\">\n\t\t\t\t<div class=\"elementor-widget-container\">\n\t\t\t\t\t\t\t<div class=\"elementor-spacer\">\n\t\t\t<div class=\"elementor-spacer-inner\"><\/div>\n\t\t<\/div>\n\t\t\t\t\t\t<\/div>\n\t\t\t\t<\/div>\n\t\t\t\t\t<\/div>\n\t\t\t\t<\/div>\n\t\t<div class=\"elementor-element elementor-element-b064755 e-flex e-con-boxed e-con e-parent\" data-id=\"b064755\" data-element_type=\"container\" data-e-type=\"container\">\n\t\t\t\t\t<div class=\"e-con-inner\">\n\t\t<div class=\"elementor-element elementor-element-1eccfe6 e-con-full e-flex e-con e-child\" data-id=\"1eccfe6\" data-element_type=\"container\" data-e-type=\"container\">\n\t\t\t\t<div class=\"elementor-element elementor-element-078cb2b elementor-widget elementor-widget-heading\" data-id=\"078cb2b\" data-element_type=\"widget\" data-e-type=\"widget\" data-widget_type=\"heading.default\">\n\t\t\t\t<div class=\"elementor-widget-container\">\n\t\t\t\t\t<h2 class=\"elementor-heading-title elementor-size-default\">Contact<\/h2>\t\t\t\t<\/div>\n\t\t\t\t<\/div>\n\t\t\t\t<div class=\"elementor-element elementor-element-303d062 elementor-widget-divider--view-line elementor-widget elementor-widget-divider\" data-id=\"303d062\" data-element_type=\"widget\" data-e-type=\"widget\" data-widget_type=\"divider.default\">\n\t\t\t\t<div class=\"elementor-widget-container\">\n\t\t\t\t\t\t\t<div class=\"elementor-divider\">\n\t\t\t<span class=\"elementor-divider-separator\">\n\t\t\t\t\t\t<\/span>\n\t\t<\/div>\n\t\t\t\t\t\t<\/div>\n\t\t\t\t<\/div>\n\t\t\t\t<\/div>\n\t\t<div class=\"elementor-element elementor-element-088e8d4 e-con-full e-flex e-con e-child\" data-id=\"088e8d4\" data-element_type=\"container\" data-e-type=\"container\">\n\t\t\t\t<div class=\"elementor-element elementor-element-10b6a3d elementor-widget elementor-widget-text-editor\" data-id=\"10b6a3d\" data-element_type=\"widget\" data-e-type=\"widget\" data-widget_type=\"text-editor.default\">\n\t\t\t\t<div class=\"elementor-widget-container\">\n\t\t\t\t\t\t\t\t\t<p><strong>Office de tourisme Causses et Gorges de l'Aveyron - Tourist tax representative<\/strong><\/p><p>Gauthier Pibre\u00a0<\/p><p>05 63 30 63 47 - tourisme.numerique@cc-qrga.fr<\/p><p>\u00a0<\/p><p><strong>ADT 82<\/strong><\/p><p>Fabienne Lang-Poivre<\/p><p>05 63 21 79 60 - fabienne.poivre@tourisme82.com<\/p><p><strong>G\u00eetes de France<\/strong><\/p><p>Monique Ferrero<\/p><p>0630616319 \u2013 05 63 03 84 06<\/p><p>accueil@gites-de-france-tarn-et-garonne.com<\/p><p><strong>Vacation key<\/strong><\/p><p>Elodie Recordier<\/p><p>06 10 79 55 14 - elodie.recordier@clevacances.com<\/p>\t\t\t\t\t\t\t\t<\/div>\n\t\t\t\t<\/div>\n\t\t\t\t<\/div>\n\t\t\t\t\t<\/div>\n\t\t\t\t<\/div>\n\t\t<div class=\"elementor-element elementor-element-015e3eb e-flex e-con-boxed e-con e-parent\" data-id=\"015e3eb\" data-element_type=\"container\" data-e-type=\"container\" data-settings=\"{&quot;background_background&quot;:&quot;classic&quot;}\">\n\t\t\t\t\t<div class=\"e-con-inner\">\n\t\t\t\t<div class=\"elementor-element elementor-element-e583393 elementor-widget elementor-widget-heading\" data-id=\"e583393\" data-element_type=\"widget\" data-e-type=\"widget\" data-widget_type=\"heading.default\">\n\t\t\t\t<div class=\"elementor-widget-container\">\n\t\t\t\t\t<h5 class=\"elementor-heading-title elementor-size-default\">don't miss a thing<\/h5>\t\t\t\t<\/div>\n\t\t\t\t<\/div>\n\t\t\t\t<div class=\"elementor-element elementor-element-eb3b041 elementor-widget__width-auto elementor-widget elementor-widget-heading\" data-id=\"eb3b041\" data-element_type=\"widget\" data-e-type=\"widget\" data-widget_type=\"heading.default\">\n\t\t\t\t<div class=\"elementor-widget-container\">\n\t\t\t\t\t<h2 class=\"elementor-heading-title elementor-size-default\">Make your voice heard<\/h2>\t\t\t\t<\/div>\n\t\t\t\t<\/div>\n\t\t\t\t<div class=\"elementor-element elementor-element-cc13078 elementor-widget elementor-widget-heading\" data-id=\"cc13078\" data-element_type=\"widget\" data-e-type=\"widget\" data-widget_type=\"heading.default\">\n\t\t\t\t<div class=\"elementor-widget-container\">\n\t\t\t\t\t<h3 class=\"elementor-heading-title elementor-size-default\">Come and tell your story<\/h3>\t\t\t\t<\/div>\n\t\t\t\t<\/div>\n\t\t\t\t<div class=\"elementor-element elementor-element-f2d873a elementor-widget elementor-widget-winwood-button\" data-id=\"f2d873a\" data-element_type=\"widget\" data-e-type=\"widget\" data-widget_type=\"winwood-button.default\">\n\t\t\t\t<div class=\"elementor-widget-container\">\n\t\t\t\t\t        <div class=\"elementor-button-wrapper\">\n            <a href=\"https:\/\/causses-gorgesaveyron.com\/en\/contact-us\/\" target=\"_blank\" class=\"elementor-button-link elementor-button default\" role=\"button\">\n                I would like to register            <\/a>\n        <\/div>\n        \t\t\t\t<\/div>\n\t\t\t\t<\/div>\n\t\t\t\t\t<\/div>\n\t\t\t\t<\/div>\n\t\t<div class=\"elementor-element elementor-element-7a2e643 e-flex e-con-boxed e-con e-parent\" data-id=\"7a2e643\" data-element_type=\"container\" data-e-type=\"container\" data-settings=\"{&quot;background_background&quot;:&quot;classic&quot;}\">\n\t\t\t\t\t<div class=\"e-con-inner\">\n\t\t\t\t<div class=\"elementor-element elementor-element-79cd6dc elementor-widget elementor-widget-heading\" data-id=\"79cd6dc\" data-element_type=\"widget\" data-e-type=\"widget\" data-widget_type=\"heading.default\">\n\t\t\t\t<div class=\"elementor-widget-container\">\n\t\t\t\t\t<h3 class=\"elementor-heading-title elementor-size-default\">Artists and craftsmen<\/h3>\t\t\t\t<\/div>\n\t\t\t\t<\/div>\n\t\t\t\t<div class=\"elementor-element elementor-element-f10843e elementor-widget elementor-widget-heading\" data-id=\"f10843e\" data-element_type=\"widget\" data-e-type=\"widget\" data-widget_type=\"heading.default\">\n\t\t\t\t<div class=\"elementor-widget-container\">\n\t\t\t\t\t<h2 class=\"elementor-heading-title elementor-size-default\">Want to discover our talents?<\/h2>\t\t\t\t<\/div>\n\t\t\t\t<\/div>\n\t\t\t\t<div class=\"elementor-element elementor-element-c4b35c9 elementor-button-primary elementor-align-center elementor-widget elementor-widget-button\" data-id=\"c4b35c9\" data-element_type=\"widget\" data-e-type=\"widget\" data-widget_type=\"button.default\">\n\t\t\t\t<div class=\"elementor-widget-container\">\n\t\t\t\t\t        <div class=\"elementor-button-wrapper\">\n            <a href=\"https:\/\/causses-gorgesaveyron.com\/en\/artists-and-craftsmen\/\" class=\"elementor-button-link elementor-button elementor-size-lg\" role=\"button\">\n                        <span class=\"elementor-button-content-wrapper\">\n\t\t\t            <span class=\"elementor-button-text\">here we go<\/span>\n\t\t<\/span>\n                    <\/a>\n        <\/div>\n        \t\t\t\t<\/div>\n\t\t\t\t<\/div>\n\t\t\t\t\t<\/div>\n\t\t\t\t<\/div>\n\t\t\t\t<\/div>","protected":false},"excerpt":{"rendered":"<p>Taxe de s\u00e9jour informations &#8211; d\u00e9claration \u00c0 \u00e9couter Taxe de s\u00e9jour La taxe de s\u00e9jour s\u2019applique \u00e0 toute personne h\u00e9berg\u00e9e \u00e0 titre on\u00e9reux qui n\u2019est pas domicili\u00e9e dans la commune. Elle est due par les clients majeurs. Elle a pour objectif de ne pas faire supporter au seul contribuable local les frais li\u00e9s au tourisme. [&hellip;]<\/p>\n","protected":false},"author":6,"featured_media":0,"parent":6422,"menu_order":0,"comment_status":"closed","ping_status":"closed","template":"","meta":{"om_disable_all_campaigns":false,"_monsterinsights_skip_tracking":false,"_monsterinsights_sitenote_active":false,"_monsterinsights_sitenote_note":"","_monsterinsights_sitenote_category":0,"footnotes":""},"class_list":["post-6823","page","type-page","status-publish","hentry"],"aioseo_notices":[],"_links":{"self":[{"href":"https:\/\/causses-gorgesaveyron.com\/en\/wp-json\/wp\/v2\/pages\/6823","targetHints":{"allow":["GET"]}}],"collection":[{"href":"https:\/\/causses-gorgesaveyron.com\/en\/wp-json\/wp\/v2\/pages"}],"about":[{"href":"https:\/\/causses-gorgesaveyron.com\/en\/wp-json\/wp\/v2\/types\/page"}],"author":[{"embeddable":true,"href":"https:\/\/causses-gorgesaveyron.com\/en\/wp-json\/wp\/v2\/users\/6"}],"replies":[{"embeddable":true,"href":"https:\/\/causses-gorgesaveyron.com\/en\/wp-json\/wp\/v2\/comments?post=6823"}],"version-history":[{"count":23,"href":"https:\/\/causses-gorgesaveyron.com\/en\/wp-json\/wp\/v2\/pages\/6823\/revisions"}],"predecessor-version":[{"id":7858,"href":"https:\/\/causses-gorgesaveyron.com\/en\/wp-json\/wp\/v2\/pages\/6823\/revisions\/7858"}],"up":[{"embeddable":true,"href":"https:\/\/causses-gorgesaveyron.com\/en\/wp-json\/wp\/v2\/pages\/6422"}],"wp:attachment":[{"href":"https:\/\/causses-gorgesaveyron.com\/en\/wp-json\/wp\/v2\/media?parent=6823"}],"curies":[{"name":"wp","href":"https:\/\/api.w.org\/{rel}","templated":true}]}}