{"id":7770,"date":"2025-10-20T09:07:38","date_gmt":"2025-10-20T07:07:38","guid":{"rendered":"https:\/\/dev.causses-gorgesaveyron.com\/?page_id=7770"},"modified":"2025-10-23T17:50:22","modified_gmt":"2025-10-23T15:50:22","slug":"legal-notice","status":"publish","type":"page","link":"https:\/\/causses-gorgesaveyron.com\/en\/mentions-legales\/","title":{"rendered":"Terms of use"},"content":{"rendered":"<div data-elementor-type=\"wp-page\" data-elementor-id=\"7770\" class=\"elementor elementor-7770\" data-elementor-post-type=\"page\">\n\t\t\t\t<div class=\"elementor-element elementor-element-1930959 e-con-full e-flex e-con e-parent\" data-id=\"1930959\" data-element_type=\"container\" data-e-type=\"container\">\n\t\t<div class=\"elementor-element elementor-element-33118cb e-con-full e-flex e-con e-child\" data-id=\"33118cb\" data-element_type=\"container\" data-e-type=\"container\" data-settings=\"{&quot;background_background&quot;:&quot;classic&quot;}\">\n\t\t\t\t<div class=\"elementor-element elementor-element-742a041 elementor-widget elementor-widget-heading\" data-id=\"742a041\" data-element_type=\"widget\" data-e-type=\"widget\" data-widget_type=\"heading.default\">\n\t\t\t\t<div class=\"elementor-widget-container\">\n\t\t\t\t\t<h1 class=\"elementor-heading-title elementor-size-default\">Terms of use<\/h1>\t\t\t\t<\/div>\n\t\t\t\t<\/div>\n\t\t\t\t<\/div>\n\t\t\t\t<\/div>\n\t\t<div class=\"elementor-element elementor-element-223cb5f e-flex e-con-boxed e-con e-parent\" data-id=\"223cb5f\" data-element_type=\"container\" data-e-type=\"container\">\n\t\t\t\t\t<div class=\"e-con-inner\">\n\t\t\t\t<div class=\"elementor-element elementor-element-71dff6f elementor-widget elementor-widget-text-editor\" data-id=\"71dff6f\" data-element_type=\"widget\" data-e-type=\"widget\" data-widget_type=\"text-editor.default\">\n\t\t\t\t<div class=\"elementor-widget-container\">\n\t\t\t\t\t\t\t\t\t<h3><b>1. Site editor<\/b><\/h3><p><b>Tourist Office<\/b><b><br \/><\/b><span style=\"font-weight: 400;\"> Establishment Quercy Rouergue et des Gorges de l'Aveyron (CCQRG)<\/span><span style=\"font-weight: 400;\"><br \/><\/span><span style=\"font-weight: 400;\"> Place de la Mairie<\/span><span style=\"font-weight: 400;\"><br \/><\/span><span style=\"font-weight: 400;\"> 82140 Saint-Antonin-Noble-Val<\/span><span style=\"font-weight: 400;\"><br \/><\/span><span style=\"font-weight: 400;\"> SIRET : 24820010700014<\/span><span style=\"font-weight: 400;\"><br \/><\/span><span style=\"font-weight: 400;\"> Telephone: 05 63 30 63 47<\/span><span style=\"font-weight: 400;\"><br \/><\/span><span style=\"font-weight: 400;\"> E-mail: communication@cc-qrga.fr<\/span><span style=\"font-weight: 400;\"><br \/><\/span><span style=\"font-weight: 400;\"> Site :<\/span><a href=\"https:\/\/causses-gorgesaveyron.com\/en\/\"> <span style=\"font-weight: 400;\">https:\/\/causses-gorgesaveyron.com<\/span><\/a><\/p><h3><b>2. Responsible for the publication<\/b><\/h3><p><span style=\"font-weight: 400;\">Francis Khattou<\/span><\/p><h3><b>3. Site design and production<\/b><\/h3><p><span style=\"font-weight: 400;\">All in Co.<\/span><\/p><h3><b>4. Hosting<\/b><\/h3><p><span style=\"font-weight: 400;\">OVH SAS<\/span><span style=\"font-weight: 400;\"><br \/><\/span><span style=\"font-weight: 400;\"> 2 rue Kellermann<\/span><span style=\"font-weight: 400;\"><br \/><\/span><span style=\"font-weight: 400;\"> 59100 Roubaix - France<\/span><span style=\"font-weight: 400;\"><br \/><\/span><span style=\"font-weight: 400;\"> RCS Lille M\u00e9tropole 424 761 419 00045<\/span><span style=\"font-weight: 400;\"><br \/><\/span><span style=\"font-weight: 400;\"> Share capital: \u20ac10,174,560<\/span><span style=\"font-weight: 400;\"><br \/><\/span><span style=\"font-weight: 400;\"> Website: www.ovh.com<\/span><\/p><h3><b>5. Intellectual property<\/b><\/h3><p><span style=\"font-weight: 400;\">All content on this site (text, images, graphics, logos, icons, sounds, software, etc.) is protected by French copyright and intellectual property laws.<\/span><span style=\"font-weight: 400;\"><br \/><\/span><span style=\"font-weight: 400;\"> Any reproduction, representation, modification, publication, adaptation of all or part of the elements of the site is forbidden, except with the prior written authorization of the editor.<\/span><\/p><h3><b>6. Media credits<\/b><\/h3><p>Vincent photographie, Nuuk photographie, CC QRGA, Hugo Huques, ADT 82, Les Conteurs, Bastides et Gorges de l'Aveyron, CRTL<\/p><h3><b>7. Liability<\/b><\/h3><p><span style=\"font-weight: 400;\">The Office de Tourisme Quercy Rouergue et des Gorges de l'Aveyron makes every effort to ensure that the information published on the site is accurate and up-to-date. However, it cannot guarantee the accuracy, precision or completeness of the information provided.<\/span><span style=\"font-weight: 400;\"><br \/><\/span><span style=\"font-weight: 400;\"> The Tourist Office reserves the right to modify or correct the content of the site at any time.<\/span><span style=\"font-weight: 400;\"><br \/><\/span><span style=\"font-weight: 400;\"> The Tourist Office cannot be held responsible for the hypertext links on this site leading to other resources.<\/span><\/p><h3><b>8. Personal data<\/b><\/h3><p><span style=\"font-weight: 400;\">Data collected via the site is processed in accordance with the General Data Protection Regulation (GDPR). For more information, see the Privacy Policy.<\/span><\/p><h3><b>9. Applicable law<\/b><\/h3><p><span style=\"font-weight: 400;\">This site is governed by French law. In the event of a dispute, and failing amicable resolution, the competent courts will be those of the relevant French jurisdiction.<\/span><\/p>\t\t\t\t\t\t\t\t<\/div>\n\t\t\t\t<\/div>\n\t\t\t\t\t<\/div>\n\t\t\t\t<\/div>\n\t\t\t\t<\/div>","protected":false},"excerpt":{"rendered":"<p>Mentions l\u00e9gales 1. \u00c9diteur du site Office de Tourisme \u00c9tablissement Quercy Rouergue et des Gorges de l\u2019Aveyron (CCQRG) Place de la Mairie 82140 Saint-Antonin-Noble-Val SIRET : 24820010700014 T\u00e9l\u00e9phone : 05 63 30 63 47 E-mail : communication@cc-qrga.fr Site : https:\/\/causses-gorgesaveyron.com 2. Responsable de la publication Francis Khattou 3. Conception et r\u00e9alisation du site Tout en [&hellip;]<\/p>\n","protected":false},"author":3,"featured_media":0,"parent":0,"menu_order":0,"comment_status":"closed","ping_status":"closed","template":"","meta":{"om_disable_all_campaigns":false,"_monsterinsights_skip_tracking":false,"_monsterinsights_sitenote_active":false,"_monsterinsights_sitenote_note":"","_monsterinsights_sitenote_category":0,"footnotes":""},"class_list":["post-7770","page","type-page","status-publish","hentry"],"aioseo_notices":[],"_links":{"self":[{"href":"https:\/\/causses-gorgesaveyron.com\/en\/wp-json\/wp\/v2\/pages\/7770","targetHints":{"allow":["GET"]}}],"collection":[{"href":"https:\/\/causses-gorgesaveyron.com\/en\/wp-json\/wp\/v2\/pages"}],"about":[{"href":"https:\/\/causses-gorgesaveyron.com\/en\/wp-json\/wp\/v2\/types\/page"}],"author":[{"embeddable":true,"href":"https:\/\/causses-gorgesaveyron.com\/en\/wp-json\/wp\/v2\/users\/3"}],"replies":[{"embeddable":true,"href":"https:\/\/causses-gorgesaveyron.com\/en\/wp-json\/wp\/v2\/comments?post=7770"}],"version-history":[{"count":16,"href":"https:\/\/causses-gorgesaveyron.com\/en\/wp-json\/wp\/v2\/pages\/7770\/revisions"}],"predecessor-version":[{"id":7947,"href":"https:\/\/causses-gorgesaveyron.com\/en\/wp-json\/wp\/v2\/pages\/7770\/revisions\/7947"}],"wp:attachment":[{"href":"https:\/\/causses-gorgesaveyron.com\/en\/wp-json\/wp\/v2\/media?parent=7770"}],"curies":[{"name":"wp","href":"https:\/\/api.w.org\/{rel}","templated":true}]}}