{"id":3,"date":"2025-02-18T15:29:53","date_gmt":"2025-02-18T14:29:53","guid":{"rendered":"https:\/\/dev.causses-gorgesaveyron.com\/?page_id=3"},"modified":"2025-10-23T17:51:03","modified_gmt":"2025-10-23T15:51:03","slug":"politica-de-privacidad","status":"publish","type":"page","link":"https:\/\/causses-gorgesaveyron.com\/es\/politique-de-confidentialite\/","title":{"rendered":"Pol\u00edtica de privacidad"},"content":{"rendered":"<div data-elementor-type=\"wp-page\" data-elementor-id=\"3\" class=\"elementor elementor-3\" data-elementor-post-type=\"page\">\n\t\t\t\t<div class=\"elementor-element elementor-element-51925c2 e-con-full e-flex e-con e-parent\" data-id=\"51925c2\" data-element_type=\"container\" data-e-type=\"container\">\n\t\t<div class=\"elementor-element elementor-element-48dd47a e-con-full e-flex e-con e-child\" data-id=\"48dd47a\" data-element_type=\"container\" data-e-type=\"container\" data-settings=\"{&quot;background_background&quot;:&quot;classic&quot;}\">\n\t\t\t\t<div class=\"elementor-element elementor-element-d25f381 elementor-widget elementor-widget-heading\" data-id=\"d25f381\" data-element_type=\"widget\" data-e-type=\"widget\" data-widget_type=\"heading.default\">\n\t\t\t\t<div class=\"elementor-widget-container\">\n\t\t\t\t\t<h1 class=\"elementor-heading-title elementor-size-default\">Pol\u00edtica de privacidad<\/h1>\t\t\t\t<\/div>\n\t\t\t\t<\/div>\n\t\t\t\t<\/div>\n\t\t\t\t<\/div>\n\t\t<div class=\"elementor-element elementor-element-4332445 e-flex e-con-boxed e-con e-parent\" data-id=\"4332445\" data-element_type=\"container\" data-e-type=\"container\">\n\t\t\t\t\t<div class=\"e-con-inner\">\n\t\t<div class=\"elementor-element elementor-element-95aff7d e-con-full e-flex e-con e-child\" data-id=\"95aff7d\" data-element_type=\"container\" data-e-type=\"container\">\n\t\t\t\t<div class=\"elementor-element elementor-element-2dbb1c64 elementor-widget elementor-widget-text-editor\" data-id=\"2dbb1c64\" data-element_type=\"widget\" data-e-type=\"widget\" data-widget_type=\"text-editor.default\">\n\t\t\t\t<div class=\"elementor-widget-container\">\n\t\t\t\t\t\t\t\t\t<h3><b>1. Controlador de datos<\/b><\/h3><p><span style=\"font-weight: 400;\">Oficina de Turismo<\/span><span style=\"font-weight: 400;\"><br \/><\/span><span style=\"font-weight: 400;\"> Establecimiento de las Gargantas del Quercy Rouergue y del Aveyron (CCQRG)<\/span><span style=\"font-weight: 400;\"><br \/><\/span><span style=\"font-weight: 400;\"> Place de la Mairie, 82140 Saint-Antonin-Noble-Val<\/span><span style=\"font-weight: 400;\"><br \/><\/span><span style=\"font-weight: 400;\"> SIRET: 24820010700014<\/span><span style=\"font-weight: 400;\"><br \/><\/span><span style=\"font-weight: 400;\"> Tel\u00e9fono: 05 63 30 63 47<\/span><span style=\"font-weight: 400;\"><br \/><\/span><span style=\"font-weight: 400;\"> Correo electr\u00f3nico: communication@cc-qrga.fr<\/span><\/p><p><span style=\"font-weight: 400;\">El responsable del tratamiento de los datos personales es Francis Khattou.<\/span><\/p><h3><b>2. Datos recogidos<\/b><\/h3><p><span style=\"font-weight: 400;\">El sitio puede recoger datos personales a trav\u00e9s de :<\/span><\/p><ul><li style=\"font-weight: 400;\" aria-level=\"1\"><span style=\"font-weight: 400;\">Formularios de contacto (apellidos, nombre, direcci\u00f3n de correo electr\u00f3nico, n\u00famero de tel\u00e9fono, mensaje gratuito)<\/span><\/li><li style=\"font-weight: 400;\" aria-level=\"1\"><span style=\"font-weight: 400;\">Suscripci\u00f3n al bolet\u00edn (direcci\u00f3n de correo electr\u00f3nico)<\/span><\/li><li style=\"font-weight: 400;\" aria-level=\"1\"><span style=\"font-weight: 400;\">Estad\u00edsticas de tr\u00e1fico del sitio (datos t\u00e9cnicos an\u00f3nimos)<\/span><\/li><li style=\"font-weight: 400;\" aria-level=\"1\"><span style=\"font-weight: 400;\">Cookies necesarias para el funcionamiento del sitio y, en su caso, para la medici\u00f3n de la audiencia.<\/span><\/li><\/ul><p><span style=\"font-weight: 400;\">No se recoge ning\u00fan dato sensible.<\/span><\/p><h3><b>3. Finalidad de la recogida<\/b><\/h3><p><span style=\"font-weight: 400;\">Los datos recogidos se utilizan para :<\/span><\/p><ul><li style=\"font-weight: 400;\" aria-level=\"1\"><span style=\"font-weight: 400;\">Responder a las peticiones de los usuarios<\/span><\/li><li style=\"font-weight: 400;\" aria-level=\"1\"><span style=\"font-weight: 400;\">Enviar informaci\u00f3n tur\u00edstica o pr\u00e1ctica sobre la regi\u00f3n<\/span><\/li><li style=\"font-weight: 400;\" aria-level=\"1\"><span style=\"font-weight: 400;\">Gestionar las inscripciones a eventos y actividades<\/span><\/li><li style=\"font-weight: 400;\" aria-level=\"1\"><span style=\"font-weight: 400;\">Garantizar el seguimiento administrativo y estad\u00edstico de las solicitudes<\/span><\/li><li style=\"font-weight: 400;\" aria-level=\"1\"><span style=\"font-weight: 400;\">Mejorar la navegaci\u00f3n y los servicios ofrecidos analizando el n\u00famero de visitantes<\/span><\/li><\/ul><p><span style=\"font-weight: 400;\">Los datos no se venden ni se transmiten a terceros no autorizados.<\/span><\/p><h3><b>4. 4. Base jur\u00eddica<\/b><\/h3><p><span style=\"font-weight: 400;\">Los tratamientos se basan en :<\/span><\/p><ul><li style=\"font-weight: 400;\" aria-level=\"1\"><span style=\"font-weight: 400;\">Consentimiento del usuario (formularios, bolet\u00edn informativo, cookies opcionales)<\/span><\/li><li style=\"font-weight: 400;\" aria-level=\"1\"><span style=\"font-weight: 400;\">El inter\u00e9s leg\u00edtimo de la autoridad local en responder a las solicitudes de informaci\u00f3n<\/span><\/li><li style=\"font-weight: 400;\" aria-level=\"1\"><span style=\"font-weight: 400;\">Cumplimiento de las obligaciones legales.<\/span><\/li><\/ul><h3><b>5. 5. Vida \u00fatil<\/b><\/h3><ul><li style=\"font-weight: 400;\" aria-level=\"1\"><span style=\"font-weight: 400;\">Datos de formularios de contacto: 3 a\u00f1os desde el \u00faltimo intercambio<\/span><\/li><li style=\"font-weight: 400;\" aria-level=\"1\"><span style=\"font-weight: 400;\">Datos del bolet\u00edn: hasta que el usuario se d\u00e9 de baja<\/span><\/li><li style=\"font-weight: 400;\" aria-level=\"1\"><span style=\"font-weight: 400;\">Datos t\u00e9cnicos an\u00f3nimos: duraci\u00f3n necesaria para medir la audiencia<\/span><\/li><\/ul><h3><b>6. Derechos individuales<\/b><\/h3><p><span style=\"font-weight: 400;\">De conformidad con el Reglamento General de Protecci\u00f3n de Datos (RGPD), usted tiene los siguientes derechos:<\/span><\/p><ul><li style=\"font-weight: 400;\" aria-level=\"1\"><span style=\"font-weight: 400;\">Derecho de acceso, rectificaci\u00f3n y supresi\u00f3n de sus datos<\/span><\/li><li style=\"font-weight: 400;\" aria-level=\"1\"><span style=\"font-weight: 400;\">Derecho de oposici\u00f3n y limitaci\u00f3n del tratamiento<\/span><\/li><li style=\"font-weight: 400;\" aria-level=\"1\"><span style=\"font-weight: 400;\">Derecho a la portabilidad de sus datos<\/span><\/li><\/ul><p><span style=\"font-weight: 400;\">Para ejercer estos derechos, p\u00f3ngase en contacto con :<\/span><span style=\"font-weight: 400;\"><br \/><\/span><span style=\"font-weight: 400;\"> communication@cc-qrga.fr<\/span><\/p><p><span style=\"font-weight: 400;\">Tambi\u00e9n tiene derecho a presentar una denuncia ante el <\/span><b>CNIL<\/b><span style=\"font-weight: 400;\"> : www.cnil.fr<\/span><\/p><h3><b>7. Cookies<\/b><\/h3><p><span style=\"font-weight: 400;\">El sitio utiliza cookies para garantizar su correcto funcionamiento. Algunas cookies pueden utilizarse para medir la audiencia.<\/span><span style=\"font-weight: 400;\"><br \/><\/span><span style=\"font-weight: 400;\"> Un banner informativo permite a los usuarios aceptar o rechazar el uso de cookies no esenciales.<\/span><span style=\"font-weight: 400;\"><br \/><\/span><span style=\"font-weight: 400;\"> Los usuarios tambi\u00e9n pueden configurar su navegador para bloquear o eliminar las cookies.<\/span><\/p><h3><b>8. Seguridad<\/b><\/h3><p><span style=\"font-weight: 400;\">Se aplican medidas t\u00e9cnicas y organizativas para proteger los datos personales contra p\u00e9rdidas, accesos no autorizados o divulgaci\u00f3n.<\/span><\/p><h3><b>9. Cambios en la pol\u00edtica<\/b><\/h3><p><span style=\"font-weight: 400;\">La presente pol\u00edtica de privacidad podr\u00e1 actualizarse en cualquier momento para tener en cuenta la evoluci\u00f3n jur\u00eddica o t\u00e9cnica.<\/span><\/p>\t\t\t\t\t\t\t\t<\/div>\n\t\t\t\t<\/div>\n\t\t\t\t<\/div>\n\t\t\t\t\t<\/div>\n\t\t\t\t<\/div>\n\t\t\t\t<\/div>","protected":false},"excerpt":{"rendered":"<p>Politique de confidentialit\u00e9 1. Responsable du traitement Office de Tourisme \u00c9tablissement Quercy Rouergue et des Gorges de l\u2019Aveyron (CCQRG) Place de la Mairie, 82140 Saint-Antonin-Noble-Val SIRET : 24820010700014 T\u00e9l\u00e9phone : 05 63 30 63 47 E-mail : communication@cc-qrga.fr Le responsable du traitement des donn\u00e9es \u00e0 caract\u00e8re personnel est Francis Khattou. 2. Donn\u00e9es collect\u00e9es Le site [&hellip;]<\/p>\n","protected":false},"author":1,"featured_media":0,"parent":0,"menu_order":0,"comment_status":"closed","ping_status":"open","template":"","meta":{"om_disable_all_campaigns":false,"_monsterinsights_skip_tracking":false,"_monsterinsights_sitenote_active":false,"_monsterinsights_sitenote_note":"","_monsterinsights_sitenote_category":0,"footnotes":""},"class_list":["post-3","page","type-page","status-publish","hentry"],"aioseo_notices":[],"_links":{"self":[{"href":"https:\/\/causses-gorgesaveyron.com\/es\/wp-json\/wp\/v2\/pages\/3","targetHints":{"allow":["GET"]}}],"collection":[{"href":"https:\/\/causses-gorgesaveyron.com\/es\/wp-json\/wp\/v2\/pages"}],"about":[{"href":"https:\/\/causses-gorgesaveyron.com\/es\/wp-json\/wp\/v2\/types\/page"}],"author":[{"embeddable":true,"href":"https:\/\/causses-gorgesaveyron.com\/es\/wp-json\/wp\/v2\/users\/1"}],"replies":[{"embeddable":true,"href":"https:\/\/causses-gorgesaveyron.com\/es\/wp-json\/wp\/v2\/comments?post=3"}],"version-history":[{"count":21,"href":"https:\/\/causses-gorgesaveyron.com\/es\/wp-json\/wp\/v2\/pages\/3\/revisions"}],"predecessor-version":[{"id":7950,"href":"https:\/\/causses-gorgesaveyron.com\/es\/wp-json\/wp\/v2\/pages\/3\/revisions\/7950"}],"wp:attachment":[{"href":"https:\/\/causses-gorgesaveyron.com\/es\/wp-json\/wp\/v2\/media?parent=3"}],"curies":[{"name":"wp","href":"https:\/\/api.w.org\/{rel}","templated":true}]}}