{"id":3129,"date":"2025-03-05T11:14:53","date_gmt":"2025-03-05T10:14:53","guid":{"rendered":"https:\/\/dev.causses-gorgesaveyron.com\/?page_id=3129"},"modified":"2026-03-09T11:25:56","modified_gmt":"2026-03-09T10:25:56","slug":"ocio","status":"publish","type":"page","link":"https:\/\/causses-gorgesaveyron.com\/es\/accueil\/bougez\/loisirs\/","title":{"rendered":"Ocio y familia"},"content":{"rendered":"<div data-elementor-type=\"wp-page\" data-elementor-id=\"3129\" class=\"elementor elementor-3129\" data-elementor-post-type=\"page\">\n\t\t\t\t<div class=\"elementor-element elementor-element-672c0e6 e-con-full e-flex e-con e-parent\" data-id=\"672c0e6\" data-element_type=\"container\" data-e-type=\"container\">\n\t\t<div class=\"elementor-element elementor-element-77f7cd5 e-flex e-con-boxed e-con e-child\" data-id=\"77f7cd5\" data-element_type=\"container\" data-e-type=\"container\" data-settings=\"{&quot;background_background&quot;:&quot;classic&quot;}\">\n\t\t\t\t\t<div class=\"e-con-inner\">\n\t\t\t\t<div class=\"elementor-element elementor-element-648c92e elementor-widget elementor-widget-heading\" data-id=\"648c92e\" data-element_type=\"widget\" data-e-type=\"widget\" data-widget_type=\"heading.default\">\n\t\t\t\t<div class=\"elementor-widget-container\">\n\t\t\t\t\t<h1 class=\"elementor-heading-title elementor-size-default\">Con la familia<\/h1>\t\t\t\t<\/div>\n\t\t\t\t<\/div>\n\t\t\t\t<div class=\"elementor-element elementor-element-b134474 elementor-widget elementor-widget-heading\" data-id=\"b134474\" data-element_type=\"widget\" data-e-type=\"widget\" data-widget_type=\"heading.default\">\n\t\t\t\t<div class=\"elementor-widget-container\">\n\t\t\t\t\t<h2 class=\"elementor-heading-title elementor-size-default\">Causses y gargantas del Aveyron<\/h2>\t\t\t\t<\/div>\n\t\t\t\t<\/div>\n\t\t\t\t\t<\/div>\n\t\t\t\t<\/div>\n\t\t\t\t<\/div>\n\t\t<div class=\"elementor-element elementor-element-08ec4dc e-flex e-con-boxed e-con e-parent\" data-id=\"08ec4dc\" data-element_type=\"container\" data-e-type=\"container\" data-settings=\"{&quot;background_background&quot;:&quot;classic&quot;}\">\n\t\t\t\t\t<div class=\"e-con-inner\">\n\t\t<div class=\"elementor-element elementor-element-e4f76ee e-con-full e-flex e-con e-child\" data-id=\"e4f76ee\" data-element_type=\"container\" data-e-type=\"container\">\n\t\t\t\t<div class=\"elementor-element elementor-element-55a6857 elementor-widget elementor-widget-heading\" data-id=\"55a6857\" data-element_type=\"widget\" data-e-type=\"widget\" data-widget_type=\"heading.default\">\n\t\t\t\t<div class=\"elementor-widget-container\">\n\t\t\t\t\t<h3 class=\"elementor-heading-title elementor-size-default\">Momentos que crean recuerdos<\/h3>\t\t\t\t<\/div>\n\t\t\t\t<\/div>\n\t\t\t\t<div class=\"elementor-element elementor-element-25df932 elementor-widget elementor-widget-heading\" data-id=\"25df932\" data-element_type=\"widget\" data-e-type=\"widget\" data-widget_type=\"heading.default\">\n\t\t\t\t<div class=\"elementor-widget-container\">\n\t\t\t\t\t<h2 class=\"elementor-heading-title elementor-size-default\">Para compartir en familia<\/h2>\t\t\t\t<\/div>\n\t\t\t\t<\/div>\n\t\t\t\t<div class=\"elementor-element elementor-element-b7c6778 elementor-widget-divider--view-line elementor-widget elementor-widget-divider\" data-id=\"b7c6778\" data-element_type=\"widget\" data-e-type=\"widget\" data-widget_type=\"divider.default\">\n\t\t\t\t<div class=\"elementor-widget-container\">\n\t\t\t\t\t\t\t<div class=\"elementor-divider\">\n\t\t\t<span class=\"elementor-divider-separator\">\n\t\t\t\t\t\t<\/span>\n\t\t<\/div>\n\t\t\t\t\t\t<\/div>\n\t\t\t\t<\/div>\n\t\t\t\t<div class=\"elementor-element elementor-element-35053b4 elementor-widget elementor-widget-text-editor\" data-id=\"35053b4\" data-element_type=\"widget\" data-e-type=\"widget\" data-widget_type=\"text-editor.default\">\n\t\t\t\t<div class=\"elementor-widget-container\">\n\t\t\t\t\t\t\t\t\t<p><strong>\u00bfBusca momentos inolvidables con sus seres queridos?\u00a0<\/strong><\/p><p>Tanto si le gustan los paseos tranquilos, los juegos y aventuras al aire libre o los descubrimientos culturales, nuestro destino est\u00e1 repleto de experiencias que pueden disfrutar juntos, en un ambiente divertido y agradable. Prep\u00e1rese para crear recuerdos inolvidables en sus excursiones familiares.<\/p>\t\t\t\t\t\t\t\t<\/div>\n\t\t\t\t<\/div>\n\t\t<div class=\"elementor-element elementor-element-c422ce8 e-con-full elementor-hidden-mobile e-flex e-con e-child\" data-id=\"c422ce8\" data-element_type=\"container\" data-e-type=\"container\">\n\t\t<div class=\"elementor-element elementor-element-7b6b591 e-grid e-con-full e-con e-child\" data-id=\"7b6b591\" data-element_type=\"container\" data-e-type=\"container\">\n\t\t\t\t<div class=\"elementor-element elementor-element-f9d87c8 elementor-widget elementor-widget-heading\" data-id=\"f9d87c8\" data-element_type=\"widget\" data-e-type=\"widget\" data-widget_type=\"heading.default\">\n\t\t\t\t<div class=\"elementor-widget-container\">\n\t\t\t\t\t<p class=\"elementor-heading-title elementor-size-default\">5<\/p>\t\t\t\t<\/div>\n\t\t\t\t<\/div>\n\t\t\t\t<div class=\"elementor-element elementor-element-977f742 elementor-widget elementor-widget-heading\" data-id=\"977f742\" data-element_type=\"widget\" data-e-type=\"widget\" data-widget_type=\"heading.default\">\n\t\t\t\t<div class=\"elementor-widget-container\">\n\t\t\t\t\t<p class=\"elementor-heading-title elementor-size-default\">2<\/p>\t\t\t\t<\/div>\n\t\t\t\t<\/div>\n\t\t\t\t<div class=\"elementor-element elementor-element-e6dc011 elementor-widget elementor-widget-heading\" data-id=\"e6dc011\" data-element_type=\"widget\" data-e-type=\"widget\" data-widget_type=\"heading.default\">\n\t\t\t\t<div class=\"elementor-widget-container\">\n\t\t\t\t\t<h3 class=\"elementor-heading-title elementor-size-default\">senderos de interpretaci\u00f3n<\/h3>\t\t\t\t<\/div>\n\t\t\t\t<\/div>\n\t\t\t\t<div class=\"elementor-element elementor-element-ec10973 elementor-widget elementor-widget-heading\" data-id=\"ec10973\" data-element_type=\"widget\" data-e-type=\"widget\" data-widget_type=\"heading.default\">\n\t\t\t\t<div class=\"elementor-widget-container\">\n\t\t\t\t\t<h3 class=\"elementor-heading-title elementor-size-default\">playas de ba\u00f1o<\/h3>\t\t\t\t<\/div>\n\t\t\t\t<\/div>\n\t\t\t\t<\/div>\n\t\t\t\t<\/div>\n\t\t<div class=\"elementor-element elementor-element-0d94b80 e-grid e-con-full elementor-hidden-mobile e-con e-child\" data-id=\"0d94b80\" data-element_type=\"container\" data-e-type=\"container\">\n\t\t\t\t<div class=\"elementor-element elementor-element-c0bd044 elementor-widget elementor-widget-heading\" data-id=\"c0bd044\" data-element_type=\"widget\" data-e-type=\"widget\" data-widget_type=\"heading.default\">\n\t\t\t\t<div class=\"elementor-widget-container\">\n\t\t\t\t\t<p class=\"elementor-heading-title elementor-size-default\">1<\/p>\t\t\t\t<\/div>\n\t\t\t\t<\/div>\n\t\t\t\t<div class=\"elementor-element elementor-element-9a55f0a elementor-widget elementor-widget-heading\" data-id=\"9a55f0a\" data-element_type=\"widget\" data-e-type=\"widget\" data-widget_type=\"heading.default\">\n\t\t\t\t<div class=\"elementor-widget-container\">\n\t\t\t\t\t<p class=\"elementor-heading-title elementor-size-default\">1<\/p>\t\t\t\t<\/div>\n\t\t\t\t<\/div>\n\t\t\t\t<div class=\"elementor-element elementor-element-b95d79c elementor-widget elementor-widget-heading\" data-id=\"b95d79c\" data-element_type=\"widget\" data-e-type=\"widget\" data-widget_type=\"heading.default\">\n\t\t\t\t<div class=\"elementor-widget-container\">\n\t\t\t\t\t<h3 class=\"elementor-heading-title elementor-size-default\">ruta de aventura<\/h3>\t\t\t\t<\/div>\n\t\t\t\t<\/div>\n\t\t\t\t<div class=\"elementor-element elementor-element-b04f0d2 elementor-widget elementor-widget-heading\" data-id=\"b04f0d2\" data-element_type=\"widget\" data-e-type=\"widget\" data-widget_type=\"heading.default\">\n\t\t\t\t<div class=\"elementor-widget-container\">\n\t\t\t\t\t<p class=\"elementor-heading-title elementor-size-default\">cueva<\/p>\t\t\t\t<\/div>\n\t\t\t\t<\/div>\n\t\t\t\t<\/div>\n\t\t<div class=\"elementor-element elementor-element-aee3b54 e-con-full e-flex e-con e-child\" data-id=\"aee3b54\" data-element_type=\"container\" data-e-type=\"container\">\n\t\t\t\t<div class=\"elementor-element elementor-element-26f8147 elementor-tablet-align-center elementor-widget elementor-widget-winwood-button\" data-id=\"26f8147\" data-element_type=\"widget\" data-e-type=\"widget\" data-widget_type=\"winwood-button.default\">\n\t\t\t\t<div class=\"elementor-widget-container\">\n\t\t\t\t\t        <div class=\"elementor-button-wrapper\">\n            <a href=\"https:\/\/www.tourisme-tarnetgaronne.fr\/app\/uploads\/tarnetgaronne\/2025\/05\/Guide-en-famille-2025.pdf\" target=\"_blank\" class=\"elementor-button-link elementor-button default\" role=\"button\">\n                Gu\u00eda de actividades familiares            <\/a>\n        <\/div>\n        \t\t\t\t<\/div>\n\t\t\t\t<\/div>\n\t\t\t\t<\/div>\n\t\t\t\t<\/div>\n\t\t<div class=\"elementor-element elementor-element-05dd8f1 e-con-full e-flex e-con e-child\" data-id=\"05dd8f1\" data-element_type=\"container\" data-e-type=\"container\">\n\t\t\t\t<div class=\"elementor-element elementor-element-fdf509f elementor-widget elementor-widget-image\" data-id=\"fdf509f\" data-element_type=\"widget\" data-e-type=\"widget\" data-widget_type=\"image.default\">\n\t\t\t\t<div class=\"elementor-widget-container\">\n\t\t\t\t\t\t\t\t\t\t\t\t\t\t\t<img fetchpriority=\"high\" decoding=\"async\" width=\"595\" height=\"822\" src=\"https:\/\/causses-gorgesaveyron.com\/wp-content\/uploads\/2025\/09\/parisot-lac-baignade-causses-gorges-aveyron-nukk-photographies-3.png\" class=\"attachment-large size-large wp-image-7540\" alt=\"\" srcset=\"https:\/\/causses-gorgesaveyron.com\/wp-content\/uploads\/2025\/09\/parisot-lac-baignade-causses-gorges-aveyron-nukk-photographies-3.png 595w, https:\/\/causses-gorgesaveyron.com\/wp-content\/uploads\/2025\/09\/parisot-lac-baignade-causses-gorges-aveyron-nukk-photographies-3-217x300.png 217w, https:\/\/causses-gorgesaveyron.com\/wp-content\/uploads\/2025\/09\/parisot-lac-baignade-causses-gorges-aveyron-nukk-photographies-3-9x12.png 9w\" sizes=\"(max-width: 595px) 100vw, 595px\" \/>\t\t\t\t\t\t\t\t\t\t\t\t\t\t\t<\/div>\n\t\t\t\t<\/div>\n\t\t\t\t<\/div>\n\t\t\t\t\t<\/div>\n\t\t\t\t<\/div>\n\t\t\t\t<\/div>","protected":false},"excerpt":{"rendered":"<p>En famille Exp\u00e9rimentez les Causses &amp; Gorges de l&#8217;aveyron Des moments qui cr\u00e9ent des souvenirs \u00c0 partager en famille Envie de vivre des moments inoubliables avec vos proches ?\u00a0 Que vous soyez amateurs de balades tranquilles, de jeux et d&#8217;aventures en plein air, de d\u00e9couvertes culturelles notre destination regorge d&#8217;exp\u00e9riences \u00e0 vivre ensemble, dans la [&hellip;]<\/p>\n","protected":false},"author":1,"featured_media":0,"parent":3598,"menu_order":0,"comment_status":"closed","ping_status":"closed","template":"","meta":{"om_disable_all_campaigns":false,"_monsterinsights_skip_tracking":false,"_monsterinsights_sitenote_active":false,"_monsterinsights_sitenote_note":"","_monsterinsights_sitenote_category":0,"footnotes":""},"class_list":["post-3129","page","type-page","status-publish","hentry"],"aioseo_notices":[],"_links":{"self":[{"href":"https:\/\/causses-gorgesaveyron.com\/es\/wp-json\/wp\/v2\/pages\/3129","targetHints":{"allow":["GET"]}}],"collection":[{"href":"https:\/\/causses-gorgesaveyron.com\/es\/wp-json\/wp\/v2\/pages"}],"about":[{"href":"https:\/\/causses-gorgesaveyron.com\/es\/wp-json\/wp\/v2\/types\/page"}],"author":[{"embeddable":true,"href":"https:\/\/causses-gorgesaveyron.com\/es\/wp-json\/wp\/v2\/users\/1"}],"replies":[{"embeddable":true,"href":"https:\/\/causses-gorgesaveyron.com\/es\/wp-json\/wp\/v2\/comments?post=3129"}],"version-history":[{"count":11,"href":"https:\/\/causses-gorgesaveyron.com\/es\/wp-json\/wp\/v2\/pages\/3129\/revisions"}],"predecessor-version":[{"id":7604,"href":"https:\/\/causses-gorgesaveyron.com\/es\/wp-json\/wp\/v2\/pages\/3129\/revisions\/7604"}],"up":[{"embeddable":true,"href":"https:\/\/causses-gorgesaveyron.com\/es\/wp-json\/wp\/v2\/pages\/3598"}],"wp:attachment":[{"href":"https:\/\/causses-gorgesaveyron.com\/es\/wp-json\/wp\/v2\/media?parent=3129"}],"curies":[{"name":"wp","href":"https:\/\/api.w.org\/{rel}","templated":true}]}}