{"id":5613,"date":"2025-07-17T15:59:28","date_gmt":"2025-07-17T13:59:28","guid":{"rendered":"https:\/\/dev.causses-gorgesaveyron.com\/?page_id=5613"},"modified":"2025-10-17T15:06:23","modified_gmt":"2025-10-17T13:06:23","slug":"fauna-y-flora","status":"publish","type":"page","link":"https:\/\/causses-gorgesaveyron.com\/es\/decouvrez\/faune-et-flore\/","title":{"rendered":"Fauna y flora"},"content":{"rendered":"<div data-elementor-type=\"wp-page\" data-elementor-id=\"5613\" class=\"elementor elementor-5613\" data-elementor-post-type=\"page\">\n\t\t\t\t<div class=\"elementor-element elementor-element-1644e9d e-con-full e-flex e-con e-parent\" data-id=\"1644e9d\" data-element_type=\"container\" data-e-type=\"container\">\n\t\t<div class=\"elementor-element elementor-element-92c35a7 e-flex e-con-boxed e-con e-child\" data-id=\"92c35a7\" data-element_type=\"container\" data-e-type=\"container\" data-settings=\"{&quot;background_background&quot;:&quot;classic&quot;}\">\n\t\t\t\t\t<div class=\"e-con-inner\">\n\t\t\t\t<div class=\"elementor-element elementor-element-04c571b elementor-widget elementor-widget-heading\" data-id=\"04c571b\" data-element_type=\"widget\" data-e-type=\"widget\" data-widget_type=\"heading.default\">\n\t\t\t\t<div class=\"elementor-widget-container\">\n\t\t\t\t\t<h1 class=\"elementor-heading-title elementor-size-default\">Flora y fauna locales<\/h1>\t\t\t\t<\/div>\n\t\t\t\t<\/div>\n\t\t\t\t<div class=\"elementor-element elementor-element-a0a1a28 elementor-widget elementor-widget-heading\" data-id=\"a0a1a28\" data-element_type=\"widget\" data-e-type=\"widget\" data-widget_type=\"heading.default\">\n\t\t\t\t<div class=\"elementor-widget-container\">\n\t\t\t\t\t<h2 class=\"elementor-heading-title elementor-size-default\">preservar<\/h2>\t\t\t\t<\/div>\n\t\t\t\t<\/div>\n\t\t\t\t<div class=\"elementor-element elementor-element-fa6bb8b elementor-widget elementor-widget-wp-widget-aioseo-breadcrumb-widget\" data-id=\"fa6bb8b\" data-element_type=\"widget\" data-e-type=\"widget\" data-widget_type=\"wp-widget-aioseo-breadcrumb-widget.default\">\n\t\t\t\t<div class=\"elementor-widget-container\">\n\t\t\t\t\t<div class=\"aioseo-breadcrumbs\"><span class=\"aioseo-breadcrumb\">\n\t\t\t<a href=\"https:\/\/causses-gorgesaveyron.com\/es\" title=\"Inicio\">Inicio<\/a>\n\t\t<\/span><span class=\"aioseo-breadcrumb-separator\">\u203a<\/span><span class=\"aioseo-breadcrumb\">\n\t\t\t<a href=\"https:\/\/causses-gorgesaveyron.com\/es\/decouvrez\/\" title=\"Descubra\">Descubra<\/a>\n\t\t<\/span><span class=\"aioseo-breadcrumb-separator\">\u203a<\/span><span class=\"aioseo-breadcrumb\">\n\t\t\tFauna y flora\n\t\t<\/span><\/div>\t\t\t\t<\/div>\n\t\t\t\t<\/div>\n\t\t\t\t\t<\/div>\n\t\t\t\t<\/div>\n\t\t\t\t<\/div>\n\t\t<div class=\"elementor-element elementor-element-f3ef717 e-flex e-con-boxed e-con e-parent\" data-id=\"f3ef717\" data-element_type=\"container\" data-e-type=\"container\" data-settings=\"{&quot;background_background&quot;:&quot;classic&quot;}\">\n\t\t\t\t\t<div class=\"e-con-inner\">\n\t\t\t\t<div class=\"elementor-element elementor-element-06ec6b6 elementor-widget elementor-widget-heading\" data-id=\"06ec6b6\" data-element_type=\"widget\" data-e-type=\"widget\" data-widget_type=\"heading.default\">\n\t\t\t\t<div class=\"elementor-widget-container\">\n\t\t\t\t\t<h2 class=\"elementor-heading-title elementor-size-default\">Preservar la flora y la fauna<\/h2>\t\t\t\t<\/div>\n\t\t\t\t<\/div>\n\t\t\t\t<div class=\"elementor-element elementor-element-c94e7e7 elementor-widget elementor-widget-heading\" data-id=\"c94e7e7\" data-element_type=\"widget\" data-e-type=\"widget\" data-widget_type=\"heading.default\">\n\t\t\t\t<div class=\"elementor-widget-container\">\n\t\t\t\t\t<h3 class=\"elementor-heading-title elementor-size-default\">y descubre<\/h3>\t\t\t\t<\/div>\n\t\t\t\t<\/div>\n\t\t\t\t<div class=\"elementor-element elementor-element-105abbb elementor-widget-divider--view-line elementor-widget elementor-widget-divider\" data-id=\"105abbb\" data-element_type=\"widget\" data-e-type=\"widget\" data-widget_type=\"divider.default\">\n\t\t\t\t<div class=\"elementor-widget-container\">\n\t\t\t\t\t\t\t<div class=\"elementor-divider\">\n\t\t\t<span class=\"elementor-divider-separator\">\n\t\t\t\t\t\t<\/span>\n\t\t<\/div>\n\t\t\t\t\t\t<\/div>\n\t\t\t\t<\/div>\n\t\t\t\t<div class=\"elementor-element elementor-element-33aa3bd elementor-widget elementor-widget-text-editor\" data-id=\"33aa3bd\" data-element_type=\"widget\" data-e-type=\"widget\" data-widget_type=\"text-editor.default\">\n\t\t\t\t<div class=\"elementor-widget-container\">\n\t\t\t\t\t\t\t\t\t<p>El r\u00edo Aveyron nace en el departamento vecino, pero es en el Tarn-et-Garonne donde revela toda su riqueza. Cuatro afluentes desembocan en el r\u00edo, creando el paisaje \u00fanico de las Causses y Gargantas del Aveyron y su fauna. C\u00e1rabos, murci\u00e9lagos, halcones peregrinos y lib\u00e9lulas son algunos de los peque\u00f1os animales e insectos que podr\u00e1 encontrar durante su estancia aqu\u00ed.\u00a0\u00a0<\/p>\t\t\t\t\t\t\t\t<\/div>\n\t\t\t\t<\/div>\n\t\t\t\t\t<\/div>\n\t\t\t\t<\/div>\n\t\t<div class=\"elementor-element elementor-element-4b27213 e-flex e-con-boxed e-con e-parent\" data-id=\"4b27213\" data-element_type=\"container\" data-e-type=\"container\" data-settings=\"{&quot;background_background&quot;:&quot;classic&quot;}\">\n\t\t\t\t\t<div class=\"e-con-inner\">\n\t\t<div class=\"elementor-element elementor-element-c28169d e-con-full e-flex e-con e-child\" data-id=\"c28169d\" data-element_type=\"container\" data-e-type=\"container\">\n\t\t\t\t<div class=\"elementor-element elementor-element-7b02ffe elementor-widget elementor-widget-heading\" data-id=\"7b02ffe\" data-element_type=\"widget\" data-e-type=\"widget\" data-widget_type=\"heading.default\">\n\t\t\t\t<div class=\"elementor-widget-container\">\n\t\t\t\t\t<h3 class=\"elementor-heading-title elementor-size-default\">Descubra<\/h3>\t\t\t\t<\/div>\n\t\t\t\t<\/div>\n\t\t\t\t<div class=\"elementor-element elementor-element-e2e272b elementor-widget elementor-widget-heading\" data-id=\"e2e272b\" data-element_type=\"widget\" data-e-type=\"widget\" data-widget_type=\"heading.default\">\n\t\t\t\t<div class=\"elementor-widget-container\">\n\t\t\t\t\t<h2 class=\"elementor-heading-title elementor-size-default\">Nuestros espacios naturales<\/h2>\t\t\t\t<\/div>\n\t\t\t\t<\/div>\n\t\t\t\t<div class=\"elementor-element elementor-element-ce2622a elementor-widget-divider--view-line elementor-widget elementor-widget-divider\" data-id=\"ce2622a\" data-element_type=\"widget\" data-e-type=\"widget\" data-widget_type=\"divider.default\">\n\t\t\t\t<div class=\"elementor-widget-container\">\n\t\t\t\t\t\t\t<div class=\"elementor-divider\">\n\t\t\t<span class=\"elementor-divider-separator\">\n\t\t\t\t\t\t<\/span>\n\t\t<\/div>\n\t\t\t\t\t\t<\/div>\n\t\t\t\t<\/div>\n\t\t\t\t<div class=\"elementor-element elementor-element-8ca0cb4 elementor-widget elementor-widget-text-editor\" data-id=\"8ca0cb4\" data-element_type=\"widget\" data-e-type=\"widget\" data-widget_type=\"text-editor.default\">\n\t\t\t\t<div class=\"elementor-widget-container\">\n\t\t\t\t\t\t\t\t\t<p><span style=\"font-weight: 400;\"><strong>Las Causses y Gargantas del Aveyron poseen un patrimonio natural excepcional, <\/strong><\/span><strong>que es importante preservar.<\/strong><\/p><p><span style=\"font-weight: 400;\">ZNIEFF (Zonas de Inter\u00e9s Ecol\u00f3gico, Faun\u00edstico y Flor\u00edstico) <strong>representan el 50% de la zona de Causses y Gorges de l'Aveyron<\/strong>. <\/span><span style=\"font-weight: 400;\">Estas zonas figuran en la lista por su notable biodiversidad.\u00a0<\/span><\/p><p><span style=\"font-weight: 400;\">\u00a0<\/span><\/p><p><span style=\"font-weight: 400;\">Tambi\u00e9n hay 3 zonas NATURA 2000 en la regi\u00f3n\u00a0<\/span><\/p><ul><li><strong>Gargantas del Aveyron\u00a0\u00a0<\/strong><\/li><li><strong>Valle del Aveyron\u00a0\u00a0<\/strong><\/li><li><strong>Causse de Gaussou\u00a0<\/strong><\/li><\/ul><p><span style=\"font-weight: 400;\">Estos parajes est\u00e1n protegidos a escala europea por su gran valor patrimonial, en t\u00e9rminos de flora y fauna que contienen.<\/span><\/p>\t\t\t\t\t\t\t\t<\/div>\n\t\t\t\t<\/div>\n\t\t\t\t<div class=\"elementor-element elementor-element-85ad0d9 elementor-widget elementor-widget-winwood-button\" data-id=\"85ad0d9\" data-element_type=\"widget\" data-e-type=\"widget\" data-widget_type=\"winwood-button.default\">\n\t\t\t\t<div class=\"elementor-widget-container\">\n\t\t\t\t\t        <div class=\"elementor-button-wrapper\">\n            <a href=\"https:\/\/ens.tarnetgaronne.fr\/\" target=\"_blank\" class=\"elementor-button-link elementor-button default\" role=\"button\">\n                M\u00e1s informaci\u00f3n            <\/a>\n        <\/div>\n        \t\t\t\t<\/div>\n\t\t\t\t<\/div>\n\t\t\t\t<\/div>\n\t\t<div class=\"elementor-element elementor-element-7fd81b9 e-con-full e-flex e-con e-child\" data-id=\"7fd81b9\" data-element_type=\"container\" data-e-type=\"container\">\n\t\t\t\t<div class=\"elementor-element elementor-element-df27852 elementor-widget elementor-widget-image\" data-id=\"df27852\" data-element_type=\"widget\" data-e-type=\"widget\" data-widget_type=\"image.default\">\n\t\t\t\t<div class=\"elementor-widget-container\">\n\t\t\t\t\t\t\t\t\t\t\t\t\t\t\t\t<a href=\"https:\/\/causses-gorgesaveyron.com\/wp-content\/uploads\/2025\/08\/environnement-1024x724-1.jpeg\" data-elementor-open-lightbox=\"yes\" data-elementor-lightbox-title=\"environnement-1024x724\" data-elementor-lightbox-description=\"Carte  ZNIEFF (Zones d\u2019Int\u00e9r\u00eat \u00c9cologique, Faunistique et Florales) Causses et Gorges Aveyron  (Vall\u00e9e de la Bonette - Cirque de B\u00f4ne - Roc D&#039;Anglars ...)\" data-e-action-hash=\"#elementor-action%3Aaction%3Dlightbox%26settings%3DeyJpZCI6NjIxNywidXJsIjoiaHR0cHM6XC9cL2NhdXNzZXMtZ29yZ2VzYXZleXJvbi5jb21cL3dwLWNvbnRlbnRcL3VwbG9hZHNcLzIwMjVcLzA4XC9lbnZpcm9ubmVtZW50LTEwMjR4NzI0LTEuanBlZyJ9\">\n\t\t\t\t\t\t\t<img fetchpriority=\"high\" decoding=\"async\" width=\"980\" height=\"693\" src=\"https:\/\/causses-gorgesaveyron.com\/wp-content\/uploads\/2025\/08\/environnement-1024x724-1.jpeg\" class=\"attachment-large size-large wp-image-6217\" alt=\"Mapa del entorno de Causses y Gargantas del Aveyron\" srcset=\"https:\/\/causses-gorgesaveyron.com\/wp-content\/uploads\/2025\/08\/environnement-1024x724-1.jpeg 1024w, https:\/\/causses-gorgesaveyron.com\/wp-content\/uploads\/2025\/08\/environnement-1024x724-1-300x212.jpeg 300w, https:\/\/causses-gorgesaveyron.com\/wp-content\/uploads\/2025\/08\/environnement-1024x724-1-768x543.jpeg 768w, https:\/\/causses-gorgesaveyron.com\/wp-content\/uploads\/2025\/08\/environnement-1024x724-1-18x12.jpeg 18w\" sizes=\"(max-width: 980px) 100vw, 980px\" \/>\t\t\t\t\t\t\t\t<\/a>\n\t\t\t\t\t\t\t\t\t\t\t\t\t\t\t<\/div>\n\t\t\t\t<\/div>\n\t\t\t\t<\/div>\n\t\t\t\t\t<\/div>\n\t\t\t\t<\/div>\n\t\t<div class=\"elementor-element elementor-element-349b35c e-flex e-con-boxed e-con e-parent\" data-id=\"349b35c\" data-element_type=\"container\" data-e-type=\"container\" data-settings=\"{&quot;background_background&quot;:&quot;classic&quot;}\">\n\t\t\t\t\t<div class=\"e-con-inner\">\n\t\t<div class=\"elementor-element elementor-element-7b564b5 e-con-full e-flex e-con e-child\" data-id=\"7b564b5\" data-element_type=\"container\" data-e-type=\"container\">\n\t\t\t\t<div class=\"elementor-element elementor-element-30fe96e elementor-skin-carousel elementor-arrows-yes elementor-pagination-type-bullets elementor-pagination-position-outside elementor-widget elementor-widget-media-carousel\" data-id=\"30fe96e\" data-element_type=\"widget\" data-e-type=\"widget\" data-settings=\"{&quot;slides_per_view&quot;:&quot;1&quot;,&quot;skin&quot;:&quot;carousel&quot;,&quot;effect&quot;:&quot;slide&quot;,&quot;show_arrows&quot;:&quot;yes&quot;,&quot;pagination&quot;:&quot;bullets&quot;,&quot;speed&quot;:500,&quot;autoplay&quot;:&quot;yes&quot;,&quot;autoplay_speed&quot;:5000,&quot;loop&quot;:&quot;yes&quot;,&quot;pause_on_hover&quot;:&quot;yes&quot;,&quot;pause_on_interaction&quot;:&quot;yes&quot;,&quot;space_between&quot;:{&quot;unit&quot;:&quot;px&quot;,&quot;size&quot;:10,&quot;sizes&quot;:[]},&quot;space_between_tablet&quot;:{&quot;unit&quot;:&quot;px&quot;,&quot;size&quot;:10,&quot;sizes&quot;:[]},&quot;space_between_mobile&quot;:{&quot;unit&quot;:&quot;px&quot;,&quot;size&quot;:10,&quot;sizes&quot;:[]}}\" data-widget_type=\"media-carousel.default\">\n\t\t\t\t<div class=\"elementor-widget-container\">\n\t\t\t\t\t\t\t\t\t<div class=\"elementor-swiper\">\n\t\t\t\t\t<div class=\"elementor-main-swiper swiper\" role=\"region\" aria-roledescription=\"carousel\" aria-label=\"Diapositivas\">\n\t\t\t\t<div class=\"swiper-wrapper\">\n\t\t\t\t\t\t\t\t\t\t\t<div class=\"swiper-slide\" role=\"group\" aria-roledescription=\"slide\">\n\t\t\t\t\t\t\t\t\t<div class=\"elementor-carousel-image\" role=\"img\" aria-label=\"nutria\" style=\"background-image: url(&#039;https:\/\/causses-gorgesaveyron.com\/wp-content\/uploads\/2025\/08\/otter-1438381_960_720.jpeg&#039;)\">\n\n\t\t\t\n\t\t\t\t\t<\/div>\n\t\t\t\t\t\t\t\t<\/div>\n\t\t\t\t\t\t\t\t\t\t\t<div class=\"swiper-slide\" role=\"group\" aria-roledescription=\"slide\">\n\t\t\t\t\t\t\t\t\t<div class=\"elementor-carousel-image\" role=\"img\" aria-label=\"dsc9586web-copie_orig\" style=\"background-image: url(&#039;https:\/\/causses-gorgesaveyron.com\/wp-content\/uploads\/2025\/08\/dsc9586web-copie_orig.jpeg&#039;)\">\n\n\t\t\t\n\t\t\t\t\t<\/div>\n\t\t\t\t\t\t\t\t<\/div>\n\t\t\t\t\t\t\t\t\t\t\t<div class=\"swiper-slide\" role=\"group\" aria-roledescription=\"slide\">\n\t\t\t\t\t\t\t\t\t<div class=\"elementor-carousel-image\" role=\"img\" aria-label=\"dsc0926-dxo-modifier-web-tv-2048_orig\" style=\"background-image: url(&#039;https:\/\/causses-gorgesaveyron.com\/wp-content\/uploads\/2025\/08\/dsc0926-dxo-modifier-web-tv-2048_orig.jpeg&#039;)\">\n\n\t\t\t\n\t\t\t\t\t<\/div>\n\t\t\t\t\t\t\t\t<\/div>\n\t\t\t\t\t\t\t\t\t<\/div>\n\t\t\t\t\t\t\t\t\t\t\t\t\t\t\t<div class=\"elementor-swiper-button elementor-swiper-button-prev\" role=\"button\" tabindex=\"0\" aria-label=\"Anterior\">\n\t\t\t\t\t\t\t<svg aria-hidden=\"true\" class=\"e-font-icon-svg e-eicon-chevron-left\" viewbox=\"0 0 1000 1000\" xmlns=\"http:\/\/www.w3.org\/2000\/svg\"><path d=\"M646 125C629 125 613 133 604 142L308 442C296 454 292 471 292 487 292 504 296 521 308 533L604 854C617 867 629 875 646 875 663 875 679 871 692 858 704 846 713 829 713 812 713 796 708 779 692 767L438 487 692 225C700 217 708 204 708 187 708 171 704 154 692 142 675 129 663 125 646 125Z\"><\/path><\/svg>\t\t\t\t\t\t<\/div>\n\t\t\t\t\t\t<div class=\"elementor-swiper-button elementor-swiper-button-next\" role=\"button\" tabindex=\"0\" aria-label=\"Siguiente\">\n\t\t\t\t\t\t\t<svg aria-hidden=\"true\" class=\"e-font-icon-svg e-eicon-chevron-right\" viewbox=\"0 0 1000 1000\" xmlns=\"http:\/\/www.w3.org\/2000\/svg\"><path d=\"M696 533C708 521 713 504 713 487 713 471 708 454 696 446L400 146C388 133 375 125 354 125 338 125 325 129 313 142 300 154 292 171 292 187 292 204 296 221 308 233L563 492 304 771C292 783 288 800 288 817 288 833 296 850 308 863 321 871 338 875 354 875 371 875 388 867 400 854L696 533Z\"><\/path><\/svg>\t\t\t\t\t\t<\/div>\n\t\t\t\t\t\t\t\t\t\t\t\t\t\t\t\t<div class=\"swiper-pagination\"><\/div>\n\t\t\t\t\t\t\t\t\t\t\t\t<\/div>\n\t\t\t\t<\/div>\n\t\t\t\t\t\t\t\t<\/div>\n\t\t\t\t<\/div>\n\t\t\t\t<\/div>\n\t\t<div class=\"elementor-element elementor-element-05f9cfe e-con-full e-flex e-con e-child\" data-id=\"05f9cfe\" data-element_type=\"container\" data-e-type=\"container\">\n\t\t\t\t<div class=\"elementor-element elementor-element-4c61444 elementor-widget elementor-widget-heading\" data-id=\"4c61444\" data-element_type=\"widget\" data-e-type=\"widget\" data-widget_type=\"heading.default\">\n\t\t\t\t<div class=\"elementor-widget-container\">\n\t\t\t\t\t<h3 class=\"elementor-heading-title elementor-size-default\">El entorno natural<\/h3>\t\t\t\t<\/div>\n\t\t\t\t<\/div>\n\t\t\t\t<div class=\"elementor-element elementor-element-3a9f0ee elementor-widget elementor-widget-heading\" data-id=\"3a9f0ee\" data-element_type=\"widget\" data-e-type=\"widget\" data-widget_type=\"heading.default\">\n\t\t\t\t<div class=\"elementor-widget-container\">\n\t\t\t\t\t<h2 class=\"elementor-heading-title elementor-size-default\">Especies protegidas<\/h2>\t\t\t\t<\/div>\n\t\t\t\t<\/div>\n\t\t\t\t<div class=\"elementor-element elementor-element-42fa2a6 elementor-widget-divider--view-line elementor-widget elementor-widget-divider\" data-id=\"42fa2a6\" data-element_type=\"widget\" data-e-type=\"widget\" data-widget_type=\"divider.default\">\n\t\t\t\t<div class=\"elementor-widget-container\">\n\t\t\t\t\t\t\t<div class=\"elementor-divider\">\n\t\t\t<span class=\"elementor-divider-separator\">\n\t\t\t\t\t\t<\/span>\n\t\t<\/div>\n\t\t\t\t\t\t<\/div>\n\t\t\t\t<\/div>\n\t\t\t\t<div class=\"elementor-element elementor-element-1d064cc elementor-widget elementor-widget-text-editor\" data-id=\"1d064cc\" data-element_type=\"widget\" data-e-type=\"widget\" data-widget_type=\"text-editor.default\">\n\t\t\t\t<div class=\"elementor-widget-container\">\n\t\t\t\t\t\t\t\t\t<p><strong>Algunas de las especies protegidas en las Causses y Gorges de l'Aveyron :<\/strong><\/p><p><span style=\"font-weight: 400;\"><strong>Flore<\/strong> : Aster amelle, Sabline des chaumes, Corbeille d'argent \u00e0 gros fruits, Leuz\u00e9e conif\u00e8re, Am\u00e9lanchier, Pistachier t\u00e9r\u00e9binthe, Filaria, Nerprun alaterne, Asperge \u00e0 feuilles piquantes, \u0152illet du Roussillon, Phagnalon sordide, Osyris blanc, arbusto de jazm\u00edn, arce de Montpellier, boj, enebro, orqu\u00eddeas, lirio martag\u00f3n, dentici\u00f3n de siete hojas, duiker rojo, scilla de primavera, scilla de dos hojas, fritillaria de Guinea, foca de Salom\u00f3n multiflora, etc.<\/span><\/p><p><span style=\"font-weight: 400;\"><strong>P\u00e1jaros<\/strong> Halc\u00f3n Peregrino, B\u00faho Real, Tichodrome \u00e9chelette, Vencejo Panza Blanca, Vencejo P\u00e1lido (avistamientos raros), Mart\u00edn Pescador Europeo, Milano Negro, etc.<\/span><\/p><p><span style=\"font-weight: 400;\"><strong>Mam\u00edferos<\/strong> Nutrias, numerosos quir\u00f3pteros (Mini\u00f3pteros de Schreibers, Petit\/Grand Murin, Rhinolophe euryale), etc.<\/span><\/p><p><span style=\"font-weight: 400;\"><strong>Reptiles y anfibios<\/strong> Serpiente esculapio, lagarto bicolor, lagarto ocelado, serpiente helv\u00e9tica, serpiente de cuello anillado, serpiente viperina, rana \u00e1gil, lagarto verde, lagarto bicolor, rana arbor\u00edcola meridional, etc.<\/span><\/p><p><span style=\"font-weight: 400;\"><strong>Insectos<\/strong> Gran variedad de odonatos, como el carey moteado, la molleja, el mercurio, etc.<\/span><\/p>\t\t\t\t\t\t\t\t<\/div>\n\t\t\t\t<\/div>\n\t\t\t\t<\/div>\n\t\t\t\t\t<\/div>\n\t\t\t\t<\/div>\n\t\t<div class=\"elementor-element elementor-element-295a91b e-flex e-con-boxed e-con e-parent\" data-id=\"295a91b\" data-element_type=\"container\" data-e-type=\"container\" data-settings=\"{&quot;background_background&quot;:&quot;classic&quot;}\">\n\t\t\t\t\t<div class=\"e-con-inner\">\n\t\t\t\t<div class=\"elementor-element elementor-element-d718800 elementor-widget elementor-widget-heading\" data-id=\"d718800\" data-element_type=\"widget\" data-e-type=\"widget\" data-widget_type=\"heading.default\">\n\t\t\t\t<div class=\"elementor-widget-container\">\n\t\t\t\t\t<h3 class=\"elementor-heading-title elementor-size-default\">Nuestros parajes naturales<\/h3>\t\t\t\t<\/div>\n\t\t\t\t<\/div>\n\t\t\t\t<div class=\"elementor-element elementor-element-b80f8e8 elementor-widget elementor-widget-heading\" data-id=\"b80f8e8\" data-element_type=\"widget\" data-e-type=\"widget\" data-widget_type=\"heading.default\">\n\t\t\t\t<div class=\"elementor-widget-container\">\n\t\t\t\t\t<h2 class=\"elementor-heading-title elementor-size-default\">\u00bfLe apetece disfrutar de la naturaleza?<\/h2>\t\t\t\t<\/div>\n\t\t\t\t<\/div>\n\t\t\t\t<div class=\"elementor-element elementor-element-3df408a elementor-button-primary elementor-align-center elementor-widget elementor-widget-button\" data-id=\"3df408a\" data-element_type=\"widget\" data-e-type=\"widget\" data-widget_type=\"button.default\">\n\t\t\t\t<div class=\"elementor-widget-container\">\n\t\t\t\t\t        <div class=\"elementor-button-wrapper\">\n            <a href=\"https:\/\/causses-gorgesaveyron.com\/es\/descubra\/parajes-naturales\/\" class=\"elementor-button-link elementor-button elementor-size-lg\" role=\"button\">\n                        <span class=\"elementor-button-content-wrapper\">\n\t\t\t            <span class=\"elementor-button-text\">all\u00e1 vamos<\/span>\n\t\t<\/span>\n                    <\/a>\n        <\/div>\n        \t\t\t\t<\/div>\n\t\t\t\t<\/div>\n\t\t\t\t\t<\/div>\n\t\t\t\t<\/div>\n\t\t\t\t<\/div>","protected":false},"excerpt":{"rendered":"<p>Faune &amp; Flore locale \u00e0 pr\u00e9server Une faune et une flore \u00e0 pr\u00e9server et \u00e0 d\u00e9couvrir C&#8217;est dans le d\u00e9partement voisin que na\u00eet la rivi\u00e8re Aveyron mais c&#8217;est dans le Tarn-et-Garonne qu&#8217;elle offre toute sa richesse. Dans ce cours d&#8217;eau se jettent quatre affluents, forgeant ainsi le paysage singulier des Causses et Gorges de l&#8217;Aveyron [&hellip;]<\/p>\n","protected":false},"author":3,"featured_media":0,"parent":3236,"menu_order":0,"comment_status":"closed","ping_status":"closed","template":"","meta":{"om_disable_all_campaigns":false,"_monsterinsights_skip_tracking":false,"_monsterinsights_sitenote_active":false,"_monsterinsights_sitenote_note":"","_monsterinsights_sitenote_category":0,"footnotes":""},"class_list":["post-5613","page","type-page","status-publish","hentry"],"aioseo_notices":[],"_links":{"self":[{"href":"https:\/\/causses-gorgesaveyron.com\/es\/wp-json\/wp\/v2\/pages\/5613","targetHints":{"allow":["GET"]}}],"collection":[{"href":"https:\/\/causses-gorgesaveyron.com\/es\/wp-json\/wp\/v2\/pages"}],"about":[{"href":"https:\/\/causses-gorgesaveyron.com\/es\/wp-json\/wp\/v2\/types\/page"}],"author":[{"embeddable":true,"href":"https:\/\/causses-gorgesaveyron.com\/es\/wp-json\/wp\/v2\/users\/3"}],"replies":[{"embeddable":true,"href":"https:\/\/causses-gorgesaveyron.com\/es\/wp-json\/wp\/v2\/comments?post=5613"}],"version-history":[{"count":52,"href":"https:\/\/causses-gorgesaveyron.com\/es\/wp-json\/wp\/v2\/pages\/5613\/revisions"}],"predecessor-version":[{"id":7755,"href":"https:\/\/causses-gorgesaveyron.com\/es\/wp-json\/wp\/v2\/pages\/5613\/revisions\/7755"}],"up":[{"embeddable":true,"href":"https:\/\/causses-gorgesaveyron.com\/es\/wp-json\/wp\/v2\/pages\/3236"}],"wp:attachment":[{"href":"https:\/\/causses-gorgesaveyron.com\/es\/wp-json\/wp\/v2\/media?parent=5613"}],"curies":[{"name":"wp","href":"https:\/\/api.w.org\/{rel}","templated":true}]}}