{"id":7770,"date":"2025-10-20T09:07:38","date_gmt":"2025-10-20T07:07:38","guid":{"rendered":"https:\/\/dev.causses-gorgesaveyron.com\/?page_id=7770"},"modified":"2025-10-23T17:50:22","modified_gmt":"2025-10-23T15:50:22","slug":"informacion-legal","status":"publish","type":"page","link":"https:\/\/causses-gorgesaveyron.com\/es\/mentions-legales\/","title":{"rendered":"Informaci\u00f3n jur\u00eddica"},"content":{"rendered":"<div data-elementor-type=\"wp-page\" data-elementor-id=\"7770\" class=\"elementor elementor-7770\" data-elementor-post-type=\"page\">\n\t\t\t\t<div class=\"elementor-element elementor-element-1930959 e-con-full e-flex e-con e-parent\" data-id=\"1930959\" data-element_type=\"container\" data-e-type=\"container\">\n\t\t<div class=\"elementor-element elementor-element-33118cb e-con-full e-flex e-con e-child\" data-id=\"33118cb\" data-element_type=\"container\" data-e-type=\"container\" data-settings=\"{&quot;background_background&quot;:&quot;classic&quot;}\">\n\t\t\t\t<div class=\"elementor-element elementor-element-742a041 elementor-widget elementor-widget-heading\" data-id=\"742a041\" data-element_type=\"widget\" data-e-type=\"widget\" data-widget_type=\"heading.default\">\n\t\t\t\t<div class=\"elementor-widget-container\">\n\t\t\t\t\t<h1 class=\"elementor-heading-title elementor-size-default\">Informaci\u00f3n jur\u00eddica<\/h1>\t\t\t\t<\/div>\n\t\t\t\t<\/div>\n\t\t\t\t<\/div>\n\t\t\t\t<\/div>\n\t\t<div class=\"elementor-element elementor-element-223cb5f e-flex e-con-boxed e-con e-parent\" data-id=\"223cb5f\" data-element_type=\"container\" data-e-type=\"container\">\n\t\t\t\t\t<div class=\"e-con-inner\">\n\t\t\t\t<div class=\"elementor-element elementor-element-71dff6f elementor-widget elementor-widget-text-editor\" data-id=\"71dff6f\" data-element_type=\"widget\" data-e-type=\"widget\" data-widget_type=\"text-editor.default\">\n\t\t\t\t<div class=\"elementor-widget-container\">\n\t\t\t\t\t\t\t\t\t<h3><b>1. Editor del sitio<\/b><\/h3><p><b>Oficina de Turismo<\/b><b><br \/><\/b><span style=\"font-weight: 400;\"> Establecimiento de las Gargantas del Quercy Rouergue y del Aveyron (CCQRG)<\/span><span style=\"font-weight: 400;\"><br \/><\/span><span style=\"font-weight: 400;\"> Plaza de la Alcald\u00eda<\/span><span style=\"font-weight: 400;\"><br \/><\/span><span style=\"font-weight: 400;\"> 82140 Saint-Antonin-Noble-Val<\/span><span style=\"font-weight: 400;\"><br \/><\/span><span style=\"font-weight: 400;\"> SIRET: 24820010700014<\/span><span style=\"font-weight: 400;\"><br \/><\/span><span style=\"font-weight: 400;\"> Tel\u00e9fono: 05 63 30 63 47<\/span><span style=\"font-weight: 400;\"><br \/><\/span><span style=\"font-weight: 400;\"> Correo electr\u00f3nico: communication@cc-qrga.fr<\/span><span style=\"font-weight: 400;\"><br \/><\/span><span style=\"font-weight: 400;\"> Lugar :<\/span><a href=\"https:\/\/causses-gorgesaveyron.com\/es\/\"> <span style=\"font-weight: 400;\">https:\/\/causses-gorgesaveyron.com<\/span><\/a><\/p><h3><b>2. Persona responsable de la publicaci\u00f3n<\/b><\/h3><p><span style=\"font-weight: 400;\">Francis Khattou<\/span><\/p><h3><b>3. Dise\u00f1o y producci\u00f3n del sitio web<\/b><\/h3><p><span style=\"font-weight: 400;\">Todo en Co.<\/span><\/p><h3><b>4. Alojamiento<\/b><\/h3><p><span style=\"font-weight: 400;\">OVH SAS<\/span><span style=\"font-weight: 400;\"><br \/><\/span><span style=\"font-weight: 400;\"> 2 rue Kellermann<\/span><span style=\"font-weight: 400;\"><br \/><\/span><span style=\"font-weight: 400;\"> 59100 Roubaix - Francia<\/span><span style=\"font-weight: 400;\"><br \/><\/span><span style=\"font-weight: 400;\"> RCS Lille M\u00e9tropole 424 761 419 00045<\/span><span style=\"font-weight: 400;\"><br \/><\/span><span style=\"font-weight: 400;\"> Capital social: 10.174.560 euros<\/span><span style=\"font-weight: 400;\"><br \/><\/span><span style=\"font-weight: 400;\"> P\u00e1gina web: www.ovh.com<\/span><\/p><h3><b>5. 5. Derechos de propiedad intelectual<\/b><\/h3><p><span style=\"font-weight: 400;\">Todo el material de este sitio (textos, im\u00e1genes, gr\u00e1ficos, logotipos, iconos, sonidos, software, etc.) est\u00e1 protegido por la legislaci\u00f3n francesa sobre derechos de autor y propiedad intelectual.<\/span><span style=\"font-weight: 400;\"><br \/><\/span><span style=\"font-weight: 400;\"> Queda prohibida toda reproducci\u00f3n, representaci\u00f3n, modificaci\u00f3n, publicaci\u00f3n o adaptaci\u00f3n total o parcial de los elementos del sitio sin la autorizaci\u00f3n previa por escrito del editor.<\/span><\/p><h3><b>6. Cr\u00e9ditos<\/b><\/h3><p>Vincent photographie, Nuuk photographie, CC QRGA, Hugo Huques, ADT 82, Les Conteurs, Bastides et Gorges de l'Aveyron, CRTL<\/p><h3><b>7. Responsabilidad<\/b><\/h3><p><span style=\"font-weight: 400;\">La Oficina de Turismo de Quercy Rouergue y Gargantas del Aveyron se esfuerza por garantizar la exactitud y la actualidad de la informaci\u00f3n publicada en el sitio. No obstante, no puede garantizar la exactitud, precisi\u00f3n o exhaustividad de la informaci\u00f3n puesta a disposici\u00f3n.<\/span><span style=\"font-weight: 400;\"><br \/><\/span><span style=\"font-weight: 400;\"> La Oficina de Turismo se reserva el derecho de modificar o corregir el contenido del sitio en cualquier momento.<\/span><span style=\"font-weight: 400;\"><br \/><\/span><span style=\"font-weight: 400;\"> La Oficina de Turismo no se hace responsable de los enlaces de hipertexto de este sitio que remitan a otros recursos.<\/span><\/p><h3><b>8. Datos personales<\/b><\/h3><p><span style=\"font-weight: 400;\">Los datos recogidos a trav\u00e9s del sitio se procesan de conformidad con el Reglamento General de Protecci\u00f3n de Datos (RGPD). Para m\u00e1s informaci\u00f3n, consulte la Pol\u00edtica de privacidad.<\/span><\/p><h3><b>9. 9. Derecho aplicable<\/b><\/h3><p><span style=\"font-weight: 400;\">Este sitio se rige por la legislaci\u00f3n francesa. En caso de litigio, y a falta de soluci\u00f3n amistosa, los tribunales competentes ser\u00e1n los de la jurisdicci\u00f3n francesa correspondiente.<\/span><\/p>\t\t\t\t\t\t\t\t<\/div>\n\t\t\t\t<\/div>\n\t\t\t\t\t<\/div>\n\t\t\t\t<\/div>\n\t\t\t\t<\/div>","protected":false},"excerpt":{"rendered":"<p>Mentions l\u00e9gales 1. \u00c9diteur du site Office de Tourisme \u00c9tablissement Quercy Rouergue et des Gorges de l\u2019Aveyron (CCQRG) Place de la Mairie 82140 Saint-Antonin-Noble-Val SIRET : 24820010700014 T\u00e9l\u00e9phone : 05 63 30 63 47 E-mail : communication@cc-qrga.fr Site : https:\/\/causses-gorgesaveyron.com 2. Responsable de la publication Francis Khattou 3. Conception et r\u00e9alisation du site Tout en [&hellip;]<\/p>\n","protected":false},"author":3,"featured_media":0,"parent":0,"menu_order":0,"comment_status":"closed","ping_status":"closed","template":"","meta":{"om_disable_all_campaigns":false,"_monsterinsights_skip_tracking":false,"_monsterinsights_sitenote_active":false,"_monsterinsights_sitenote_note":"","_monsterinsights_sitenote_category":0,"footnotes":""},"class_list":["post-7770","page","type-page","status-publish","hentry"],"aioseo_notices":[],"_links":{"self":[{"href":"https:\/\/causses-gorgesaveyron.com\/es\/wp-json\/wp\/v2\/pages\/7770","targetHints":{"allow":["GET"]}}],"collection":[{"href":"https:\/\/causses-gorgesaveyron.com\/es\/wp-json\/wp\/v2\/pages"}],"about":[{"href":"https:\/\/causses-gorgesaveyron.com\/es\/wp-json\/wp\/v2\/types\/page"}],"author":[{"embeddable":true,"href":"https:\/\/causses-gorgesaveyron.com\/es\/wp-json\/wp\/v2\/users\/3"}],"replies":[{"embeddable":true,"href":"https:\/\/causses-gorgesaveyron.com\/es\/wp-json\/wp\/v2\/comments?post=7770"}],"version-history":[{"count":16,"href":"https:\/\/causses-gorgesaveyron.com\/es\/wp-json\/wp\/v2\/pages\/7770\/revisions"}],"predecessor-version":[{"id":7947,"href":"https:\/\/causses-gorgesaveyron.com\/es\/wp-json\/wp\/v2\/pages\/7770\/revisions\/7947"}],"wp:attachment":[{"href":"https:\/\/causses-gorgesaveyron.com\/es\/wp-json\/wp\/v2\/media?parent=7770"}],"curies":[{"name":"wp","href":"https:\/\/api.w.org\/{rel}","templated":true}]}}