{"id":7968,"date":"2025-10-27T15:49:17","date_gmt":"2025-10-27T14:49:17","guid":{"rendered":"https:\/\/causses-gorgesaveyron.com\/?page_id=7968"},"modified":"2025-10-27T17:11:26","modified_gmt":"2025-10-27T16:11:26","slug":"formulario-de-eventos","status":"publish","type":"page","link":"https:\/\/causses-gorgesaveyron.com\/es\/formulaire-evenements\/","title":{"rendered":"Formulario de eventos"},"content":{"rendered":"<div data-elementor-type=\"wp-page\" data-elementor-id=\"7968\" class=\"elementor elementor-7968\" data-elementor-post-type=\"page\">\n\t\t\t\t<div class=\"elementor-element elementor-element-6ac13736 e-con-full e-flex e-con e-parent\" data-id=\"6ac13736\" data-element_type=\"container\" data-e-type=\"container\">\n\t\t<div class=\"elementor-element elementor-element-36afff71 e-flex e-con-boxed e-con e-child\" data-id=\"36afff71\" data-element_type=\"container\" data-e-type=\"container\" data-settings=\"{&quot;background_background&quot;:&quot;classic&quot;}\">\n\t\t\t\t\t<div class=\"e-con-inner\">\n\t\t\t\t<div class=\"elementor-element elementor-element-6b5094d7 elementor-widget elementor-widget-heading\" data-id=\"6b5094d7\" data-element_type=\"widget\" data-e-type=\"widget\" data-widget_type=\"heading.default\">\n\t\t\t\t<div class=\"elementor-widget-container\">\n\t\t\t\t\t<h2 class=\"elementor-heading-title elementor-size-default\">Anuncie sus eventos<\/h2>\t\t\t\t<\/div>\n\t\t\t\t<\/div>\n\t\t\t\t\t<\/div>\n\t\t\t\t<\/div>\n\t\t\t\t<\/div>\n\t\t<div class=\"elementor-element elementor-element-7eb151e e-flex e-con-boxed e-con e-parent\" data-id=\"7eb151e\" data-element_type=\"container\" data-e-type=\"container\">\n\t\t\t\t\t<div class=\"e-con-inner\">\n\t\t\t\t<div class=\"elementor-element elementor-element-96ad024 elementor-widget elementor-widget-text-editor\" data-id=\"96ad024\" data-element_type=\"widget\" data-e-type=\"widget\" data-widget_type=\"text-editor.default\">\n\t\t\t\t<div class=\"elementor-widget-container\">\n\t\t\t\t\t\t\t\t\t<p>Rellene el siguiente formulario y se enviar\u00e1 su solicitud. Su evento tardar\u00e1 unas 24 horas en publicarse en la agenda.<\/p>\n<p>La Oficina de Turismo se reserva el derecho de no publicar acontecimientos de car\u00e1cter pol\u00edtico o religioso.<\/p>\n<p>Por favor, a\u00f1ada al menos una foto (800 px) con copyright (cr\u00e9dito de la foto).<\/p>\t\t\t\t\t\t\t\t<\/div>\n\t\t\t\t<\/div>\n\t\t\t\t<div class=\"elementor-element elementor-element-fa9a04c elementor-widget elementor-widget-html\" data-id=\"fa9a04c\" data-element_type=\"widget\" data-e-type=\"widget\" data-widget_type=\"html.default\">\n\t\t\t\t<div class=\"elementor-widget-container\">\n\t\t\t\t\t<iframe src=\"https:\/\/event.apidae-tourisme.com\/?territoire=5688143&contactObligatoire=1&reservation=1&mm=1&copyright=1&illustrationMini=800&illustrationObligatoire=1\" frameborder=\"0\" style=\"width:100%;height:3300px;\"><\/iframe>\t\t\t\t<\/div>\n\t\t\t\t<\/div>\n\t\t\t\t\t<\/div>\n\t\t\t\t<\/div>\n\t\t\t\t<\/div>","protected":false},"excerpt":{"rendered":"<p>Annoncez vos \u00e9v\u00e9nements Merci de remplir le formulaire ci-dessous et votre demande sera transmise. Il faut compter environ 24h pour que votre \u00e9v\u00e9nement soit publi\u00e9 dans l&#8217;agenda. L&#8217;office de tourisme se r\u00e9serv\u00e9 le droit de ne pas publier des \u00e9v\u00e9nements \u00e0 caract\u00e8re politique ou religieux. Merci de bien vouloir ajouter au minimum une photo (800 [&hellip;]<\/p>\n","protected":false},"author":1,"featured_media":0,"parent":0,"menu_order":0,"comment_status":"closed","ping_status":"closed","template":"","meta":{"om_disable_all_campaigns":false,"_monsterinsights_skip_tracking":false,"_monsterinsights_sitenote_active":false,"_monsterinsights_sitenote_note":"","_monsterinsights_sitenote_category":0,"footnotes":""},"class_list":["post-7968","page","type-page","status-publish","hentry"],"aioseo_notices":[],"_links":{"self":[{"href":"https:\/\/causses-gorgesaveyron.com\/es\/wp-json\/wp\/v2\/pages\/7968","targetHints":{"allow":["GET"]}}],"collection":[{"href":"https:\/\/causses-gorgesaveyron.com\/es\/wp-json\/wp\/v2\/pages"}],"about":[{"href":"https:\/\/causses-gorgesaveyron.com\/es\/wp-json\/wp\/v2\/types\/page"}],"author":[{"embeddable":true,"href":"https:\/\/causses-gorgesaveyron.com\/es\/wp-json\/wp\/v2\/users\/1"}],"replies":[{"embeddable":true,"href":"https:\/\/causses-gorgesaveyron.com\/es\/wp-json\/wp\/v2\/comments?post=7968"}],"version-history":[{"count":10,"href":"https:\/\/causses-gorgesaveyron.com\/es\/wp-json\/wp\/v2\/pages\/7968\/revisions"}],"predecessor-version":[{"id":7984,"href":"https:\/\/causses-gorgesaveyron.com\/es\/wp-json\/wp\/v2\/pages\/7968\/revisions\/7984"}],"wp:attachment":[{"href":"https:\/\/causses-gorgesaveyron.com\/es\/wp-json\/wp\/v2\/media?parent=7968"}],"curies":[{"name":"wp","href":"https:\/\/api.w.org\/{rel}","templated":true}]}}