{"id":8406,"date":"2026-01-14T17:38:20","date_gmt":"2026-01-14T16:38:20","guid":{"rendered":"https:\/\/causses-gorgesaveyron.com\/?page_id=8406"},"modified":"2026-04-08T16:17:49","modified_gmt":"2026-04-08T14:17:49","slug":"dia-mundial-del-arte","status":"publish","type":"page","link":"https:\/\/causses-gorgesaveyron.com\/es\/journees-mondiales-des-metiers-dart\/","title":{"rendered":"Journ\u00e9es europ\u00e9ennes des m\u00e9tiers d&#8217;art"},"content":{"rendered":"<div data-elementor-type=\"wp-page\" data-elementor-id=\"8406\" class=\"elementor elementor-8406\" data-elementor-post-type=\"page\">\n\t\t\t\t<div class=\"elementor-element elementor-element-b9eb60b e-con-full e-flex e-con e-parent\" data-id=\"b9eb60b\" data-element_type=\"container\" data-e-type=\"container\">\n\t\t<div class=\"elementor-element elementor-element-b85594c e-flex e-con-boxed e-con e-child\" data-id=\"b85594c\" data-element_type=\"container\" data-e-type=\"container\" data-settings=\"{&quot;background_background&quot;:&quot;classic&quot;}\">\n\t\t\t\t\t<div class=\"e-con-inner\">\n\t\t\t\t<div class=\"elementor-element elementor-element-1439ff3 elementor-widget elementor-widget-heading\" data-id=\"1439ff3\" data-element_type=\"widget\" data-e-type=\"widget\" data-widget_type=\"heading.default\">\n\t\t\t\t<div class=\"elementor-widget-container\">\n\t\t\t\t\t<h1 class=\"elementor-heading-title elementor-size-default\">JORNADAS EUROPEAS <br>ARTESAN\u00cdA<\/h1>\t\t\t\t<\/div>\n\t\t\t\t<\/div>\n\t\t\t\t\t<\/div>\n\t\t\t\t<\/div>\n\t\t\t\t<\/div>\n\t\t<div class=\"elementor-element elementor-element-a1dab87 e-flex e-con-boxed e-con e-parent\" data-id=\"a1dab87\" data-element_type=\"container\" data-e-type=\"container\">\n\t\t\t\t\t<div class=\"e-con-inner\">\n\t\t\t\t<div class=\"elementor-element elementor-element-a643e81 elementor-widget elementor-widget-heading\" data-id=\"a643e81\" data-element_type=\"widget\" data-e-type=\"widget\" data-widget_type=\"heading.default\">\n\t\t\t\t<div class=\"elementor-widget-container\">\n\t\t\t\t\t<h2 class=\"elementor-heading-title elementor-size-default\">Descubra a los artistas y artesanos de Pays Midi Quercy<\/h2>\t\t\t\t<\/div>\n\t\t\t\t<\/div>\n\t\t\t\t\t<\/div>\n\t\t\t\t<\/div>\n\t\t<div class=\"elementor-element elementor-element-e4d4d66 e-flex e-con-boxed e-con e-parent\" data-id=\"e4d4d66\" data-element_type=\"container\" data-e-type=\"container\">\n\t\t\t\t\t<div class=\"e-con-inner\">\n\t\t\t\t<div class=\"elementor-element elementor-element-edc8c5b elementor-widget elementor-widget-text-editor\" data-id=\"edc8c5b\" data-element_type=\"widget\" data-e-type=\"widget\" data-widget_type=\"text-editor.default\">\n\t\t\t\t<div class=\"elementor-widget-container\">\n\t\t\t\t\t\t\t\t\t<p><span style=\"text-align: center;\">El arte y la artesan\u00eda ser\u00e1n los protagonistas del fin de semana.<\/span><\/p><p><span style=\"text-align: center;\">Venga a descubrir a los artesanos y artistas m\u00e1s cercanos y participe en talleres y demostraciones.<\/span><\/p>\t\t\t\t\t\t\t\t<\/div>\n\t\t\t\t<\/div>\n\t\t\t\t\t<\/div>\n\t\t\t\t<\/div>\n\t\t<div class=\"elementor-element elementor-element-6f1e6a5 e-flex e-con-boxed e-con e-parent\" data-id=\"6f1e6a5\" data-element_type=\"container\" data-e-type=\"container\">\n\t\t\t\t\t<div class=\"e-con-inner\">\n\t\t\t\t<div class=\"elementor-element elementor-element-f9ea2c0 elementor-widget elementor-widget-text-editor\" data-id=\"f9ea2c0\" data-element_type=\"widget\" data-e-type=\"widget\" data-widget_type=\"text-editor.default\">\n\t\t\t\t<div class=\"elementor-widget-container\">\n\t\t\t\t\t\t\t\t\t<p class=\"text-build-content\" style=\"font-family: Unna, sans-serif; font-size: 22px;\"><span style=\"font-family: Unna, Arial, sans-serif; line-height: 22px;\">\u00a0<\/span><\/p><p class=\"text-build-content\" style=\"font-family: Unna, sans-serif; font-size: 22px; line-height: 46px; text-align: center;\"><span style=\"background-color: #000000; color: #ffffff; font-family: 'Bebas Neue', Arial, sans-serif; font-size: 30px;\">JORNADAS EUROPEAS DE ARTESAN\u00cdA<\/span><\/p><p class=\"text-build-content\" style=\"font-family: Unna, sans-serif; font-size: 22px; line-height: 46px; text-align: center;\"><span style=\"font-family: Unna, Arial, sans-serif;\">Del 10 al 12 de abril en la regi\u00f3n de Midi-Quercy.<\/span><\/p>\t\t\t\t\t\t\t\t<\/div>\n\t\t\t\t<\/div>\n\t\t\t\t\t<\/div>\n\t\t\t\t<\/div>\n\t\t\t\t<section class=\"elementor-section elementor-top-section elementor-element elementor-element-30a903f elementor-section-stretched elementor-section-boxed elementor-section-height-default elementor-section-height-default\" data-id=\"30a903f\" data-element_type=\"section\" data-e-type=\"section\" data-settings=\"{&quot;stretch_section&quot;:&quot;section-stretched&quot;,&quot;background_background&quot;:&quot;classic&quot;}\">\n\t\t\t\t\t\t<div class=\"elementor-container elementor-column-gap-no\">\n\t\t\t\t\t<div class=\"elementor-column elementor-col-100 elementor-top-column elementor-element elementor-element-b371282\" data-id=\"b371282\" data-element_type=\"column\" data-e-type=\"column\">\n\t\t\t<div class=\"elementor-widget-wrap elementor-element-populated\">\n\t\t\t\t\t\t<div class=\"elementor-element elementor-element-27d9b5a elementor-widget elementor-widget-image\" data-id=\"27d9b5a\" data-element_type=\"widget\" data-e-type=\"widget\" data-widget_type=\"image.default\">\n\t\t\t\t<div class=\"elementor-widget-container\">\n\t\t\t\t\t\t\t\t\t\t\t\t\t\t\t<img fetchpriority=\"high\" decoding=\"async\" width=\"724\" height=\"1024\" src=\"https:\/\/causses-gorgesaveyron.com\/wp-content\/uploads\/2026\/03\/flyer_jema_2026-glisses-724x1024.jpg\" class=\"attachment-large size-large wp-image-9212\" alt=\"D\u00edas Europeos de la Artesan\u00eda, Pays Midi Quercy\" srcset=\"https:\/\/causses-gorgesaveyron.com\/wp-content\/uploads\/2026\/03\/flyer_jema_2026-glisses-724x1024.jpg 724w, https:\/\/causses-gorgesaveyron.com\/wp-content\/uploads\/2026\/03\/flyer_jema_2026-glisses-212x300.jpg 212w, https:\/\/causses-gorgesaveyron.com\/wp-content\/uploads\/2026\/03\/flyer_jema_2026-glisses-768x1086.jpg 768w, https:\/\/causses-gorgesaveyron.com\/wp-content\/uploads\/2026\/03\/flyer_jema_2026-glisses-1086x1536.jpg 1086w, https:\/\/causses-gorgesaveyron.com\/wp-content\/uploads\/2026\/03\/flyer_jema_2026-glisses-1448x2048.jpg 1448w, https:\/\/causses-gorgesaveyron.com\/wp-content\/uploads\/2026\/03\/flyer_jema_2026-glisses-8x12.jpg 8w, https:\/\/causses-gorgesaveyron.com\/wp-content\/uploads\/2026\/03\/flyer_jema_2026-glisses-scaled.jpg 1810w\" sizes=\"(max-width: 724px) 100vw, 724px\" \/>\t\t\t\t\t\t\t\t\t\t\t\t\t\t\t<\/div>\n\t\t\t\t<\/div>\n\t\t\t\t<section class=\"elementor-section elementor-inner-section elementor-element elementor-element-7ca83b0 elementor-section-content-middle elementor-section-boxed elementor-section-height-default elementor-section-height-default\" data-id=\"7ca83b0\" data-element_type=\"section\" data-e-type=\"section\">\n\t\t\t\t\t\t<div class=\"elementor-container elementor-column-gap-no\">\n\t\t\t\t\t<div class=\"elementor-column elementor-col-100 elementor-inner-column elementor-element elementor-element-9f76d5d\" data-id=\"9f76d5d\" data-element_type=\"column\" data-e-type=\"column\">\n\t\t\t<div class=\"elementor-widget-wrap elementor-element-populated\">\n\t\t\t\t\t\t<div class=\"elementor-element elementor-element-0f57711 elementor-widget-divider--view-line elementor-widget elementor-widget-divider\" data-id=\"0f57711\" data-element_type=\"widget\" data-e-type=\"widget\" data-widget_type=\"divider.default\">\n\t\t\t\t<div class=\"elementor-widget-container\">\n\t\t\t\t\t\t\t<div class=\"elementor-divider\">\n\t\t\t<span class=\"elementor-divider-separator\">\n\t\t\t\t\t\t<\/span>\n\t\t<\/div>\n\t\t\t\t\t\t<\/div>\n\t\t\t\t<\/div>\n\t\t\t\t<div class=\"elementor-element elementor-element-7a24b23 elementor-align-center elementor-widget elementor-widget-button\" data-id=\"7a24b23\" data-element_type=\"widget\" data-e-type=\"widget\" data-widget_type=\"button.default\">\n\t\t\t\t<div class=\"elementor-widget-container\">\n\t\t\t\t\t        <div class=\"elementor-button-wrapper\">\n            <a href=\"https:\/\/causses-gorgesaveyron.com\/wp-content\/uploads\/2020\/03\/flyer_jema_2026_compressed-2.pdf\" target=\"_blank\" class=\"elementor-button-link elementor-button elementor-size-sm\" role=\"button\">\n                        <span class=\"elementor-button-content-wrapper\">\n\t\t\t            <span class=\"elementor-button-text\">DESCUBRA EL PROGRAMA<\/span>\n\t\t<\/span>\n                    <\/a>\n        <\/div>\n        \t\t\t\t<\/div>\n\t\t\t\t<\/div>\n\t\t\t\t\t<\/div>\n\t\t<\/div>\n\t\t\t\t\t<\/div>\n\t\t<\/section>\n\t\t\t\t\t<\/div>\n\t\t<\/div>\n\t\t\t\t\t<\/div>\n\t\t<\/section>\n\t\t<div class=\"elementor-element elementor-element-812698b e-flex e-con-boxed e-con e-parent\" data-id=\"812698b\" data-element_type=\"container\" data-e-type=\"container\">\n\t\t\t\t\t<div class=\"e-con-inner\">\n\t\t\t\t<div class=\"elementor-element elementor-element-b80e83b elementor-widget elementor-widget-heading\" data-id=\"b80e83b\" data-element_type=\"widget\" data-e-type=\"widget\" data-widget_type=\"heading.default\">\n\t\t\t\t<div class=\"elementor-widget-container\">\n\t\t\t\t\t<h2 class=\"elementor-heading-title elementor-size-default\">\u00bfQU\u00c9 ES EL JEMA?<\/h2>\t\t\t\t<\/div>\n\t\t\t\t<\/div>\n\t\t\t\t<div class=\"elementor-element elementor-element-16990ce elementor-widget elementor-widget-text-editor\" data-id=\"16990ce\" data-element_type=\"widget\" data-e-type=\"widget\" data-widget_type=\"text-editor.default\">\n\t\t\t\t<div class=\"elementor-widget-container\">\n\t\t\t\t\t\t\t\t\t<p class=\"MsoNormal\" style=\"margin: 0cm; font-size: medium; font-family: Aptos, sans-serif;\">Un acontecimiento \u00fanico y gratuito dedicado a mostrar el arte y la artesan\u00eda, con jornadas de puertas abiertas de talleres, demostraciones, conferencias, talleres de descubrimiento y mucho m\u00e1s. Una celebraci\u00f3n mundial de estas habilidades excepcionales.\u00a0<\/p>\t\t\t\t\t\t\t\t<\/div>\n\t\t\t\t<\/div>\n\t\t\t\t\t<\/div>\n\t\t\t\t<\/div>\n\t\t<div class=\"elementor-element elementor-element-591893e e-flex e-con-boxed e-con e-parent\" data-id=\"591893e\" data-element_type=\"container\" data-e-type=\"container\">\n\t\t\t\t\t<div class=\"e-con-inner\">\n\t\t<div class=\"elementor-element elementor-element-fc3b98b e-con-full e-flex e-con e-child\" data-id=\"fc3b98b\" data-element_type=\"container\" data-e-type=\"container\">\n\t\t\t\t<div class=\"elementor-element elementor-element-1b63bc4 elementor-widget elementor-widget-heading\" data-id=\"1b63bc4\" data-element_type=\"widget\" data-e-type=\"widget\" data-widget_type=\"heading.default\">\n\t\t\t\t<div class=\"elementor-widget-container\">\n\t\t\t\t\t<h3 class=\"elementor-heading-title elementor-size-default\">\u00bfD\u00d3NDE Y CU\u00c1NDO?<\/h3>\t\t\t\t<\/div>\n\t\t\t\t<\/div>\n\t\t\t\t<\/div>\n\t\t<div class=\"elementor-element elementor-element-09f7b98 e-con-full e-flex e-con e-child\" data-id=\"09f7b98\" data-element_type=\"container\" data-e-type=\"container\">\n\t\t\t\t<div class=\"elementor-element elementor-element-872c18c elementor-widget elementor-widget-heading\" data-id=\"872c18c\" data-element_type=\"widget\" data-e-type=\"widget\" data-widget_type=\"heading.default\">\n\t\t\t\t<div class=\"elementor-widget-container\">\n\t\t\t\t\t<h3 class=\"elementor-heading-title elementor-size-default\">PARA QUI\u00c9N<\/h3>\t\t\t\t<\/div>\n\t\t\t\t<\/div>\n\t\t\t\t<\/div>\n\t\t<div class=\"elementor-element elementor-element-c8f67f4 e-con-full e-flex e-con e-child\" data-id=\"c8f67f4\" data-element_type=\"container\" data-e-type=\"container\">\n\t\t\t\t<div class=\"elementor-element elementor-element-fc77531 elementor-widget__width-initial elementor-widget elementor-widget-text-editor\" data-id=\"fc77531\" data-element_type=\"widget\" data-e-type=\"widget\" data-widget_type=\"text-editor.default\">\n\t\t\t\t<div class=\"elementor-widget-container\">\n\t\t\t\t\t\t\t\t\t<p>Cada primavera, en toda Francia y Europa, en las regiones, ciudades y pueblos. Nos vemos del 10 al 12 de abril de 2026, con un programa de alcance nacional.<\/p><p>\u00a0<\/p><p>EXPOSICIONES, FERIAS, TALLERES, DEMOSTRACIONES GRATUITAS\u00a0<\/p>\t\t\t\t\t\t\t\t<\/div>\n\t\t\t\t<\/div>\n\t\t\t\t<div class=\"elementor-element elementor-element-37dca60 elementor-widget elementor-widget-button\" data-id=\"37dca60\" data-element_type=\"widget\" data-e-type=\"widget\" data-widget_type=\"button.default\">\n\t\t\t\t<div class=\"elementor-widget-container\">\n\t\t\t\t\t        <div class=\"elementor-button-wrapper\">\n            <a href=\"https:\/\/www.ladepeche.fr\/2026\/01\/08\/artisans-du-pays-midi-quercy-a-vous-de-jouer-13149361.php\" target=\"_blank\" class=\"elementor-button-link elementor-button elementor-size-sm\" role=\"button\">\n                        <span class=\"elementor-button-content-wrapper\">\n\t\t\t            <span class=\"elementor-button-text\">EN LA PRENSA<\/span>\n\t\t<\/span>\n                    <\/a>\n        <\/div>\n        \t\t\t\t<\/div>\n\t\t\t\t<\/div>\n\t\t\t\t<\/div>\n\t\t<div class=\"elementor-element elementor-element-fde2511 e-con-full e-flex e-con e-child\" data-id=\"fde2511\" data-element_type=\"container\" data-e-type=\"container\">\n\t\t\t\t<div class=\"elementor-element elementor-element-39423c5 elementor-widget elementor-widget-text-editor\" data-id=\"39423c5\" data-element_type=\"widget\" data-e-type=\"widget\" data-widget_type=\"text-editor.default\">\n\t\t\t\t<div class=\"elementor-widget-container\">\n\t\t\t\t\t\t\t\t\t<p>\u00a0 El JEMA se dirige a visitantes de todos los \u00e1mbitos: curiosos, aficionados, amantes del arte, coleccionistas, consumidores...\u00a0<\/p>\t\t\t\t\t\t\t\t<\/div>\n\t\t\t\t<\/div>\n\t\t\t\t<\/div>\n\t\t\t\t\t<\/div>\n\t\t\t\t<\/div>\n\t\t<div class=\"elementor-element elementor-element-7bba17c e-con-full e-flex e-con e-parent\" data-id=\"7bba17c\" data-element_type=\"container\" data-e-type=\"container\" data-settings=\"{&quot;background_background&quot;:&quot;classic&quot;}\">\n\t\t<div class=\"elementor-element elementor-element-3643af7 e-con-full e-flex e-con e-child\" data-id=\"3643af7\" data-element_type=\"container\" data-e-type=\"container\" data-settings=\"{&quot;background_background&quot;:&quot;classic&quot;}\">\n\t\t<div class=\"elementor-element elementor-element-62c9c94 e-con-full e-flex e-con e-child\" data-id=\"62c9c94\" data-element_type=\"container\" data-e-type=\"container\">\n\t\t\t\t<div class=\"elementor-element elementor-element-6ee23e5 elementor-widget elementor-widget-heading\" data-id=\"6ee23e5\" data-element_type=\"widget\" data-e-type=\"widget\" data-widget_type=\"heading.default\">\n\t\t\t\t<div class=\"elementor-widget-container\">\n\t\t\t\t\t<h4 class=\"elementor-heading-title elementor-size-default\">M\u00e1s informaci\u00f3n<\/h4>\t\t\t\t<\/div>\n\t\t\t\t<\/div>\n\t\t\t\t<div class=\"elementor-element elementor-element-2d16e4f elementor-widget elementor-widget-heading\" data-id=\"2d16e4f\" data-element_type=\"widget\" data-e-type=\"widget\" data-widget_type=\"heading.default\">\n\t\t\t\t<div class=\"elementor-widget-container\">\n\t\t\t\t\t<h3 class=\"elementor-heading-title elementor-size-default\">Reloj informativo<\/h3>\t\t\t\t<\/div>\n\t\t\t\t<\/div>\n\t\t\t\t<div class=\"elementor-element elementor-element-e5f730d elementor-align-center elementor-widget elementor-widget-winwood-button\" data-id=\"e5f730d\" data-element_type=\"widget\" data-e-type=\"widget\" data-widget_type=\"winwood-button.default\">\n\t\t\t\t<div class=\"elementor-widget-container\">\n\t\t\t\t\t        <div class=\"elementor-button-wrapper\">\n            <a href=\"https:\/\/causses-gorgesaveyron.com\/es\/espacio-pro\/control-de-la-informacion\/\" class=\"elementor-button-link elementor-button default\" role=\"button\">\n                Descubrir            <\/a>\n        <\/div>\n        \t\t\t\t<\/div>\n\t\t\t\t<\/div>\n\t\t\t\t<\/div>\n\t\t\t\t<\/div>\n\t\t<div class=\"elementor-element elementor-element-3f01239 e-con-full e-flex e-con e-child\" data-id=\"3f01239\" data-element_type=\"container\" data-e-type=\"container\" data-settings=\"{&quot;background_background&quot;:&quot;classic&quot;}\">\n\t\t<div class=\"elementor-element elementor-element-7190b75 e-con-full e-flex e-con e-child\" data-id=\"7190b75\" data-element_type=\"container\" data-e-type=\"container\">\n\t\t\t\t<div class=\"elementor-element elementor-element-8505539 elementor-widget elementor-widget-heading\" data-id=\"8505539\" data-element_type=\"widget\" data-e-type=\"widget\" data-widget_type=\"heading.default\">\n\t\t\t\t<div class=\"elementor-widget-container\">\n\t\t\t\t\t<h4 class=\"elementor-heading-title elementor-size-default\">Declare su actividad<\/h4>\t\t\t\t<\/div>\n\t\t\t\t<\/div>\n\t\t\t\t<div class=\"elementor-element elementor-element-618d903 elementor-widget elementor-widget-heading\" data-id=\"618d903\" data-element_type=\"widget\" data-e-type=\"widget\" data-widget_type=\"heading.default\">\n\t\t\t\t<div class=\"elementor-widget-container\">\n\t\t\t\t\t<h3 class=\"elementor-heading-title elementor-size-default\">Tasa tur\u00edstica<\/h3>\t\t\t\t<\/div>\n\t\t\t\t<\/div>\n\t\t\t\t<div class=\"elementor-element elementor-element-93c1f0b elementor-align-center elementor-widget elementor-widget-winwood-button\" data-id=\"93c1f0b\" data-element_type=\"widget\" data-e-type=\"widget\" data-widget_type=\"winwood-button.default\">\n\t\t\t\t<div class=\"elementor-widget-container\">\n\t\t\t\t\t        <div class=\"elementor-button-wrapper\">\n            <a href=\"https:\/\/causses-gorgesaveyron.com\/es\/espacio-pro\/impuesto-turistico\/\" class=\"elementor-button-link elementor-button default\" role=\"button\">\n                Descubrir            <\/a>\n        <\/div>\n        \t\t\t\t<\/div>\n\t\t\t\t<\/div>\n\t\t\t\t<\/div>\n\t\t\t\t<\/div>\n\t\t<div class=\"elementor-element elementor-element-552ef11 e-con-full e-flex e-con e-child\" data-id=\"552ef11\" data-element_type=\"container\" data-e-type=\"container\" data-settings=\"{&quot;background_background&quot;:&quot;classic&quot;}\">\n\t\t<div class=\"elementor-element elementor-element-21151d8 e-con-full e-flex e-con e-child\" data-id=\"21151d8\" data-element_type=\"container\" data-e-type=\"container\">\n\t\t\t\t<div class=\"elementor-element elementor-element-3ed0e27 elementor-widget elementor-widget-heading\" data-id=\"3ed0e27\" data-element_type=\"widget\" data-e-type=\"widget\" data-widget_type=\"heading.default\">\n\t\t\t\t<div class=\"elementor-widget-container\">\n\t\t\t\t\t<h4 class=\"elementor-heading-title elementor-size-default\">Empezar<\/h4>\t\t\t\t<\/div>\n\t\t\t\t<\/div>\n\t\t\t\t<div class=\"elementor-element elementor-element-e2967f8 elementor-widget elementor-widget-heading\" data-id=\"e2967f8\" data-element_type=\"widget\" data-e-type=\"widget\" data-widget_type=\"heading.default\">\n\t\t\t\t<div class=\"elementor-widget-container\">\n\t\t\t\t\t<h3 class=\"elementor-heading-title elementor-size-default\">Patrocinador del proyecto<\/h3>\t\t\t\t<\/div>\n\t\t\t\t<\/div>\n\t\t\t\t<div class=\"elementor-element elementor-element-6be70a1 elementor-align-center elementor-widget elementor-widget-winwood-button\" data-id=\"6be70a1\" data-element_type=\"widget\" data-e-type=\"widget\" data-widget_type=\"winwood-button.default\">\n\t\t\t\t<div class=\"elementor-widget-container\">\n\t\t\t\t\t        <div class=\"elementor-button-wrapper\">\n            <a href=\"https:\/\/causses-gorgesaveyron.com\/es\/espacio-pro\/jefe-de-proyecto\/\" class=\"elementor-button-link elementor-button default\" role=\"button\">\n                Descubrir            <\/a>\n        <\/div>\n        \t\t\t\t<\/div>\n\t\t\t\t<\/div>\n\t\t\t\t<\/div>\n\t\t\t\t<\/div>\n\t\t\t\t<\/div>\n\t\t\t\t<\/div>","protected":false},"excerpt":{"rendered":"<p>JOURN\u00c9ES EUROP\u00c9ENNES DES M\u00c9TIERS D&#8217;ART D\u00e9couvrez les artistes et les artisans d&#8217;art en Pays Midi Quercy Les m\u00e9tiers d&#8217;art sont mis \u00e0 l&#8217;honneur le temps d&#8217;un week-end. Venez d\u00e9couvrir les artisans et les artistes pr\u00e8s de chez vous et participez \u00e0 des ateliers et des d\u00e9monstrations. \u00a0 JOURN\u00c9ES EUROP\u00c9ENNES DES M\u00c9TIERS D&#8217;ART Du 10 au [&hellip;]<\/p>\n","protected":false},"author":6,"featured_media":0,"parent":0,"menu_order":0,"comment_status":"closed","ping_status":"closed","template":"","meta":{"om_disable_all_campaigns":false,"_monsterinsights_skip_tracking":false,"_monsterinsights_sitenote_active":false,"_monsterinsights_sitenote_note":"","_monsterinsights_sitenote_category":0,"footnotes":""},"class_list":["post-8406","page","type-page","status-publish","hentry"],"aioseo_notices":[],"_links":{"self":[{"href":"https:\/\/causses-gorgesaveyron.com\/es\/wp-json\/wp\/v2\/pages\/8406","targetHints":{"allow":["GET"]}}],"collection":[{"href":"https:\/\/causses-gorgesaveyron.com\/es\/wp-json\/wp\/v2\/pages"}],"about":[{"href":"https:\/\/causses-gorgesaveyron.com\/es\/wp-json\/wp\/v2\/types\/page"}],"author":[{"embeddable":true,"href":"https:\/\/causses-gorgesaveyron.com\/es\/wp-json\/wp\/v2\/users\/6"}],"replies":[{"embeddable":true,"href":"https:\/\/causses-gorgesaveyron.com\/es\/wp-json\/wp\/v2\/comments?post=8406"}],"version-history":[{"count":35,"href":"https:\/\/causses-gorgesaveyron.com\/es\/wp-json\/wp\/v2\/pages\/8406\/revisions"}],"predecessor-version":[{"id":9392,"href":"https:\/\/causses-gorgesaveyron.com\/es\/wp-json\/wp\/v2\/pages\/8406\/revisions\/9392"}],"wp:attachment":[{"href":"https:\/\/causses-gorgesaveyron.com\/es\/wp-json\/wp\/v2\/media?parent=8406"}],"curies":[{"name":"wp","href":"https:\/\/api.w.org\/{rel}","templated":true}]}}