{"id":3,"date":"2025-02-18T15:29:53","date_gmt":"2025-02-18T14:29:53","guid":{"rendered":"https:\/\/dev.causses-gorgesaveyron.com\/?page_id=3"},"modified":"2025-10-23T17:51:03","modified_gmt":"2025-10-23T15:51:03","slug":"privacybeleid","status":"publish","type":"page","link":"https:\/\/causses-gorgesaveyron.com\/nl\/politique-de-confidentialite\/","title":{"rendered":"Privacybeleid"},"content":{"rendered":"<div data-elementor-type=\"wp-page\" data-elementor-id=\"3\" class=\"elementor elementor-3\" data-elementor-post-type=\"page\">\n\t\t\t\t<div class=\"elementor-element elementor-element-51925c2 e-con-full e-flex e-con e-parent\" data-id=\"51925c2\" data-element_type=\"container\" data-e-type=\"container\">\n\t\t<div class=\"elementor-element elementor-element-48dd47a e-con-full e-flex e-con e-child\" data-id=\"48dd47a\" data-element_type=\"container\" data-e-type=\"container\" data-settings=\"{&quot;background_background&quot;:&quot;classic&quot;}\">\n\t\t\t\t<div class=\"elementor-element elementor-element-d25f381 elementor-widget elementor-widget-heading\" data-id=\"d25f381\" data-element_type=\"widget\" data-e-type=\"widget\" data-widget_type=\"heading.default\">\n\t\t\t\t<div class=\"elementor-widget-container\">\n\t\t\t\t\t<h1 class=\"elementor-heading-title elementor-size-default\">Privacybeleid<\/h1>\t\t\t\t<\/div>\n\t\t\t\t<\/div>\n\t\t\t\t<\/div>\n\t\t\t\t<\/div>\n\t\t<div class=\"elementor-element elementor-element-4332445 e-flex e-con-boxed e-con e-parent\" data-id=\"4332445\" data-element_type=\"container\" data-e-type=\"container\">\n\t\t\t\t\t<div class=\"e-con-inner\">\n\t\t<div class=\"elementor-element elementor-element-95aff7d e-con-full e-flex e-con e-child\" data-id=\"95aff7d\" data-element_type=\"container\" data-e-type=\"container\">\n\t\t\t\t<div class=\"elementor-element elementor-element-2dbb1c64 elementor-widget elementor-widget-text-editor\" data-id=\"2dbb1c64\" data-element_type=\"widget\" data-e-type=\"widget\" data-widget_type=\"text-editor.default\">\n\t\t\t\t<div class=\"elementor-widget-container\">\n\t\t\t\t\t\t\t\t\t<h3><b>1. Gegevensbeheerder<\/b><\/h3><p><span style=\"font-weight: 400;\">VVV<\/span><span style=\"font-weight: 400;\"><br \/><\/span><span style=\"font-weight: 400;\"> Vestiging van de Gorges de Quercy Rouergue en Aveyron (CCQRG)<\/span><span style=\"font-weight: 400;\"><br \/><\/span><span style=\"font-weight: 400;\"> Place de la Mairie, 82140 Saint-Antonin-Noble-Val<\/span><span style=\"font-weight: 400;\"><br \/><\/span><span style=\"font-weight: 400;\"> SIRET: 24820010700014<\/span><span style=\"font-weight: 400;\"><br \/><\/span><span style=\"font-weight: 400;\"> Telefoon: 05 63 30 63 47<\/span><span style=\"font-weight: 400;\"><br \/><\/span><span style=\"font-weight: 400;\"> E-mail: communication@cc-qrga.fr<\/span><\/p><p><span style=\"font-weight: 400;\">De verantwoordelijke voor de verwerking van persoonsgegevens is Francis Khattou.<\/span><\/p><h3><b>2. Verzamelde gegevens<\/b><\/h3><p><span style=\"font-weight: 400;\">De site kan persoonlijke gegevens verzamelen via :<\/span><\/p><ul><li style=\"font-weight: 400;\" aria-level=\"1\"><span style=\"font-weight: 400;\">Contactformulieren (achternaam, voornaam, e-mailadres, telefoonnummer, gratis bericht)<\/span><\/li><li style=\"font-weight: 400;\" aria-level=\"1\"><span style=\"font-weight: 400;\">Abonnementen op nieuwsbrieven (e-mailadres)<\/span><\/li><li style=\"font-weight: 400;\" aria-level=\"1\"><span style=\"font-weight: 400;\">Verkeersstatistieken van de site (geanonimiseerde technische gegevens)<\/span><\/li><li style=\"font-weight: 400;\" aria-level=\"1\"><span style=\"font-weight: 400;\">Cookies die nodig zijn voor de werking van de site en, indien van toepassing, voor publieksmeting.<\/span><\/li><\/ul><p><span style=\"font-weight: 400;\">Er worden geen gevoelige gegevens verzameld.<\/span><\/p><h3><b>3. Doel van het verzamelen<\/b><\/h3><p><span style=\"font-weight: 400;\">De verzamelde gegevens worden gebruikt voor :<\/span><\/p><ul><li style=\"font-weight: 400;\" aria-level=\"1\"><span style=\"font-weight: 400;\">Reageren op verzoeken van gebruikers<\/span><\/li><li style=\"font-weight: 400;\" aria-level=\"1\"><span style=\"font-weight: 400;\">Stuur toeristische of praktische informatie over de regio<\/span><\/li><li style=\"font-weight: 400;\" aria-level=\"1\"><span style=\"font-weight: 400;\">Registraties voor evenementen en activiteiten beheren<\/span><\/li><li style=\"font-weight: 400;\" aria-level=\"1\"><span style=\"font-weight: 400;\">Zorgen voor administratieve en statistische follow-up van verzoeken<\/span><\/li><li style=\"font-weight: 400;\" aria-level=\"1\"><span style=\"font-weight: 400;\">Het browsen en de aangeboden services verbeteren door bezoekersaantallen te analyseren<\/span><\/li><\/ul><p><span style=\"font-weight: 400;\">Er worden geen gegevens verkocht of doorgegeven aan onbevoegde derden.<\/span><\/p><h3><b>4. Wettelijke basis<\/b><\/h3><p><span style=\"font-weight: 400;\">Behandelingen zijn gebaseerd op :<\/span><\/p><ul><li style=\"font-weight: 400;\" aria-level=\"1\"><span style=\"font-weight: 400;\">Toestemming van de gebruiker (formulieren, nieuwsbrief, optionele cookies)<\/span><\/li><li style=\"font-weight: 400;\" aria-level=\"1\"><span style=\"font-weight: 400;\">Het legitieme belang van de lokale overheid om te reageren op verzoeken om informatie<\/span><\/li><li style=\"font-weight: 400;\" aria-level=\"1\"><span style=\"font-weight: 400;\">Naleving van wettelijke verplichtingen.<\/span><\/li><\/ul><h3><b>5. Houdbaarheid<\/b><\/h3><ul><li style=\"font-weight: 400;\" aria-level=\"1\"><span style=\"font-weight: 400;\">Gegevens uit contactformulieren: 3 jaar vanaf de laatste uitwisseling<\/span><\/li><li style=\"font-weight: 400;\" aria-level=\"1\"><span style=\"font-weight: 400;\">Nieuwsbriefgegevens: totdat de gebruiker zich afmeldt<\/span><\/li><li style=\"font-weight: 400;\" aria-level=\"1\"><span style=\"font-weight: 400;\">Geanonimiseerde technische gegevens: duur vereist voor publieksmeting<\/span><\/li><\/ul><h3><b>6. Individuele rechten<\/b><\/h3><p><span style=\"font-weight: 400;\">In overeenstemming met de General Data Protection Regulation (GDPR) heb je de volgende rechten:<\/span><\/p><ul><li style=\"font-weight: 400;\" aria-level=\"1\"><span style=\"font-weight: 400;\">Recht op toegang, rectificatie en verwijdering van uw gegevens<\/span><\/li><li style=\"font-weight: 400;\" aria-level=\"1\"><span style=\"font-weight: 400;\">Recht om bezwaar te maken tegen de verwerking en deze te beperken<\/span><\/li><li style=\"font-weight: 400;\" aria-level=\"1\"><span style=\"font-weight: 400;\">Recht op overdraagbaarheid van uw gegevens<\/span><\/li><\/ul><p><span style=\"font-weight: 400;\">Om deze rechten uit te oefenen, kunt u contact opnemen met :<\/span><span style=\"font-weight: 400;\"><br \/><\/span><span style=\"font-weight: 400;\"> communication@cc-qrga.fr<\/span><\/p><p><span style=\"font-weight: 400;\">U hebt ook het recht om een klacht in te dienen bij de <\/span><b>CNIL<\/b><span style=\"font-weight: 400;\"> : www.cnil.fr<\/span><\/p><h3><b>7. Cookies<\/b><\/h3><p><span style=\"font-weight: 400;\">De site maakt gebruik van cookies om ervoor te zorgen dat deze naar behoren functioneert. Sommige cookies kunnen worden gebruikt voor publieksmeting.<\/span><span style=\"font-weight: 400;\"><br \/><\/span><span style=\"font-weight: 400;\"> Via een informatiebanner kunnen gebruikers het gebruik van niet-essenti\u00eble cookies accepteren of weigeren.<\/span><span style=\"font-weight: 400;\"><br \/><\/span><span style=\"font-weight: 400;\"> Gebruikers kunnen hun browser ook zo instellen dat cookies worden geblokkeerd of verwijderd.<\/span><\/p><h3><b>8. Beveiliging<\/b><\/h3><p><span style=\"font-weight: 400;\">Er worden technische en organisatorische maatregelen ge\u00efmplementeerd om persoonlijke gegevens te beschermen tegen verlies, ongeautoriseerde toegang of openbaarmaking.<\/span><\/p><h3><b>9. Wijzigingen in het beleid<\/b><\/h3><p><span style=\"font-weight: 400;\">Dit privacybeleid kan te allen tijde worden aangepast aan wettelijke of technische ontwikkelingen.<\/span><\/p>\t\t\t\t\t\t\t\t<\/div>\n\t\t\t\t<\/div>\n\t\t\t\t<\/div>\n\t\t\t\t\t<\/div>\n\t\t\t\t<\/div>\n\t\t\t\t<\/div>","protected":false},"excerpt":{"rendered":"<p>Politique de confidentialit\u00e9 1. Responsable du traitement Office de Tourisme \u00c9tablissement Quercy Rouergue et des Gorges de l\u2019Aveyron (CCQRG) Place de la Mairie, 82140 Saint-Antonin-Noble-Val SIRET : 24820010700014 T\u00e9l\u00e9phone : 05 63 30 63 47 E-mail : communication@cc-qrga.fr Le responsable du traitement des donn\u00e9es \u00e0 caract\u00e8re personnel est Francis Khattou. 2. Donn\u00e9es collect\u00e9es Le site [&hellip;]<\/p>\n","protected":false},"author":1,"featured_media":0,"parent":0,"menu_order":0,"comment_status":"closed","ping_status":"open","template":"","meta":{"om_disable_all_campaigns":false,"_monsterinsights_skip_tracking":false,"_monsterinsights_sitenote_active":false,"_monsterinsights_sitenote_note":"","_monsterinsights_sitenote_category":0,"footnotes":""},"class_list":["post-3","page","type-page","status-publish","hentry"],"aioseo_notices":[],"_links":{"self":[{"href":"https:\/\/causses-gorgesaveyron.com\/nl\/wp-json\/wp\/v2\/pages\/3","targetHints":{"allow":["GET"]}}],"collection":[{"href":"https:\/\/causses-gorgesaveyron.com\/nl\/wp-json\/wp\/v2\/pages"}],"about":[{"href":"https:\/\/causses-gorgesaveyron.com\/nl\/wp-json\/wp\/v2\/types\/page"}],"author":[{"embeddable":true,"href":"https:\/\/causses-gorgesaveyron.com\/nl\/wp-json\/wp\/v2\/users\/1"}],"replies":[{"embeddable":true,"href":"https:\/\/causses-gorgesaveyron.com\/nl\/wp-json\/wp\/v2\/comments?post=3"}],"version-history":[{"count":21,"href":"https:\/\/causses-gorgesaveyron.com\/nl\/wp-json\/wp\/v2\/pages\/3\/revisions"}],"predecessor-version":[{"id":7950,"href":"https:\/\/causses-gorgesaveyron.com\/nl\/wp-json\/wp\/v2\/pages\/3\/revisions\/7950"}],"wp:attachment":[{"href":"https:\/\/causses-gorgesaveyron.com\/nl\/wp-json\/wp\/v2\/media?parent=3"}],"curies":[{"name":"wp","href":"https:\/\/api.w.org\/{rel}","templated":true}]}}