{"id":5613,"date":"2025-07-17T15:59:28","date_gmt":"2025-07-17T13:59:28","guid":{"rendered":"https:\/\/dev.causses-gorgesaveyron.com\/?page_id=5613"},"modified":"2025-10-17T15:06:23","modified_gmt":"2025-10-17T13:06:23","slug":"fauna-en-flora","status":"publish","type":"page","link":"https:\/\/causses-gorgesaveyron.com\/nl\/decouvrez\/faune-et-flore\/","title":{"rendered":"Fauna en flora"},"content":{"rendered":"<div data-elementor-type=\"wp-page\" data-elementor-id=\"5613\" class=\"elementor elementor-5613\" data-elementor-post-type=\"page\">\n\t\t\t\t<div class=\"elementor-element elementor-element-1644e9d e-con-full e-flex e-con e-parent\" data-id=\"1644e9d\" data-element_type=\"container\" data-e-type=\"container\">\n\t\t<div class=\"elementor-element elementor-element-92c35a7 e-flex e-con-boxed e-con e-child\" data-id=\"92c35a7\" data-element_type=\"container\" data-e-type=\"container\" data-settings=\"{&quot;background_background&quot;:&quot;classic&quot;}\">\n\t\t\t\t\t<div class=\"e-con-inner\">\n\t\t\t\t<div class=\"elementor-element elementor-element-04c571b elementor-widget elementor-widget-heading\" data-id=\"04c571b\" data-element_type=\"widget\" data-e-type=\"widget\" data-widget_type=\"heading.default\">\n\t\t\t\t<div class=\"elementor-widget-container\">\n\t\t\t\t\t<h1 class=\"elementor-heading-title elementor-size-default\">Lokale flora en fauna<\/h1>\t\t\t\t<\/div>\n\t\t\t\t<\/div>\n\t\t\t\t<div class=\"elementor-element elementor-element-a0a1a28 elementor-widget elementor-widget-heading\" data-id=\"a0a1a28\" data-element_type=\"widget\" data-e-type=\"widget\" data-widget_type=\"heading.default\">\n\t\t\t\t<div class=\"elementor-widget-container\">\n\t\t\t\t\t<h2 class=\"elementor-heading-title elementor-size-default\">behouden<\/h2>\t\t\t\t<\/div>\n\t\t\t\t<\/div>\n\t\t\t\t<div class=\"elementor-element elementor-element-fa6bb8b elementor-widget elementor-widget-wp-widget-aioseo-breadcrumb-widget\" data-id=\"fa6bb8b\" data-element_type=\"widget\" data-e-type=\"widget\" data-widget_type=\"wp-widget-aioseo-breadcrumb-widget.default\">\n\t\t\t\t<div class=\"elementor-widget-container\">\n\t\t\t\t\t<div class=\"aioseo-breadcrumbs\"><span class=\"aioseo-breadcrumb\">\n\t\t\tWelkom\n\t\t<\/span><\/div>\t\t\t\t<\/div>\n\t\t\t\t<\/div>\n\t\t\t\t\t<\/div>\n\t\t\t\t<\/div>\n\t\t\t\t<\/div>\n\t\t<div class=\"elementor-element elementor-element-f3ef717 e-flex e-con-boxed e-con e-parent\" data-id=\"f3ef717\" data-element_type=\"container\" data-e-type=\"container\" data-settings=\"{&quot;background_background&quot;:&quot;classic&quot;}\">\n\t\t\t\t\t<div class=\"e-con-inner\">\n\t\t\t\t<div class=\"elementor-element elementor-element-06ec6b6 elementor-widget elementor-widget-heading\" data-id=\"06ec6b6\" data-element_type=\"widget\" data-e-type=\"widget\" data-widget_type=\"heading.default\">\n\t\t\t\t<div class=\"elementor-widget-container\">\n\t\t\t\t\t<h2 class=\"elementor-heading-title elementor-size-default\">Behoud van flora en fauna<\/h2>\t\t\t\t<\/div>\n\t\t\t\t<\/div>\n\t\t\t\t<div class=\"elementor-element elementor-element-c94e7e7 elementor-widget elementor-widget-heading\" data-id=\"c94e7e7\" data-element_type=\"widget\" data-e-type=\"widget\" data-widget_type=\"heading.default\">\n\t\t\t\t<div class=\"elementor-widget-container\">\n\t\t\t\t\t<h3 class=\"elementor-heading-title elementor-size-default\">en ontdek<\/h3>\t\t\t\t<\/div>\n\t\t\t\t<\/div>\n\t\t\t\t<div class=\"elementor-element elementor-element-105abbb elementor-widget-divider--view-line elementor-widget elementor-widget-divider\" data-id=\"105abbb\" data-element_type=\"widget\" data-e-type=\"widget\" data-widget_type=\"divider.default\">\n\t\t\t\t<div class=\"elementor-widget-container\">\n\t\t\t\t\t\t\t<div class=\"elementor-divider\">\n\t\t\t<span class=\"elementor-divider-separator\">\n\t\t\t\t\t\t<\/span>\n\t\t<\/div>\n\t\t\t\t\t\t<\/div>\n\t\t\t\t<\/div>\n\t\t\t\t<div class=\"elementor-element elementor-element-33aa3bd elementor-widget elementor-widget-text-editor\" data-id=\"33aa3bd\" data-element_type=\"widget\" data-e-type=\"widget\" data-widget_type=\"text-editor.default\">\n\t\t\t\t<div class=\"elementor-widget-container\">\n\t\t\t\t\t\t\t\t\t<p>De rivier de Aveyron is ontstaan in het naburige departement, maar het is in de Tarn-et-Garonne dat hij al zijn rijkdom onthult. Vier zijrivieren monden uit in de rivier en cre\u00ebren het unieke landschap van de Causses en Gorges de l'Aveyron en haar fauna. Bosuilen, vleermuizen, slechtvalken en libellen zijn slechts enkele van de kleine dieren en insecten die je hier tijdens je verblijf kunt tegenkomen.\u00a0\u00a0<\/p>\t\t\t\t\t\t\t\t<\/div>\n\t\t\t\t<\/div>\n\t\t\t\t\t<\/div>\n\t\t\t\t<\/div>\n\t\t<div class=\"elementor-element elementor-element-4b27213 e-flex e-con-boxed e-con e-parent\" data-id=\"4b27213\" data-element_type=\"container\" data-e-type=\"container\" data-settings=\"{&quot;background_background&quot;:&quot;classic&quot;}\">\n\t\t\t\t\t<div class=\"e-con-inner\">\n\t\t<div class=\"elementor-element elementor-element-c28169d e-con-full e-flex e-con e-child\" data-id=\"c28169d\" data-element_type=\"container\" data-e-type=\"container\">\n\t\t\t\t<div class=\"elementor-element elementor-element-7b02ffe elementor-widget elementor-widget-heading\" data-id=\"7b02ffe\" data-element_type=\"widget\" data-e-type=\"widget\" data-widget_type=\"heading.default\">\n\t\t\t\t<div class=\"elementor-widget-container\">\n\t\t\t\t\t<h3 class=\"elementor-heading-title elementor-size-default\">Ontdek<\/h3>\t\t\t\t<\/div>\n\t\t\t\t<\/div>\n\t\t\t\t<div class=\"elementor-element elementor-element-e2e272b elementor-widget elementor-widget-heading\" data-id=\"e2e272b\" data-element_type=\"widget\" data-e-type=\"widget\" data-widget_type=\"heading.default\">\n\t\t\t\t<div class=\"elementor-widget-container\">\n\t\t\t\t\t<h2 class=\"elementor-heading-title elementor-size-default\">Onze natuurlijke ruimtes<\/h2>\t\t\t\t<\/div>\n\t\t\t\t<\/div>\n\t\t\t\t<div class=\"elementor-element elementor-element-ce2622a elementor-widget-divider--view-line elementor-widget elementor-widget-divider\" data-id=\"ce2622a\" data-element_type=\"widget\" data-e-type=\"widget\" data-widget_type=\"divider.default\">\n\t\t\t\t<div class=\"elementor-widget-container\">\n\t\t\t\t\t\t\t<div class=\"elementor-divider\">\n\t\t\t<span class=\"elementor-divider-separator\">\n\t\t\t\t\t\t<\/span>\n\t\t<\/div>\n\t\t\t\t\t\t<\/div>\n\t\t\t\t<\/div>\n\t\t\t\t<div class=\"elementor-element elementor-element-8ca0cb4 elementor-widget elementor-widget-text-editor\" data-id=\"8ca0cb4\" data-element_type=\"widget\" data-e-type=\"widget\" data-widget_type=\"text-editor.default\">\n\t\t\t\t<div class=\"elementor-widget-container\">\n\t\t\t\t\t\t\t\t\t<p><span style=\"font-weight: 400;\"><strong>De Causses en Gorges de l'Aveyron hebben een uitzonderlijk natuurlijk erfgoed, <\/strong><\/span><strong>die we moeten behouden.<\/strong><\/p><p><span style=\"font-weight: 400;\">ZNIEFF (Zones van Ecologisch, Faunistisch en Floraal Belang) <strong>vertegenwoordigen 50% van de Causses en Gorges de l'Aveyron gebied<\/strong>. <\/span><span style=\"font-weight: 400;\">Deze gebieden staan op de lijst vanwege hun opmerkelijke biodiversiteit.\u00a0<\/span><\/p><p><span style=\"font-weight: 400;\">\u00a0<\/span><\/p><p><span style=\"font-weight: 400;\">Er zijn ook 3 NATURA 2000-gebieden in de regio\u00a0<\/span><\/p><ul><li><strong>Gorges de l'Aveyron\u00a0\u00a0<\/strong><\/li><li><strong>Vallei van de Aveyron\u00a0\u00a0<\/strong><\/li><li><strong>Causse de Gaussou\u00a0<\/strong><\/li><\/ul><p><span style=\"font-weight: 400;\">Deze sites worden op Europees niveau beschermd vanwege hun grote erfgoedwaarde op het gebied van flora en fauna.<\/span><\/p>\t\t\t\t\t\t\t\t<\/div>\n\t\t\t\t<\/div>\n\t\t\t\t<div class=\"elementor-element elementor-element-85ad0d9 elementor-widget elementor-widget-winwood-button\" data-id=\"85ad0d9\" data-element_type=\"widget\" data-e-type=\"widget\" data-widget_type=\"winwood-button.default\">\n\t\t\t\t<div class=\"elementor-widget-container\">\n\t\t\t\t\t        <div class=\"elementor-button-wrapper\">\n            <a href=\"https:\/\/ens.tarnetgaronne.fr\/\" target=\"_blank\" class=\"elementor-button-link elementor-button default\" role=\"button\">\n                Meer informatie            <\/a>\n        <\/div>\n        \t\t\t\t<\/div>\n\t\t\t\t<\/div>\n\t\t\t\t<\/div>\n\t\t<div class=\"elementor-element elementor-element-7fd81b9 e-con-full e-flex e-con e-child\" data-id=\"7fd81b9\" data-element_type=\"container\" data-e-type=\"container\">\n\t\t\t\t<div class=\"elementor-element elementor-element-df27852 elementor-widget elementor-widget-image\" data-id=\"df27852\" data-element_type=\"widget\" data-e-type=\"widget\" data-widget_type=\"image.default\">\n\t\t\t\t<div class=\"elementor-widget-container\">\n\t\t\t\t\t\t\t\t\t\t\t\t\t\t\t\t<a href=\"https:\/\/causses-gorgesaveyron.com\/wp-content\/uploads\/2025\/08\/environnement-1024x724-1.jpeg\" data-elementor-open-lightbox=\"yes\" data-elementor-lightbox-title=\"environnement-1024x724\" data-elementor-lightbox-description=\"Carte  ZNIEFF (Zones d\u2019Int\u00e9r\u00eat \u00c9cologique, Faunistique et Florales) Causses et Gorges Aveyron  (Vall\u00e9e de la Bonette - Cirque de B\u00f4ne - Roc D&#039;Anglars ...)\" data-e-action-hash=\"#elementor-action%3Aaction%3Dlightbox%26settings%3DeyJpZCI6NjIxNywidXJsIjoiaHR0cHM6XC9cL2NhdXNzZXMtZ29yZ2VzYXZleXJvbi5jb21cL3dwLWNvbnRlbnRcL3VwbG9hZHNcLzIwMjVcLzA4XC9lbnZpcm9ubmVtZW50LTEwMjR4NzI0LTEuanBlZyJ9\">\n\t\t\t\t\t\t\t<img fetchpriority=\"high\" decoding=\"async\" width=\"980\" height=\"693\" src=\"https:\/\/causses-gorgesaveyron.com\/wp-content\/uploads\/2025\/08\/environnement-1024x724-1.jpeg\" class=\"attachment-large size-large wp-image-6217\" alt=\"Causses en Gorges Aveyron omgevingskaart\" srcset=\"https:\/\/causses-gorgesaveyron.com\/wp-content\/uploads\/2025\/08\/environnement-1024x724-1.jpeg 1024w, https:\/\/causses-gorgesaveyron.com\/wp-content\/uploads\/2025\/08\/environnement-1024x724-1-300x212.jpeg 300w, https:\/\/causses-gorgesaveyron.com\/wp-content\/uploads\/2025\/08\/environnement-1024x724-1-768x543.jpeg 768w, https:\/\/causses-gorgesaveyron.com\/wp-content\/uploads\/2025\/08\/environnement-1024x724-1-18x12.jpeg 18w\" sizes=\"(max-width: 980px) 100vw, 980px\" \/>\t\t\t\t\t\t\t\t<\/a>\n\t\t\t\t\t\t\t\t\t\t\t\t\t\t\t<\/div>\n\t\t\t\t<\/div>\n\t\t\t\t<\/div>\n\t\t\t\t\t<\/div>\n\t\t\t\t<\/div>\n\t\t<div class=\"elementor-element elementor-element-349b35c e-flex e-con-boxed e-con e-parent\" data-id=\"349b35c\" data-element_type=\"container\" data-e-type=\"container\" data-settings=\"{&quot;background_background&quot;:&quot;classic&quot;}\">\n\t\t\t\t\t<div class=\"e-con-inner\">\n\t\t<div class=\"elementor-element elementor-element-7b564b5 e-con-full e-flex e-con e-child\" data-id=\"7b564b5\" data-element_type=\"container\" data-e-type=\"container\">\n\t\t\t\t<div class=\"elementor-element elementor-element-30fe96e elementor-skin-carousel elementor-arrows-yes elementor-pagination-type-bullets elementor-pagination-position-outside elementor-widget elementor-widget-media-carousel\" data-id=\"30fe96e\" data-element_type=\"widget\" data-e-type=\"widget\" data-settings=\"{&quot;slides_per_view&quot;:&quot;1&quot;,&quot;skin&quot;:&quot;carousel&quot;,&quot;effect&quot;:&quot;slide&quot;,&quot;show_arrows&quot;:&quot;yes&quot;,&quot;pagination&quot;:&quot;bullets&quot;,&quot;speed&quot;:500,&quot;autoplay&quot;:&quot;yes&quot;,&quot;autoplay_speed&quot;:5000,&quot;loop&quot;:&quot;yes&quot;,&quot;pause_on_hover&quot;:&quot;yes&quot;,&quot;pause_on_interaction&quot;:&quot;yes&quot;,&quot;space_between&quot;:{&quot;unit&quot;:&quot;px&quot;,&quot;size&quot;:10,&quot;sizes&quot;:[]},&quot;space_between_tablet&quot;:{&quot;unit&quot;:&quot;px&quot;,&quot;size&quot;:10,&quot;sizes&quot;:[]},&quot;space_between_mobile&quot;:{&quot;unit&quot;:&quot;px&quot;,&quot;size&quot;:10,&quot;sizes&quot;:[]}}\" data-widget_type=\"media-carousel.default\">\n\t\t\t\t<div class=\"elementor-widget-container\">\n\t\t\t\t\t\t\t\t\t<div class=\"elementor-swiper\">\n\t\t\t\t\t<div class=\"elementor-main-swiper swiper\" role=\"region\" aria-roledescription=\"carousel\" aria-label=\"Dia&#039;s\">\n\t\t\t\t<div class=\"swiper-wrapper\">\n\t\t\t\t\t\t\t\t\t\t\t<div class=\"swiper-slide\" role=\"group\" aria-roledescription=\"slide\">\n\t\t\t\t\t\t\t\t\t<div class=\"elementor-carousel-image\" role=\"img\" aria-label=\"otter\" style=\"background-image: url(&#039;https:\/\/causses-gorgesaveyron.com\/wp-content\/uploads\/2025\/08\/otter-1438381_960_720.jpeg&#039;)\">\n\n\t\t\t\n\t\t\t\t\t<\/div>\n\t\t\t\t\t\t\t\t<\/div>\n\t\t\t\t\t\t\t\t\t\t\t<div class=\"swiper-slide\" role=\"group\" aria-roledescription=\"slide\">\n\t\t\t\t\t\t\t\t\t<div class=\"elementor-carousel-image\" role=\"img\" aria-label=\"dsc9586web-copie_orig\" style=\"background-image: url(&#039;https:\/\/causses-gorgesaveyron.com\/wp-content\/uploads\/2025\/08\/dsc9586web-copie_orig.jpeg&#039;)\">\n\n\t\t\t\n\t\t\t\t\t<\/div>\n\t\t\t\t\t\t\t\t<\/div>\n\t\t\t\t\t\t\t\t\t\t\t<div class=\"swiper-slide\" role=\"group\" aria-roledescription=\"slide\">\n\t\t\t\t\t\t\t\t\t<div class=\"elementor-carousel-image\" role=\"img\" aria-label=\"dsc0926-dxo-modifier-web-tv-2048_orig\" style=\"background-image: url(&#039;https:\/\/causses-gorgesaveyron.com\/wp-content\/uploads\/2025\/08\/dsc0926-dxo-modifier-web-tv-2048_orig.jpeg&#039;)\">\n\n\t\t\t\n\t\t\t\t\t<\/div>\n\t\t\t\t\t\t\t\t<\/div>\n\t\t\t\t\t\t\t\t\t<\/div>\n\t\t\t\t\t\t\t\t\t\t\t\t\t\t\t<div class=\"elementor-swiper-button elementor-swiper-button-prev\" role=\"button\" tabindex=\"0\" aria-label=\"Vorige\">\n\t\t\t\t\t\t\t<svg aria-hidden=\"true\" class=\"e-font-icon-svg e-eicon-chevron-left\" viewbox=\"0 0 1000 1000\" xmlns=\"http:\/\/www.w3.org\/2000\/svg\"><path d=\"M646 125C629 125 613 133 604 142L308 442C296 454 292 471 292 487 292 504 296 521 308 533L604 854C617 867 629 875 646 875 663 875 679 871 692 858 704 846 713 829 713 812 713 796 708 779 692 767L438 487 692 225C700 217 708 204 708 187 708 171 704 154 692 142 675 129 663 125 646 125Z\"><\/path><\/svg>\t\t\t\t\t\t<\/div>\n\t\t\t\t\t\t<div class=\"elementor-swiper-button elementor-swiper-button-next\" role=\"button\" tabindex=\"0\" aria-label=\"Volgende\">\n\t\t\t\t\t\t\t<svg aria-hidden=\"true\" class=\"e-font-icon-svg e-eicon-chevron-right\" viewbox=\"0 0 1000 1000\" xmlns=\"http:\/\/www.w3.org\/2000\/svg\"><path d=\"M696 533C708 521 713 504 713 487 713 471 708 454 696 446L400 146C388 133 375 125 354 125 338 125 325 129 313 142 300 154 292 171 292 187 292 204 296 221 308 233L563 492 304 771C292 783 288 800 288 817 288 833 296 850 308 863 321 871 338 875 354 875 371 875 388 867 400 854L696 533Z\"><\/path><\/svg>\t\t\t\t\t\t<\/div>\n\t\t\t\t\t\t\t\t\t\t\t\t\t\t\t\t<div class=\"swiper-pagination\"><\/div>\n\t\t\t\t\t\t\t\t\t\t\t\t<\/div>\n\t\t\t\t<\/div>\n\t\t\t\t\t\t\t\t<\/div>\n\t\t\t\t<\/div>\n\t\t\t\t<\/div>\n\t\t<div class=\"elementor-element elementor-element-05f9cfe e-con-full e-flex e-con e-child\" data-id=\"05f9cfe\" data-element_type=\"container\" data-e-type=\"container\">\n\t\t\t\t<div class=\"elementor-element elementor-element-4c61444 elementor-widget elementor-widget-heading\" data-id=\"4c61444\" data-element_type=\"widget\" data-e-type=\"widget\" data-widget_type=\"heading.default\">\n\t\t\t\t<div class=\"elementor-widget-container\">\n\t\t\t\t\t<h3 class=\"elementor-heading-title elementor-size-default\">De omgeving van wilde dieren<\/h3>\t\t\t\t<\/div>\n\t\t\t\t<\/div>\n\t\t\t\t<div class=\"elementor-element elementor-element-3a9f0ee elementor-widget elementor-widget-heading\" data-id=\"3a9f0ee\" data-element_type=\"widget\" data-e-type=\"widget\" data-widget_type=\"heading.default\">\n\t\t\t\t<div class=\"elementor-widget-container\">\n\t\t\t\t\t<h2 class=\"elementor-heading-title elementor-size-default\">Beschermde soorten<\/h2>\t\t\t\t<\/div>\n\t\t\t\t<\/div>\n\t\t\t\t<div class=\"elementor-element elementor-element-42fa2a6 elementor-widget-divider--view-line elementor-widget elementor-widget-divider\" data-id=\"42fa2a6\" data-element_type=\"widget\" data-e-type=\"widget\" data-widget_type=\"divider.default\">\n\t\t\t\t<div class=\"elementor-widget-container\">\n\t\t\t\t\t\t\t<div class=\"elementor-divider\">\n\t\t\t<span class=\"elementor-divider-separator\">\n\t\t\t\t\t\t<\/span>\n\t\t<\/div>\n\t\t\t\t\t\t<\/div>\n\t\t\t\t<\/div>\n\t\t\t\t<div class=\"elementor-element elementor-element-1d064cc elementor-widget elementor-widget-text-editor\" data-id=\"1d064cc\" data-element_type=\"widget\" data-e-type=\"widget\" data-widget_type=\"text-editor.default\">\n\t\t\t\t<div class=\"elementor-widget-container\">\n\t\t\t\t\t\t\t\t\t<p><strong>Enkele beschermde diersoorten in de Causses en Gorges de l'Aveyron:<\/strong><\/p><p><span style=\"font-weight: 400;\"><strong>Flore<\/strong> : Aster amelle, Sabline des chaumes, Corbeille d'argent \u00e0 gros fruits, Leuz\u00e9e conif\u00e8re, Am\u00e9lanchier, Pistachier t\u00e9r\u00e9binthe, Filaria, Nerprun alaterne, Asperge \u00e0 feuilles piquantes, \u0152illet du Roussillon, Phagnalon sordide, Osyris blanc, Jasmijn struik, Montpellier esdoorn, buxus, jeneverbes, orchidee\u00ebn, martagon lelie, zevenbladige dentitie, rode duiker, lente scilla, tweebladige scilla, guinea fritillary, multiflora salomonszegel, enz.<\/span><\/p><p><span style=\"font-weight: 400;\"><strong>Vogels<\/strong> Slechtvalk, Velduil, Tichodrome \u00e9chelette, Gierzwaluw, Gierzwaluw (zeldzame waarnemingen), IJsvogel, Zwarte Wouw, enz.<\/span><\/p><p><span style=\"font-weight: 400;\"><strong>Zoogdieren<\/strong> Otters, talrijke chiroptera (Schreibers' Minioptera, Petit\/Grand Murin, Rhinolophe euryale), enz.<\/span><\/p><p><span style=\"font-weight: 400;\"><strong>Reptielen en amfibie\u00ebn<\/strong> Aesculapische slang, tweestreephagedis, ridderhagedis, Helvetische slang, ringslang, adderslang, beweeglijke kikker, groene hagedis, tweestreephagedis, zuidelijke boomkikker, enz.<\/span><\/p><p><span style=\"font-weight: 400;\"><strong>Insecten<\/strong> Een grote verscheidenheid aan odonaten, waaronder de gevlekte schildpad, spiermaag, kwik, enz.<\/span><\/p>\t\t\t\t\t\t\t\t<\/div>\n\t\t\t\t<\/div>\n\t\t\t\t<\/div>\n\t\t\t\t\t<\/div>\n\t\t\t\t<\/div>\n\t\t<div class=\"elementor-element elementor-element-295a91b e-flex e-con-boxed e-con e-parent\" data-id=\"295a91b\" data-element_type=\"container\" data-e-type=\"container\" data-settings=\"{&quot;background_background&quot;:&quot;classic&quot;}\">\n\t\t\t\t\t<div class=\"e-con-inner\">\n\t\t\t\t<div class=\"elementor-element elementor-element-d718800 elementor-widget elementor-widget-heading\" data-id=\"d718800\" data-element_type=\"widget\" data-e-type=\"widget\" data-widget_type=\"heading.default\">\n\t\t\t\t<div class=\"elementor-widget-container\">\n\t\t\t\t\t<h3 class=\"elementor-heading-title elementor-size-default\">Onze natuurgebieden<\/h3>\t\t\t\t<\/div>\n\t\t\t\t<\/div>\n\t\t\t\t<div class=\"elementor-element elementor-element-b80f8e8 elementor-widget elementor-widget-heading\" data-id=\"b80f8e8\" data-element_type=\"widget\" data-e-type=\"widget\" data-widget_type=\"heading.default\">\n\t\t\t\t<div class=\"elementor-widget-container\">\n\t\t\t\t\t<h2 class=\"elementor-heading-title elementor-size-default\">Zin in natuur?<\/h2>\t\t\t\t<\/div>\n\t\t\t\t<\/div>\n\t\t\t\t<div class=\"elementor-element elementor-element-3df408a elementor-button-primary elementor-align-center elementor-widget elementor-widget-button\" data-id=\"3df408a\" data-element_type=\"widget\" data-e-type=\"widget\" data-widget_type=\"button.default\">\n\t\t\t\t<div class=\"elementor-widget-container\">\n\t\t\t\t\t        <div class=\"elementor-button-wrapper\">\n            <a href=\"https:\/\/causses-gorgesaveyron.com\/nl\/ontdek\/natuurgebieden\/\" class=\"elementor-button-link elementor-button elementor-size-lg\" role=\"button\">\n                        <span class=\"elementor-button-content-wrapper\">\n\t\t\t            <span class=\"elementor-button-text\">daar gaan we<\/span>\n\t\t<\/span>\n                    <\/a>\n        <\/div>\n        \t\t\t\t<\/div>\n\t\t\t\t<\/div>\n\t\t\t\t\t<\/div>\n\t\t\t\t<\/div>\n\t\t\t\t<\/div>","protected":false},"excerpt":{"rendered":"<p>Faune &amp; Flore locale \u00e0 pr\u00e9server Une faune et une flore \u00e0 pr\u00e9server et \u00e0 d\u00e9couvrir C&#8217;est dans le d\u00e9partement voisin que na\u00eet la rivi\u00e8re Aveyron mais c&#8217;est dans le Tarn-et-Garonne qu&#8217;elle offre toute sa richesse. Dans ce cours d&#8217;eau se jettent quatre affluents, forgeant ainsi le paysage singulier des Causses et Gorges de l&#8217;Aveyron [&hellip;]<\/p>\n","protected":false},"author":3,"featured_media":0,"parent":3236,"menu_order":0,"comment_status":"closed","ping_status":"closed","template":"","meta":{"om_disable_all_campaigns":false,"_monsterinsights_skip_tracking":false,"_monsterinsights_sitenote_active":false,"_monsterinsights_sitenote_note":"","_monsterinsights_sitenote_category":0,"footnotes":""},"class_list":["post-5613","page","type-page","status-publish","hentry"],"aioseo_notices":[],"_links":{"self":[{"href":"https:\/\/causses-gorgesaveyron.com\/nl\/wp-json\/wp\/v2\/pages\/5613","targetHints":{"allow":["GET"]}}],"collection":[{"href":"https:\/\/causses-gorgesaveyron.com\/nl\/wp-json\/wp\/v2\/pages"}],"about":[{"href":"https:\/\/causses-gorgesaveyron.com\/nl\/wp-json\/wp\/v2\/types\/page"}],"author":[{"embeddable":true,"href":"https:\/\/causses-gorgesaveyron.com\/nl\/wp-json\/wp\/v2\/users\/3"}],"replies":[{"embeddable":true,"href":"https:\/\/causses-gorgesaveyron.com\/nl\/wp-json\/wp\/v2\/comments?post=5613"}],"version-history":[{"count":52,"href":"https:\/\/causses-gorgesaveyron.com\/nl\/wp-json\/wp\/v2\/pages\/5613\/revisions"}],"predecessor-version":[{"id":7755,"href":"https:\/\/causses-gorgesaveyron.com\/nl\/wp-json\/wp\/v2\/pages\/5613\/revisions\/7755"}],"up":[{"embeddable":true,"href":"https:\/\/causses-gorgesaveyron.com\/nl\/wp-json\/wp\/v2\/pages\/3236"}],"wp:attachment":[{"href":"https:\/\/causses-gorgesaveyron.com\/nl\/wp-json\/wp\/v2\/media?parent=5613"}],"curies":[{"name":"wp","href":"https:\/\/api.w.org\/{rel}","templated":true}]}}