{"id":6422,"date":"2025-08-21T16:34:45","date_gmt":"2025-08-21T14:34:45","guid":{"rendered":"https:\/\/dev.causses-gorgesaveyron.com\/?page_id=6422"},"modified":"2026-03-30T15:02:59","modified_gmt":"2026-03-30T13:02:59","slug":"ruimte-pro","status":"publish","type":"page","link":"https:\/\/causses-gorgesaveyron.com\/nl\/espace-pro\/","title":{"rendered":"Espace Pro"},"content":{"rendered":"<div data-elementor-type=\"wp-page\" data-elementor-id=\"6422\" class=\"elementor elementor-6422\" data-elementor-post-type=\"page\">\n\t\t\t\t<div class=\"elementor-element elementor-element-b9eb60b e-con-full e-flex e-con e-parent\" data-id=\"b9eb60b\" data-element_type=\"container\" data-e-type=\"container\">\n\t\t<div class=\"elementor-element elementor-element-b85594c e-flex e-con-boxed e-con e-child\" data-id=\"b85594c\" data-element_type=\"container\" data-e-type=\"container\" data-settings=\"{&quot;background_background&quot;:&quot;classic&quot;}\">\n\t\t\t\t\t<div class=\"e-con-inner\">\n\t\t\t\t<div class=\"elementor-element elementor-element-1439ff3 elementor-widget elementor-widget-heading\" data-id=\"1439ff3\" data-element_type=\"widget\" data-e-type=\"widget\" data-widget_type=\"heading.default\">\n\t\t\t\t<div class=\"elementor-widget-container\">\n\t\t\t\t\t<h1 class=\"elementor-heading-title elementor-size-default\">Espace pro<\/h1>\t\t\t\t<\/div>\n\t\t\t\t<\/div>\n\t\t\t\t<div class=\"elementor-element elementor-element-bc5fa90 elementor-widget elementor-widget-heading\" data-id=\"bc5fa90\" data-element_type=\"widget\" data-e-type=\"widget\" data-widget_type=\"heading.default\">\n\t\t\t\t<div class=\"elementor-widget-container\">\n\t\t\t\t\t<h2 class=\"elementor-heading-title elementor-size-default\">Een samenwerkingsruimte voor professionals in toerisme<\/h2>\t\t\t\t<\/div>\n\t\t\t\t<\/div>\n\t\t\t\t\t<\/div>\n\t\t\t\t<\/div>\n\t\t\t\t<\/div>\n\t\t\t\t<section class=\"elementor-section elementor-top-section elementor-element elementor-element-30a903f elementor-section-stretched elementor-section-boxed elementor-section-height-default elementor-section-height-default\" data-id=\"30a903f\" data-element_type=\"section\" data-e-type=\"section\" data-settings=\"{&quot;stretch_section&quot;:&quot;section-stretched&quot;,&quot;background_background&quot;:&quot;classic&quot;}\">\n\t\t\t\t\t\t<div class=\"elementor-container elementor-column-gap-no\">\n\t\t\t\t\t<div class=\"elementor-column elementor-col-100 elementor-top-column elementor-element elementor-element-b371282\" data-id=\"b371282\" data-element_type=\"column\" data-e-type=\"column\">\n\t\t\t<div class=\"elementor-widget-wrap elementor-element-populated\">\n\t\t\t\t\t\t<section class=\"elementor-section elementor-inner-section elementor-element elementor-element-7ca83b0 elementor-section-content-middle elementor-section-boxed elementor-section-height-default elementor-section-height-default\" data-id=\"7ca83b0\" data-element_type=\"section\" data-e-type=\"section\">\n\t\t\t\t\t\t<div class=\"elementor-container elementor-column-gap-no\">\n\t\t\t\t\t<div class=\"elementor-column elementor-col-50 elementor-inner-column elementor-element elementor-element-ab8ec08\" data-id=\"ab8ec08\" data-element_type=\"column\" data-e-type=\"column\">\n\t\t\t<div class=\"elementor-widget-wrap elementor-element-populated\">\n\t\t\t\t\t\t<div class=\"elementor-element elementor-element-c9fcef6 elementor-widget elementor-widget-heading\" data-id=\"c9fcef6\" data-element_type=\"widget\" data-e-type=\"widget\" data-widget_type=\"heading.default\">\n\t\t\t\t<div class=\"elementor-widget-container\">\n\t\t\t\t\t<h2 class=\"elementor-heading-title elementor-size-default\">samenwerken<\/h2>\t\t\t\t<\/div>\n\t\t\t\t<\/div>\n\t\t\t\t<div class=\"elementor-element elementor-element-5a8e279 elementor-widget__width-initial elementor-widget elementor-widget-heading\" data-id=\"5a8e279\" data-element_type=\"widget\" data-e-type=\"widget\" data-widget_type=\"heading.default\">\n\t\t\t\t<div class=\"elementor-widget-container\">\n\t\t\t\t\t<h3 class=\"elementor-heading-title elementor-size-default\">Ruimte\npro<\/h3>\t\t\t\t<\/div>\n\t\t\t\t<\/div>\n\t\t\t\t<div class=\"elementor-element elementor-element-3bbc0a8 elementor-widget-divider--view-line elementor-widget elementor-widget-divider\" data-id=\"3bbc0a8\" data-element_type=\"widget\" data-e-type=\"widget\" data-widget_type=\"divider.default\">\n\t\t\t\t<div class=\"elementor-widget-container\">\n\t\t\t\t\t\t\t<div class=\"elementor-divider\">\n\t\t\t<span class=\"elementor-divider-separator\">\n\t\t\t\t\t\t<\/span>\n\t\t<\/div>\n\t\t\t\t\t\t<\/div>\n\t\t\t\t<\/div>\n\t\t\t\t\t<\/div>\n\t\t<\/div>\n\t\t\t\t<div class=\"elementor-column elementor-col-50 elementor-inner-column elementor-element elementor-element-9f76d5d\" data-id=\"9f76d5d\" data-element_type=\"column\" data-e-type=\"column\">\n\t\t\t<div class=\"elementor-widget-wrap elementor-element-populated\">\n\t\t\t\t\t\t<div class=\"elementor-element elementor-element-a4ff4ff elementor-widget elementor-widget-text-editor\" data-id=\"a4ff4ff\" data-element_type=\"widget\" data-e-type=\"widget\" data-widget_type=\"text-editor.default\">\n\t\t\t\t<div class=\"elementor-widget-container\">\n\t\t\t\t\t\t\t\t\t<p><strong>Logiesverstrekkers, kanoverhuurbedrijven, restauranthouders, winkeliers, verenigingen en aanbieders van algemene toeristische activiteiten, jullie zijn de eerste ambassadeurs van de regio...<\/strong><\/p>\n<p>Nous partageons des valeurs communes et \u0153uvrons pour un d\u00e9veloppement \u00e9conomique et social durable, au service des habitants et des visiteurs.<\/p>\n<p>Een partnerschap met het Office du Tourisme is een geweldige kans voor uw bedrijf om uw vaardigheden te ontwikkelen en nieuwe diensten aan te bieden. U kunt deelnemen aan het toerisme in de regio en profiteren van voordelen die de waarde van uw bedrijf zullen verhogen.<\/p>\t\t\t\t\t\t\t\t<\/div>\n\t\t\t\t<\/div>\n\t\t\t\t\t<\/div>\n\t\t<\/div>\n\t\t\t\t\t<\/div>\n\t\t<\/section>\n\t\t\t\t\t<\/div>\n\t\t<\/div>\n\t\t\t\t\t<\/div>\n\t\t<\/section>\n\t\t<div class=\"elementor-element elementor-element-812698b e-flex e-con-boxed e-con e-parent\" data-id=\"812698b\" data-element_type=\"container\" data-e-type=\"container\">\n\t\t\t\t\t<div class=\"e-con-inner\">\n\t\t\t\t<div class=\"elementor-element elementor-element-69e258f elementor-widget elementor-widget-spacer\" data-id=\"69e258f\" data-element_type=\"widget\" data-e-type=\"widget\" data-widget_type=\"spacer.default\">\n\t\t\t\t<div class=\"elementor-widget-container\">\n\t\t\t\t\t\t\t<div class=\"elementor-spacer\">\n\t\t\t<div class=\"elementor-spacer-inner\"><\/div>\n\t\t<\/div>\n\t\t\t\t\t\t<\/div>\n\t\t\t\t<\/div>\n\t\t\t\t\t<\/div>\n\t\t\t\t<\/div>\n\t\t<div class=\"elementor-element elementor-element-591893e e-flex e-con-boxed e-con e-parent\" data-id=\"591893e\" data-element_type=\"container\" data-e-type=\"container\">\n\t\t\t\t\t<div class=\"e-con-inner\">\n\t\t<div class=\"elementor-element elementor-element-fc3b98b e-con-full e-flex e-con e-child\" data-id=\"fc3b98b\" data-element_type=\"container\" data-e-type=\"container\">\n\t\t\t\t<div class=\"elementor-element elementor-element-1b63bc4 elementor-widget elementor-widget-heading\" data-id=\"1b63bc4\" data-element_type=\"widget\" data-e-type=\"widget\" data-widget_type=\"heading.default\">\n\t\t\t\t<div class=\"elementor-widget-container\">\n\t\t\t\t\t<h2 class=\"elementor-heading-title elementor-size-default\">Waarom een partner zijn? <\/h2>\t\t\t\t<\/div>\n\t\t\t\t<\/div>\n\t\t\t\t<\/div>\n\t\t<div class=\"elementor-element elementor-element-09f7b98 e-con-full e-flex e-con e-child\" data-id=\"09f7b98\" data-element_type=\"container\" data-e-type=\"container\">\n\t\t\t\t<div class=\"elementor-element elementor-element-872c18c elementor-widget elementor-widget-heading\" data-id=\"872c18c\" data-element_type=\"widget\" data-e-type=\"widget\" data-widget_type=\"heading.default\">\n\t\t\t\t<div class=\"elementor-widget-container\">\n\t\t\t\t\t<h2 class=\"elementor-heading-title elementor-size-default\">Hoe kan ik partner worden? <\/h2>\t\t\t\t<\/div>\n\t\t\t\t<\/div>\n\t\t\t\t<\/div>\n\t\t<div class=\"elementor-element elementor-element-c8f67f4 e-con-full e-flex e-con e-child\" data-id=\"c8f67f4\" data-element_type=\"container\" data-e-type=\"container\">\n\t\t\t\t<div class=\"elementor-element elementor-element-fc77531 elementor-widget__width-initial elementor-widget elementor-widget-text-editor\" data-id=\"fc77531\" data-element_type=\"widget\" data-e-type=\"widget\" data-widget_type=\"text-editor.default\">\n\t\t\t\t<div class=\"elementor-widget-container\">\n\t\t\t\t\t\t\t\t\t<p><strong>Ontwikkel je zichtbaarheid<\/strong> Profiteer van een bredere distributie voor uw bedrijf<br \/>en expertise dankzij onze communicatiemiddelen en gekwalificeerde inhoud.<\/p><p><strong>Word lid van een professioneel netwerk<\/strong> Sluit je aan bij een dynamische gemeenschap van dienstverleners<br \/>en een actieve rol spelen in de ontwikkeling van het toerisme in de regio.<\/p><p><strong>Verhoog je profiel<\/strong> : Publiceer uw aanbiedingen, evenementen en gebeurtenissen voor<br \/>profiteren van aanzienlijke spin-offs dankzij onze promotie- en informatiecampagnes.<\/p>\t\t\t\t\t\t\t\t<\/div>\n\t\t\t\t<\/div>\n\t\t\t\t<\/div>\n\t\t<div class=\"elementor-element elementor-element-fde2511 e-con-full e-flex e-con e-child\" data-id=\"fde2511\" data-element_type=\"container\" data-e-type=\"container\">\n\t\t\t\t<div class=\"elementor-element elementor-element-39423c5 elementor-widget elementor-widget-text-editor\" data-id=\"39423c5\" data-element_type=\"widget\" data-e-type=\"widget\" data-widget_type=\"text-editor.default\">\n\t\t\t\t<div class=\"elementor-widget-container\">\n\t\t\t\t\t\t\t\t\t<p><strong>Makkelijker kan niet ... en het is gratis!<\/strong><br \/>- Vul het online formulier in om je partnerschap te valideren (hier beschikbaar)<br \/>\u00b7 Votre adh\u00e9sion gratuite est valable jusqu\u2019au 31\/12\/2026 et inclut de nombreuses<br \/>services om uw zichtbaarheid te optimaliseren en uw organisatie te ondersteunen.<\/p><p><strong>Voor dienstverleners buiten de QRGA-gemeenschap van gemeenten<\/strong><br \/>Het jaarlijkse partnerschap is beschikbaar voor \u20ac50 vanaf de datum van inschrijving.<br \/>Voor communicatie en ondersteunende diensten geldt een toeslag<br \/>van 35%.<\/p>\t\t\t\t\t\t\t\t<\/div>\n\t\t\t\t<\/div>\n\t\t\t\t<\/div>\n\t\t<div class=\"elementor-element elementor-element-5eb564d e-con-full e-flex e-con e-child\" data-id=\"5eb564d\" data-element_type=\"container\" data-e-type=\"container\">\n\t\t\t\t<\/div>\n\t\t\t\t\t<\/div>\n\t\t\t\t<\/div>\n\t\t<div class=\"elementor-element elementor-element-0ae4b53 e-flex e-con-boxed e-con e-parent\" data-id=\"0ae4b53\" data-element_type=\"container\" data-e-type=\"container\">\n\t\t\t\t\t<div class=\"e-con-inner\">\n\t\t\t\t<div class=\"elementor-element elementor-element-6e8aa14 elementor-align-center elementor-widget elementor-widget-winwood-button\" data-id=\"6e8aa14\" data-element_type=\"widget\" data-e-type=\"widget\" data-widget_type=\"winwood-button.default\">\n\t\t\t\t<div class=\"elementor-widget-container\">\n\t\t\t\t\t        <div class=\"elementor-button-wrapper\">\n            <a href=\"https:\/\/causses-gorgesaveyron.com\/wp-content\/uploads\/2020\/03\/Dossier-partenaire-OT-2026.pdf\" target=\"_blank\" class=\"elementor-button-link elementor-button default\" role=\"button\">\n                Het partnerschapsbestand downloaden            <\/a>\n        <\/div>\n        \t\t\t\t<\/div>\n\t\t\t\t<\/div>\n\t\t\t\t<div class=\"elementor-element elementor-element-fb1e74d elementor-align-center elementor-widget elementor-widget-winwood-button\" data-id=\"fb1e74d\" data-element_type=\"widget\" data-e-type=\"widget\" data-widget_type=\"winwood-button.default\">\n\t\t\t\t<div class=\"elementor-widget-container\">\n\t\t\t\t\t        <div class=\"elementor-button-wrapper\">\n            <a href=\"https:\/\/docs.google.com\/forms\/d\/e\/1FAIpQLSeULSmiZwNq-ECTf9itXssbR_9IpmfFaSmCIcEIHO0XbrgsMg\/viewform?usp=header\" target=\"_blank\" class=\"elementor-button-link elementor-button default\" role=\"button\">\n                Devenez Partenaire de l&#039;Office de Tourisme            <\/a>\n        <\/div>\n        \t\t\t\t<\/div>\n\t\t\t\t<\/div>\n\t\t\t\t\t<\/div>\n\t\t\t\t<\/div>\n\t\t<div class=\"elementor-element elementor-element-7bba17c e-con-full e-flex e-con e-parent\" data-id=\"7bba17c\" data-element_type=\"container\" data-e-type=\"container\" data-settings=\"{&quot;background_background&quot;:&quot;classic&quot;}\">\n\t\t<div class=\"elementor-element elementor-element-3643af7 e-con-full e-flex e-con e-child\" data-id=\"3643af7\" data-element_type=\"container\" data-e-type=\"container\" data-settings=\"{&quot;background_background&quot;:&quot;classic&quot;}\">\n\t\t<div class=\"elementor-element elementor-element-62c9c94 e-con-full e-flex e-con e-child\" data-id=\"62c9c94\" data-element_type=\"container\" data-e-type=\"container\">\n\t\t\t\t<div class=\"elementor-element elementor-element-6ee23e5 elementor-widget elementor-widget-heading\" data-id=\"6ee23e5\" data-element_type=\"widget\" data-e-type=\"widget\" data-widget_type=\"heading.default\">\n\t\t\t\t<div class=\"elementor-widget-container\">\n\t\t\t\t\t<h4 class=\"elementor-heading-title elementor-size-default\">meer informatie<\/h4>\t\t\t\t<\/div>\n\t\t\t\t<\/div>\n\t\t\t\t<div class=\"elementor-element elementor-element-2d16e4f elementor-widget elementor-widget-heading\" data-id=\"2d16e4f\" data-element_type=\"widget\" data-e-type=\"widget\" data-widget_type=\"heading.default\">\n\t\t\t\t<div class=\"elementor-widget-container\">\n\t\t\t\t\t<h3 class=\"elementor-heading-title elementor-size-default\">Informatie bekijken<\/h3>\t\t\t\t<\/div>\n\t\t\t\t<\/div>\n\t\t\t\t<div class=\"elementor-element elementor-element-e5f730d elementor-align-center elementor-widget elementor-widget-winwood-button\" data-id=\"e5f730d\" data-element_type=\"widget\" data-e-type=\"widget\" data-widget_type=\"winwood-button.default\">\n\t\t\t\t<div class=\"elementor-widget-container\">\n\t\t\t\t\t        <div class=\"elementor-button-wrapper\">\n            <a href=\"https:\/\/causses-gorgesaveyron.com\/nl\/ruimte-pro\/informatiebewaking\/\" class=\"elementor-button-link elementor-button default\" role=\"button\">\n                Ontdekken            <\/a>\n        <\/div>\n        \t\t\t\t<\/div>\n\t\t\t\t<\/div>\n\t\t\t\t<\/div>\n\t\t\t\t<\/div>\n\t\t<div class=\"elementor-element elementor-element-3f01239 e-con-full e-flex e-con e-child\" data-id=\"3f01239\" data-element_type=\"container\" data-e-type=\"container\" data-settings=\"{&quot;background_background&quot;:&quot;classic&quot;}\">\n\t\t<div class=\"elementor-element elementor-element-7190b75 e-con-full e-flex e-con e-child\" data-id=\"7190b75\" data-element_type=\"container\" data-e-type=\"container\">\n\t\t\t\t<div class=\"elementor-element elementor-element-8505539 elementor-widget elementor-widget-heading\" data-id=\"8505539\" data-element_type=\"widget\" data-e-type=\"widget\" data-widget_type=\"heading.default\">\n\t\t\t\t<div class=\"elementor-widget-container\">\n\t\t\t\t\t<h4 class=\"elementor-heading-title elementor-size-default\">Verklaar je activiteit<\/h4>\t\t\t\t<\/div>\n\t\t\t\t<\/div>\n\t\t\t\t<div class=\"elementor-element elementor-element-618d903 elementor-widget elementor-widget-heading\" data-id=\"618d903\" data-element_type=\"widget\" data-e-type=\"widget\" data-widget_type=\"heading.default\">\n\t\t\t\t<div class=\"elementor-widget-container\">\n\t\t\t\t\t<h3 class=\"elementor-heading-title elementor-size-default\">Toeristenbelasting<\/h3>\t\t\t\t<\/div>\n\t\t\t\t<\/div>\n\t\t\t\t<div class=\"elementor-element elementor-element-93c1f0b elementor-align-center elementor-widget elementor-widget-winwood-button\" data-id=\"93c1f0b\" data-element_type=\"widget\" data-e-type=\"widget\" data-widget_type=\"winwood-button.default\">\n\t\t\t\t<div class=\"elementor-widget-container\">\n\t\t\t\t\t        <div class=\"elementor-button-wrapper\">\n            <a href=\"https:\/\/causses-gorgesaveyron.com\/nl\/ruimte-pro\/toeristenbelasting\/\" class=\"elementor-button-link elementor-button default\" role=\"button\">\n                Ontdekken            <\/a>\n        <\/div>\n        \t\t\t\t<\/div>\n\t\t\t\t<\/div>\n\t\t\t\t<\/div>\n\t\t\t\t<\/div>\n\t\t<div class=\"elementor-element elementor-element-552ef11 e-con-full e-flex e-con e-child\" data-id=\"552ef11\" data-element_type=\"container\" data-e-type=\"container\" data-settings=\"{&quot;background_background&quot;:&quot;classic&quot;}\">\n\t\t<div class=\"elementor-element elementor-element-21151d8 e-con-full e-flex e-con e-child\" data-id=\"21151d8\" data-element_type=\"container\" data-e-type=\"container\">\n\t\t\t\t<div class=\"elementor-element elementor-element-3ed0e27 elementor-widget elementor-widget-heading\" data-id=\"3ed0e27\" data-element_type=\"widget\" data-e-type=\"widget\" data-widget_type=\"heading.default\">\n\t\t\t\t<div class=\"elementor-widget-container\">\n\t\t\t\t\t<h4 class=\"elementor-heading-title elementor-size-default\">Aan de slag<\/h4>\t\t\t\t<\/div>\n\t\t\t\t<\/div>\n\t\t\t\t<div class=\"elementor-element elementor-element-e2967f8 elementor-widget elementor-widget-heading\" data-id=\"e2967f8\" data-element_type=\"widget\" data-e-type=\"widget\" data-widget_type=\"heading.default\">\n\t\t\t\t<div class=\"elementor-widget-container\">\n\t\t\t\t\t<h3 class=\"elementor-heading-title elementor-size-default\">Projectsponsor<\/h3>\t\t\t\t<\/div>\n\t\t\t\t<\/div>\n\t\t\t\t<div class=\"elementor-element elementor-element-6be70a1 elementor-align-center elementor-widget elementor-widget-winwood-button\" data-id=\"6be70a1\" data-element_type=\"widget\" data-e-type=\"widget\" data-widget_type=\"winwood-button.default\">\n\t\t\t\t<div class=\"elementor-widget-container\">\n\t\t\t\t\t        <div class=\"elementor-button-wrapper\">\n            <a href=\"https:\/\/causses-gorgesaveyron.com\/nl\/ruimte-pro\/projectleider\/\" class=\"elementor-button-link elementor-button default\" role=\"button\">\n                Ontdekken            <\/a>\n        <\/div>\n        \t\t\t\t<\/div>\n\t\t\t\t<\/div>\n\t\t\t\t<\/div>\n\t\t\t\t<\/div>\n\t\t\t\t<\/div>\n\t\t<div class=\"elementor-element elementor-element-d43e917 e-flex e-con-boxed e-con e-parent\" data-id=\"d43e917\" data-element_type=\"container\" data-e-type=\"container\">\n\t\t\t\t\t<div class=\"e-con-inner\">\n\t\t\t\t<div class=\"elementor-element elementor-element-e2101ff elementor-widget elementor-widget-spacer\" data-id=\"e2101ff\" data-element_type=\"widget\" data-e-type=\"widget\" data-widget_type=\"spacer.default\">\n\t\t\t\t<div class=\"elementor-widget-container\">\n\t\t\t\t\t\t\t<div class=\"elementor-spacer\">\n\t\t\t<div class=\"elementor-spacer-inner\"><\/div>\n\t\t<\/div>\n\t\t\t\t\t\t<\/div>\n\t\t\t\t<\/div>\n\t\t\t\t\t<\/div>\n\t\t\t\t<\/div>\n\t\t<div class=\"elementor-element elementor-element-75b623f e-flex e-con-boxed e-con e-parent\" data-id=\"75b623f\" data-element_type=\"container\" data-e-type=\"container\" data-settings=\"{&quot;background_background&quot;:&quot;classic&quot;}\">\n\t\t\t\t\t<div class=\"e-con-inner\">\n\t\t\t\t<div class=\"elementor-element elementor-element-8cab2a1 elementor-widget elementor-widget-heading\" data-id=\"8cab2a1\" data-element_type=\"widget\" data-e-type=\"widget\" data-widget_type=\"heading.default\">\n\t\t\t\t<div class=\"elementor-widget-container\">\n\t\t\t\t\t<h3 class=\"elementor-heading-title elementor-size-default\">Het goede leven in het hart van Occitani\u00eb<\/h3>\t\t\t\t<\/div>\n\t\t\t\t<\/div>\n\t\t\t\t<div class=\"elementor-element elementor-element-1419d82 elementor-widget elementor-widget-heading\" data-id=\"1419d82\" data-element_type=\"widget\" data-e-type=\"widget\" data-widget_type=\"heading.default\">\n\t\t\t\t<div class=\"elementor-widget-container\">\n\t\t\t\t\t<h2 class=\"elementor-heading-title elementor-size-default\">Verhuis naar het gebied<\/h2>\t\t\t\t<\/div>\n\t\t\t\t<\/div>\n\t\t\t\t<div class=\"elementor-element elementor-element-a3fbea9 elementor-button-primary elementor-align-center elementor-widget elementor-widget-button\" data-id=\"a3fbea9\" data-element_type=\"widget\" data-e-type=\"widget\" data-widget_type=\"button.default\">\n\t\t\t\t<div class=\"elementor-widget-container\">\n\t\t\t\t\t        <div class=\"elementor-button-wrapper\">\n            <a href=\"https:\/\/lavie-douce.fr\/\" class=\"elementor-button-link elementor-button elementor-size-lg\" role=\"button\">\n                        <span class=\"elementor-button-content-wrapper\">\n\t\t\t            <span class=\"elementor-button-text\">daar gaan we<\/span>\n\t\t<\/span>\n                    <\/a>\n        <\/div>\n        \t\t\t\t<\/div>\n\t\t\t\t<\/div>\n\t\t\t\t\t<\/div>\n\t\t\t\t<\/div>\n\t\t\t\t<\/div>","protected":false},"excerpt":{"rendered":"<p>Espace pro Espace collaboratifau service des professionnels du tourisme collaborer Espace pro H\u00e9bergeurs, loueurs de cano\u00ebs, restaurateurs, commer\u00e7ants, associations et prestataires d\u2019activit\u00e9s touristiques en g\u00e9n\u00e9ra, vous \u00e9tes les premiers ambassadeurs du territoire.. Nous partageons des valeurs communes et \u0153uvrons pour un d\u00e9veloppement \u00e9conomique et social durable, au service des habitants et des visiteurs. Afin de [&hellip;]<\/p>\n","protected":false},"author":6,"featured_media":0,"parent":0,"menu_order":0,"comment_status":"closed","ping_status":"closed","template":"","meta":{"om_disable_all_campaigns":false,"_monsterinsights_skip_tracking":false,"_monsterinsights_sitenote_active":false,"_monsterinsights_sitenote_note":"","_monsterinsights_sitenote_category":0,"footnotes":""},"class_list":["post-6422","page","type-page","status-publish","hentry"],"aioseo_notices":[],"_links":{"self":[{"href":"https:\/\/causses-gorgesaveyron.com\/nl\/wp-json\/wp\/v2\/pages\/6422","targetHints":{"allow":["GET"]}}],"collection":[{"href":"https:\/\/causses-gorgesaveyron.com\/nl\/wp-json\/wp\/v2\/pages"}],"about":[{"href":"https:\/\/causses-gorgesaveyron.com\/nl\/wp-json\/wp\/v2\/types\/page"}],"author":[{"embeddable":true,"href":"https:\/\/causses-gorgesaveyron.com\/nl\/wp-json\/wp\/v2\/users\/6"}],"replies":[{"embeddable":true,"href":"https:\/\/causses-gorgesaveyron.com\/nl\/wp-json\/wp\/v2\/comments?post=6422"}],"version-history":[{"count":87,"href":"https:\/\/causses-gorgesaveyron.com\/nl\/wp-json\/wp\/v2\/pages\/6422\/revisions"}],"predecessor-version":[{"id":9334,"href":"https:\/\/causses-gorgesaveyron.com\/nl\/wp-json\/wp\/v2\/pages\/6422\/revisions\/9334"}],"wp:attachment":[{"href":"https:\/\/causses-gorgesaveyron.com\/nl\/wp-json\/wp\/v2\/media?parent=6422"}],"curies":[{"name":"wp","href":"https:\/\/api.w.org\/{rel}","templated":true}]}}