{"id":6796,"date":"2025-08-25T16:22:46","date_gmt":"2025-08-25T14:22:46","guid":{"rendered":"https:\/\/dev.causses-gorgesaveyron.com\/?page_id=6796"},"modified":"2025-10-22T15:06:43","modified_gmt":"2025-10-22T13:06:43","slug":"projectleider","status":"publish","type":"page","link":"https:\/\/causses-gorgesaveyron.com\/nl\/espace-pro\/porteur-de-projet\/","title":{"rendered":"Projecteigenaren"},"content":{"rendered":"<div data-elementor-type=\"wp-page\" data-elementor-id=\"6796\" class=\"elementor elementor-6796\" data-elementor-post-type=\"page\">\n\t\t\t\t<div class=\"elementor-element elementor-element-380b59f e-flex e-con-boxed e-con e-child\" data-id=\"380b59f\" data-element_type=\"container\" data-e-type=\"container\" data-settings=\"{&quot;background_background&quot;:&quot;classic&quot;}\">\n\t\t\t\t\t<div class=\"e-con-inner\">\n\t\t\t\t<div class=\"elementor-element elementor-element-dbea938 elementor-widget elementor-widget-heading\" data-id=\"dbea938\" data-element_type=\"widget\" data-e-type=\"widget\" data-widget_type=\"heading.default\">\n\t\t\t\t<div class=\"elementor-widget-container\">\n\t\t\t\t\t<h1 class=\"elementor-heading-title elementor-size-default\">Projecteigenaren<\/h1>\t\t\t\t<\/div>\n\t\t\t\t<\/div>\n\t\t\t\t<div class=\"elementor-element elementor-element-faa83e3 elementor-widget elementor-widget-heading\" data-id=\"faa83e3\" data-element_type=\"widget\" data-e-type=\"widget\" data-widget_type=\"heading.default\">\n\t\t\t\t<div class=\"elementor-widget-container\">\n\t\t\t\t\t<h2 class=\"elementor-heading-title elementor-size-default\">Een bedrijf ontwikkelen<\/h2>\t\t\t\t<\/div>\n\t\t\t\t<\/div>\n\t\t\t\t<div class=\"elementor-element elementor-element-b55f492 elementor-widget elementor-widget-wp-widget-aioseo-breadcrumb-widget\" data-id=\"b55f492\" data-element_type=\"widget\" data-e-type=\"widget\" data-widget_type=\"wp-widget-aioseo-breadcrumb-widget.default\">\n\t\t\t\t<div class=\"elementor-widget-container\">\n\t\t\t\t\t<div class=\"aioseo-breadcrumbs\"><span class=\"aioseo-breadcrumb\">\n\t\t\t<a href=\"https:\/\/causses-gorgesaveyron.com\/nl\" title=\"Welkom\">Welkom<\/a>\n\t\t<\/span><span class=\"aioseo-breadcrumb-separator\">\u203a<\/span><span class=\"aioseo-breadcrumb\">\n\t\t\t<a href=\"https:\/\/causses-gorgesaveyron.com\/nl\/espace-pro\/\" title=\"Espace Pro\">Espace Pro<\/a>\n\t\t<\/span><span class=\"aioseo-breadcrumb-separator\">\u203a<\/span><span class=\"aioseo-breadcrumb\">\n\t\t\tProjecteigenaren\n\t\t<\/span><\/div>\t\t\t\t<\/div>\n\t\t\t\t<\/div>\n\t\t\t\t\t<\/div>\n\t\t\t\t<\/div>\n\t\t\t\t<section class=\"elementor-section elementor-top-section elementor-element elementor-element-8142d92 elementor-section-stretched elementor-section-boxed elementor-section-height-default elementor-section-height-default\" data-id=\"8142d92\" data-element_type=\"section\" data-e-type=\"section\" data-settings=\"{&quot;stretch_section&quot;:&quot;section-stretched&quot;,&quot;background_background&quot;:&quot;classic&quot;}\">\n\t\t\t\t\t\t<div class=\"elementor-container elementor-column-gap-no\">\n\t\t\t\t\t<div class=\"elementor-column elementor-col-100 elementor-top-column elementor-element elementor-element-337de66\" data-id=\"337de66\" data-element_type=\"column\" data-e-type=\"column\">\n\t\t\t<div class=\"elementor-widget-wrap elementor-element-populated\">\n\t\t\t\t\t\t<section class=\"elementor-section elementor-inner-section elementor-element elementor-element-b6e77a0 elementor-section-content-middle elementor-section-boxed elementor-section-height-default elementor-section-height-default\" data-id=\"b6e77a0\" data-element_type=\"section\" data-e-type=\"section\">\n\t\t\t\t\t\t<div class=\"elementor-container elementor-column-gap-no\">\n\t\t\t\t\t<div class=\"elementor-column elementor-col-50 elementor-inner-column elementor-element elementor-element-0dae7d1\" data-id=\"0dae7d1\" data-element_type=\"column\" data-e-type=\"column\">\n\t\t\t<div class=\"elementor-widget-wrap elementor-element-populated\">\n\t\t\t\t\t\t<div class=\"elementor-element elementor-element-17fcc55 elementor-widget elementor-widget-heading\" data-id=\"17fcc55\" data-element_type=\"widget\" data-e-type=\"widget\" data-widget_type=\"heading.default\">\n\t\t\t\t<div class=\"elementor-widget-container\">\n\t\t\t\t\t<h3 class=\"elementor-heading-title elementor-size-default\">Een reeks services<\/h3>\t\t\t\t<\/div>\n\t\t\t\t<\/div>\n\t\t\t\t<div class=\"elementor-element elementor-element-705a88d elementor-widget elementor-widget-heading\" data-id=\"705a88d\" data-element_type=\"widget\" data-e-type=\"widget\" data-widget_type=\"heading.default\">\n\t\t\t\t<div class=\"elementor-widget-container\">\n\t\t\t\t\t<h2 class=\"elementor-heading-title elementor-size-default\">Heb je een ondernemersproject?                                                                                                          <\/h2>\t\t\t\t<\/div>\n\t\t\t\t<\/div>\n\t\t\t\t<div class=\"elementor-element elementor-element-aaf75d9 elementor-widget-divider--view-line elementor-widget elementor-widget-divider\" data-id=\"aaf75d9\" data-element_type=\"widget\" data-e-type=\"widget\" data-widget_type=\"divider.default\">\n\t\t\t\t<div class=\"elementor-widget-container\">\n\t\t\t\t\t\t\t<div class=\"elementor-divider\">\n\t\t\t<span class=\"elementor-divider-separator\">\n\t\t\t\t\t\t<\/span>\n\t\t<\/div>\n\t\t\t\t\t\t<\/div>\n\t\t\t\t<\/div>\n\t\t\t\t\t<\/div>\n\t\t<\/div>\n\t\t\t\t<div class=\"elementor-column elementor-col-50 elementor-inner-column elementor-element elementor-element-74b3815\" data-id=\"74b3815\" data-element_type=\"column\" data-e-type=\"column\">\n\t\t\t<div class=\"elementor-widget-wrap elementor-element-populated\">\n\t\t\t\t\t\t<div class=\"elementor-element elementor-element-5118671 elementor-widget elementor-widget-text-editor\" data-id=\"5118671\" data-element_type=\"widget\" data-e-type=\"widget\" data-widget_type=\"text-editor.default\">\n\t\t\t\t<div class=\"elementor-widget-container\">\n\t\t\t\t\t\t\t\t\t<p align=\"LEFT\">Wilt u uw bedrijf ontwikkelen? Het Office du Tourisme de Causses et Gorges de L'Aveyron en de diensten van de Communaut\u00e9 des Communautes de Communes Quercy-Rouergue Gorges de l'Aveyron bieden u verschillende diensten aan om uw project te ondersteunen. Vul het onderstaande formulier in.<\/p>\t\t\t\t\t\t\t\t<\/div>\n\t\t\t\t<\/div>\n\t\t\t\t\t<\/div>\n\t\t<\/div>\n\t\t\t\t\t<\/div>\n\t\t<\/section>\n\t\t\t\t\t<\/div>\n\t\t<\/div>\n\t\t\t\t\t<\/div>\n\t\t<\/section>\n\t\t<div class=\"elementor-element elementor-element-58267c4 e-flex e-con-boxed e-con e-parent\" data-id=\"58267c4\" data-element_type=\"container\" data-e-type=\"container\">\n\t\t\t\t\t<div class=\"e-con-inner\">\n\t\t\t\t<div class=\"elementor-element elementor-element-595e031 elementor-widget elementor-widget-text-editor\" data-id=\"595e031\" data-element_type=\"widget\" data-e-type=\"widget\" data-widget_type=\"text-editor.default\">\n\t\t\t\t<div class=\"elementor-widget-container\">\n\t\t\t\t\t\t\t\t\t<p align=\"LEFT\"><strong>Informatie<\/strong> We kunnen je begeleiden bij een aantal administratieve procedures die specifiek zijn voor toeristische bedrijven en je adviseren op basis van een analyse van de lokale markt.<\/p><p align=\"LEFT\"><strong>Ori\u00ebntatie<\/strong> Wij kunnen u helpen bij het identificeren van mogelijkheden voor financi\u00eble en technische ondersteuning en voor regionale samenwerking.<\/p><p align=\"LEFT\"><strong>Ondersteuning<\/strong> Wij kunnen u helpen bij het vinden van de juiste oplossingen voor land en vastgoed, waardoor uw prospectieproces wordt vereenvoudigd.<\/p><p align=\"LEFT\"><strong>Netwerken<\/strong> We maken het je gemakkelijker om in contact te komen met andere lokale bedrijven en institutionele partners, waardoor je professionele ecosysteem wordt verrijkt.<\/p>\t\t\t\t\t\t\t\t<\/div>\n\t\t\t\t<\/div>\n\t\t\t\t\t<\/div>\n\t\t\t\t<\/div>\n\t\t\t\t<section class=\"elementor-section elementor-top-section elementor-element elementor-element-8bd9e8c elementor-section-stretched elementor-section-boxed elementor-section-height-default elementor-section-height-default\" data-id=\"8bd9e8c\" data-element_type=\"section\" data-e-type=\"section\" data-settings=\"{&quot;stretch_section&quot;:&quot;section-stretched&quot;,&quot;background_background&quot;:&quot;classic&quot;}\">\n\t\t\t\t\t\t<div class=\"elementor-container elementor-column-gap-no\">\n\t\t\t\t\t<div class=\"elementor-column elementor-col-100 elementor-top-column elementor-element elementor-element-eeb1793\" data-id=\"eeb1793\" data-element_type=\"column\" data-e-type=\"column\">\n\t\t\t<div class=\"elementor-widget-wrap elementor-element-populated\">\n\t\t\t\t\t\t<div class=\"elementor-element elementor-element-f4ff5aa elementor-button-primary elementor-align-center elementor-widget elementor-widget-button\" data-id=\"f4ff5aa\" data-element_type=\"widget\" data-e-type=\"widget\" data-widget_type=\"button.default\">\n\t\t\t\t<div class=\"elementor-widget-container\">\n\t\t\t\t\t        <div class=\"elementor-button-wrapper\">\n            <a href=\"https:\/\/forms.office.com\/Pages\/DesignPageV2.aspx?subpage=design&#038;token=26737bb7261747a692e892bad2c91fdb&#038;id=8GJy2pMXc0eK3txhENKOTbUkB8AAC8pEm907kum8J65UOUxYOFYxWjc5VU9UR0NMMDgzRFU3S1c5MC4u\" target=\"_blank\" class=\"elementor-button-link elementor-button elementor-size-lg\" role=\"button\">\n                        <span class=\"elementor-button-content-wrapper\">\n\t\t\t            <span class=\"elementor-button-text\">Maak een afspraak met onze diensten<\/span>\n\t\t<\/span>\n                    <\/a>\n        <\/div>\n        \t\t\t\t<\/div>\n\t\t\t\t<\/div>\n\t\t\t\t\t<\/div>\n\t\t<\/div>\n\t\t\t\t\t<\/div>\n\t\t<\/section>\n\t\t<div class=\"elementor-element elementor-element-015e3eb e-flex e-con-boxed e-con e-parent\" data-id=\"015e3eb\" data-element_type=\"container\" data-e-type=\"container\" data-settings=\"{&quot;background_background&quot;:&quot;classic&quot;}\">\n\t\t\t\t\t<div class=\"e-con-inner\">\n\t\t\t\t<div class=\"elementor-element elementor-element-e583393 elementor-widget elementor-widget-heading\" data-id=\"e583393\" data-element_type=\"widget\" data-e-type=\"widget\" data-widget_type=\"heading.default\">\n\t\t\t\t<div class=\"elementor-widget-container\">\n\t\t\t\t\t<h5 class=\"elementor-heading-title elementor-size-default\">Mis niets<\/h5>\t\t\t\t<\/div>\n\t\t\t\t<\/div>\n\t\t\t\t<div class=\"elementor-element elementor-element-eb3b041 elementor-widget__width-auto elementor-widget elementor-widget-heading\" data-id=\"eb3b041\" data-element_type=\"widget\" data-e-type=\"widget\" data-widget_type=\"heading.default\">\n\t\t\t\t<div class=\"elementor-widget-container\">\n\t\t\t\t\t<h2 class=\"elementor-heading-title elementor-size-default\">De zachte manier van leven in Occitani\u00eb<\/h2>\t\t\t\t<\/div>\n\t\t\t\t<\/div>\n\t\t\t\t<div class=\"elementor-element elementor-element-cc13078 elementor-widget elementor-widget-heading\" data-id=\"cc13078\" data-element_type=\"widget\" data-e-type=\"widget\" data-widget_type=\"heading.default\">\n\t\t\t\t<div class=\"elementor-widget-container\">\n\t\t\t\t\t<h3 class=\"elementor-heading-title elementor-size-default\">Verhuis naar het gebied<\/h3>\t\t\t\t<\/div>\n\t\t\t\t<\/div>\n\t\t\t\t<div class=\"elementor-element elementor-element-f2d873a elementor-widget elementor-widget-winwood-button\" data-id=\"f2d873a\" data-element_type=\"widget\" data-e-type=\"widget\" data-widget_type=\"winwood-button.default\">\n\t\t\t\t<div class=\"elementor-widget-container\">\n\t\t\t\t\t        <div class=\"elementor-button-wrapper\">\n            <a href=\"https:\/\/lavie-douce.fr\/\" target=\"_blank\" class=\"elementor-button-link elementor-button default\" role=\"button\">\n                Meer informatie            <\/a>\n        <\/div>\n        \t\t\t\t<\/div>\n\t\t\t\t<\/div>\n\t\t\t\t\t<\/div>\n\t\t\t\t<\/div>\n\t\t<div class=\"elementor-element elementor-element-7a2e643 e-flex e-con-boxed e-con e-parent\" data-id=\"7a2e643\" data-element_type=\"container\" data-e-type=\"container\" data-settings=\"{&quot;background_background&quot;:&quot;classic&quot;}\">\n\t\t\t\t\t<div class=\"e-con-inner\">\n\t\t\t\t<div class=\"elementor-element elementor-element-79cd6dc elementor-widget elementor-widget-heading\" data-id=\"79cd6dc\" data-element_type=\"widget\" data-e-type=\"widget\" data-widget_type=\"heading.default\">\n\t\t\t\t<div class=\"elementor-widget-container\">\n\t\t\t\t\t<h3 class=\"elementor-heading-title elementor-size-default\">Kunstenaars en ambachtslieden<\/h3>\t\t\t\t<\/div>\n\t\t\t\t<\/div>\n\t\t\t\t<div class=\"elementor-element elementor-element-f10843e elementor-widget elementor-widget-heading\" data-id=\"f10843e\" data-element_type=\"widget\" data-e-type=\"widget\" data-widget_type=\"heading.default\">\n\t\t\t\t<div class=\"elementor-widget-container\">\n\t\t\t\t\t<h2 class=\"elementor-heading-title elementor-size-default\">Wil je onze talenten ontdekken?<\/h2>\t\t\t\t<\/div>\n\t\t\t\t<\/div>\n\t\t\t\t<div class=\"elementor-element elementor-element-c4b35c9 elementor-button-primary elementor-align-center elementor-widget elementor-widget-button\" data-id=\"c4b35c9\" data-element_type=\"widget\" data-e-type=\"widget\" data-widget_type=\"button.default\">\n\t\t\t\t<div class=\"elementor-widget-container\">\n\t\t\t\t\t        <div class=\"elementor-button-wrapper\">\n            <a href=\"https:\/\/causses-gorgesaveyron.com\/nl\/kunstenaars-en-ambachtslieden\/\" class=\"elementor-button-link elementor-button elementor-size-lg\" role=\"button\">\n                        <span class=\"elementor-button-content-wrapper\">\n\t\t\t            <span class=\"elementor-button-text\">daar gaan we<\/span>\n\t\t<\/span>\n                    <\/a>\n        <\/div>\n        \t\t\t\t<\/div>\n\t\t\t\t<\/div>\n\t\t\t\t\t<\/div>\n\t\t\t\t<\/div>\n\t\t\t\t<\/div>","protected":false},"excerpt":{"rendered":"<p>Porteurs de projets D\u00e9velopper une activit\u00e9 Un \u00e9ventail de services Vous avez un projet entreprenarial ? Vous souhaitez d\u00e9velopper votre activit\u00e9 ? L\u2019Office du Tourisme Causses et Gorges de L\u2019Aveyron et les services de la communaut\u00e9 de communes Quercy-Rouergue Gorges de l&#8217;Aveyron vous offrent un \u00e9ventail de services d\u00e9di\u00e9s \u00e0 soutenir votre projet . Merci [&hellip;]<\/p>\n","protected":false},"author":6,"featured_media":0,"parent":6422,"menu_order":0,"comment_status":"closed","ping_status":"closed","template":"","meta":{"om_disable_all_campaigns":false,"_monsterinsights_skip_tracking":false,"_monsterinsights_sitenote_active":false,"_monsterinsights_sitenote_note":"","_monsterinsights_sitenote_category":0,"footnotes":""},"class_list":["post-6796","page","type-page","status-publish","hentry"],"aioseo_notices":[],"_links":{"self":[{"href":"https:\/\/causses-gorgesaveyron.com\/nl\/wp-json\/wp\/v2\/pages\/6796","targetHints":{"allow":["GET"]}}],"collection":[{"href":"https:\/\/causses-gorgesaveyron.com\/nl\/wp-json\/wp\/v2\/pages"}],"about":[{"href":"https:\/\/causses-gorgesaveyron.com\/nl\/wp-json\/wp\/v2\/types\/page"}],"author":[{"embeddable":true,"href":"https:\/\/causses-gorgesaveyron.com\/nl\/wp-json\/wp\/v2\/users\/6"}],"replies":[{"embeddable":true,"href":"https:\/\/causses-gorgesaveyron.com\/nl\/wp-json\/wp\/v2\/comments?post=6796"}],"version-history":[{"count":14,"href":"https:\/\/causses-gorgesaveyron.com\/nl\/wp-json\/wp\/v2\/pages\/6796\/revisions"}],"predecessor-version":[{"id":7844,"href":"https:\/\/causses-gorgesaveyron.com\/nl\/wp-json\/wp\/v2\/pages\/6796\/revisions\/7844"}],"up":[{"embeddable":true,"href":"https:\/\/causses-gorgesaveyron.com\/nl\/wp-json\/wp\/v2\/pages\/6422"}],"wp:attachment":[{"href":"https:\/\/causses-gorgesaveyron.com\/nl\/wp-json\/wp\/v2\/media?parent=6796"}],"curies":[{"name":"wp","href":"https:\/\/api.w.org\/{rel}","templated":true}]}}